{"id":8379,"date":"2023-05-12T10:53:43","date_gmt":"2023-05-12T09:53:43","guid":{"rendered":"https:\/\/ecoanimalhealth.com\/about-us\/"},"modified":"2025-02-27T21:00:14","modified_gmt":"2025-02-27T21:00:14","slug":"about-us","status":"publish","type":"page","link":"https:\/\/ecoanimalhealth.com\/es\/about-us\/","title":{"rendered":"Acerca de la empresa"},"content":{"rendered":"\n<section class=\"hero-section full-bg \" style=\"background-image:url(https:\/\/ecoanimalhealth.com\/wp-content\/uploads\/2023\/07\/pigs_path-2600x1113.jpg);\">\n\t<div class=\"container\">\n\t\t<div class=\"row\">\n\n\t\t\t<div class=\"col-12 waypoint\">\n\t\t\t\t\t\t\t\t<div class=\"text\">\n\t\t\t\t\t\t\t\t\t\t<h2>Qui\u00e9nes somos<\/h2>\n<p>ECO Animal Health es una empresa brit\u00e1nica con presencia global centrada en la provisi\u00f3n de soluciones para combatir enfermedades respiratorias y ent\u00e9ricas en cerdos y aves que tienen un impacto econ\u00f3mico importante. Nuestros productos y conocimientos permiten mejorar la salud y el bienestar de los animales en granjas porcinas y av\u00edcolas.<\/p>\n<p>Nuestro compromiso con nuestros clientes es ofrecer productos de una calidad sistem\u00e1ticamente alta acompa\u00f1ados de la asistencia de nuestros equipos centrados en el cliente.<\/p>\n\t\t\t\t\t\n\t\t\t\t\t\t\t\t\t<\/div>\n\t\t\t\t\n\t\t\t<\/div>\n\t\t\t\n\n\t\t<\/div>\n\t<\/div>\n<\/section>\n\n\n<section class=\"spacer-section large light-grey\">\n<\/section>\n\n\n<section class=\"text-image-cta-section\">\n\t<div class=\"container\">\n\t\t<div class=\"row\">\n\n\t\t\t<div class=\"col-12 col-md-6 text-side waypoint\">\n\n\t\t\t\t\t\t\t\t<h5>Misi\u00f3n, visi\u00f3n y valores de ECO<\/h5>\n<h3>Nuestra misi\u00f3n<\/h3>\n<p>En ECO Animal Health nos esforzamos por ofrecer soluciones excelentes, \u00e9ticas y cient\u00edficamente probadas para mejorar la salud, la productividad y el bienestar de cerdos y aves.<\/p>\n<h3>Nuestra visi\u00f3n<\/h3>\n<p>Nuestro objetivo es llevar a cabo nuestra misi\u00f3n de manera sostenible, trabajando en colaboraci\u00f3n con veterinarios y ganaderos profesionales para aportar valor a todo el sector mejorando la zootecnia en todo el mundo.<\/p>\n\t\t\t\t\t\t\t\t\n\t\t\t\t\t\t\t<\/div>\n\n\t\t\t<div class=\"col-12 col-md-6 cta-side waypoint\">\n\t\t\t\t<div class=\"img-con full-bg\" data-done=\"false\" data-img=\"https:\/\/ecoanimalhealth.com\/wp-content\/uploads\/2023\/08\/our_values_background_2-645x1002.jpg\">\n\t\t\t\t\t\t\t\t\t\t<div class=\"cta-con\">\n\t\t\t\t\t\t\t\t\t\t\t\t<h3>Nuestros valores<\/h3>\n<p>Nuestros valores se condensan en \u00ablas tres ces\u00bb: colaboraci\u00f3n, compromiso y curiosidad.<\/p>\n<ul>\n<li><strong>Colaboraci\u00f3n:<\/strong> reconocemos y respetamos las aportaciones y capacidades de todos. Invertimos en construir relaciones basadas en la confianza.<\/li>\n<li><strong>Compromiso:<\/strong> asumimos el compromiso y la responsabilidad de construir relaciones productivas y duraderas con nuestros clientes internos y externos. Actuamos con la m\u00e1xima profesionalidad y cumplimos nuestras promesas y objetivos.<\/li>\n<li><strong>Curiosidad:<\/strong> nunca dejamos de revisar y mejorar. Innovamos y aprendemos constantemente.<\/li>\n<\/ul>\n\t\t\t\t\t\t\n\t\t\t\t\t\t\t\t\t\t\t<\/div>\n\t\t\t\t\t\t\t\t\t<\/div>\n\t\t\t<\/div>\n\t\t<\/div>\n\t<\/div>\n<\/section>\n\n\n<section class=\"spacer-section large light-grey\">\n<\/section>\n\n\n<section class=\"spacer-section large white\">\n<\/section>\n\n\n<section class=\"title-text-option-3-section\">\n\t<div class=\"container\">\n\t\t<div class=\"row\">\n\n\t\t\t<div class=\"col-12 top-text waypoint\">\n\t\t\t\t\t\t\t\t<h5>Innovaci\u00f3n<\/h5>\n<h3>Como proveedor de soluciones integradas, uno de nuestros objetivos en ECO Animal Health es desarrollar productos biol\u00f3gicos para cerdos y aves que complementen nuestra oferta de tratamientos contra los pat\u00f3genos de mayor impacto.<\/h3>\n\t\t\t\t\t\t\t<\/div>\n\n\t\t\t<div class=\"col-12 col-lg-4 space waypoint\">\n\t\t\t\t<img decoding=\"async\" src=\"https:\/\/ecoanimalhealth.com\/wp-content\/themes\/eco\/assets\/images\/column-side-4.svg\"\/>\n\t\t\t<\/div>\n\t\t\t\n\t\t\t\t\t\t<div class=\"col-12 col-lg-8 other\">\n\t\t\t\t<div class=\"container\">\n\t\t\t\t\t<div class=\"row\">\n\t\t\t\t\t\t\t\t\t\t\t\t\t\t\t\t\t\t\t\t\t\t\t\t\t\t\t\t\t\t<div class=\"col-12 col-md-6 slim waypoint\">\n\t\t\t\t\t\t\t\t\t\t\t\t\t\t<img width=\"507\" height=\"369\" data-done=\"false\" data-img=\"https:\/\/ecoanimalhealth.com\/wp-content\/uploads\/2023\/07\/eggs_research-507x369.jpg\" alt=\"Researcher carrying out test on eggs in a laboratory\">\n\t\t\t\t\t\t\t\t\t\t\t\t\t\t<h4>Proyectos de investigaci\u00f3n<\/h4>\n<p>ECO tambi\u00e9n colabora con instituciones de investigaci\u00f3n para, a partir de tecnolog\u00edas innovadoras, desarrollar una vacuna \u00fanica contra el virus de la enfermedad de Marek (VEM), el virus de la bursitis infecciosa (IBDV), el virus de la enfermedad de Newcastle (VEN) y el virus de la laringotraque\u00edtis infecciosa (VLTI), as\u00ed como crear un nuevo enfoque biofarmac\u00e9utico para el control del virus de la bronquitis infecciosa (VBI).<\/p>\n\t\t\t\t\t\t<\/div>\n\t\t\t\t\t\t\t\t\t\t\t\t\t\t\t\t\t\t\t\t\t\t\t\t\t\t\t\t\t\t\t\t\t\t\t\t<div class=\"col-12 col-md-6 slim waypoint\">\n\t\t\t\t\t\t\t\t\t\t\t\t\t\t<img width=\"507\" height=\"369\" data-done=\"false\" data-img=\"https:\/\/ecoanimalhealth.com\/wp-content\/uploads\/2023\/07\/iStock-1251892829-507x369.jpg\" alt=\"Laboratory team conducting lab tests, wearing protective masks and caps\">\n\t\t\t\t\t\t\t\t\t\t\t\t\t\t<h4>Colaboraciones en el \u00e1mbito de la salud porcina<\/h4>\n<p>Recientemente, ECO ha puesto en marcha una colaboraci\u00f3n para desarrollar nuevos enfoques vacunales para combatir el virus del s\u00edndrome respiratorio y reproductivo porcino (VSRRP).<\/p>\n\t\t\t\t\t\t<\/div>\n\t\t\t\t\t\t\t\t\t\t\t\t\t\t\t\t\t\t\t\t\t\t\t\t\t\t\t\t\t\t\t\t\t\t\t\t<div class=\"col-12 wide waypoint\">\n\t\t\t\t\t\t\t\t\t\t\t\t\t\t<img width=\"1059\" height=\"300\" data-done=\"false\" data-img=\"https:\/\/ecoanimalhealth.com\/wp-content\/uploads\/2023\/09\/About-us-e1693993106829-1059x300.jpg\" alt=\"Smiling father and son farmers talking near tractor on sunny, rural farm, looking away\">\n\t\t\t\t\t\t\t\t\t\t\t\t\t\t<div class=\"text-con\">\n\t\t\t\t\t\t\t\t<h3>Antibi\u00f3ticos innovadores<\/h3>\n<p>Puesto que los cirujanos veterinarios seguir\u00e1n necesitando antibi\u00f3ticos eficaces en el futuro, ECO tiene el compromiso de crear f\u00e1rmacos indicados exclusivamente para animales. Un ejemplo de ellos es el florfenicol, un antibi\u00f3tico espec\u00edfico inyectable de acci\u00f3n prolongada indicado para el porcino bajo prescripci\u00f3n veterinaria que se encuentra en sus primeras fases de desarrollo.<\/p>\n\t\t\t\t\t\t\t<\/div>\n\t\t\t\t\t\t<\/div>\n\t\t\t\t\t\t\t\t\t\t\t\t\t\t\t\t\t<\/div>\n\t\t\t\t<\/div>\n\t\t\t<\/div>\n\t\t\t\n\t\t<\/div>\n\t<\/div>\n<\/section>\n\n\n<section class=\"spacer-section large white\">\n<\/section>\n\n\n<section class=\"spacer-section small light-grey\">\n<\/section>\n\n\n\t<section class=\"pages-section\">\n\t\t<div class=\"container\">\n\t\t\t<div class=\"row\">\n\t\t\t\t\t\t\t\t\t<div class=\"col-12 col-md-6 col-lg-4 cta-text waypoint\">\n\t\t\t\t\t\t<div class=\"inner\">\n\t\t\t\t\t\t\t<a class=\"link-over\" href=\"https:\/\/ecoanimalhealth.com\/es\/solutions_innovation\/\"><\/a>\n\n\t\t\t\t\t\t\t<h4>Soluciones e innovaci\u00f3n<\/h4>\n\n\t\t\t\t\t\t\t<p>Nuestros productos y soluciones innovadores para el sector de la salud animal garantizan la sostenibilidad futura de nuestra empresa, la rentabilidad de su negocio y la salud y bienestar de los animales en granjas porcinas y av\u00edcolas.<\/p>\n\n\t\t\t\t\t\t\t<div class=\"btn-con\">\n\t\t\t\t\t\t\t\t<div class=\"btn\">\n\t\t\t\t\t\t\t\t\t<i>\n\t\t\t\t\t\t\t\t\t\t<svg class=\"arrow-head\" enable-background=\"new 0 0 7 11\" height=\"11\" viewBox=\"0 0 7 11\" width=\"7\" xmlns=\"http:\/\/www.w3.org\/2000\/svg\">\n\t\t\t\t\t\t\t\t\t\t\t<path d=\"m10.59 17.59c-.27 0-.55-.11-.74-.33-.37-.41-.34-1.04.07-1.41l4.17-3.76-4.17-3.76c-.41-.37-.44-1-.07-1.41s1-.44 1.41-.07l5 4.5c.21.19.33.46.33.74s-.12.55-.33.74l-5 4.5c-.19.17-.43.26-.67.26z\" fill=\"#fff\" transform=\"translate(-9.587 -6.587)\" \/>\n\t\t\t\t\t\t\t\t\t\t<\/svg>\n\t\t\t\t\t\t\t\t\t\t<svg class=\"arrow-line\" enable-background=\"new 0 0 16 2\" height=\"2\" viewBox=\"0 0 16 2\" width=\"16\" xmlns=\"http:\/\/www.w3.org\/2000\/svg\">\n\t\t\t\t\t\t\t\t\t\t\t<path d=\"m15 2h-14c-.55 0-1-.45-1-1s.45-1 1-1h14c.55 0 1 .45 1 1s-.45 1-1 1z\" fill=\"#fff\" \/>\n\t\t\t\t\t\t\t\t\t\t<\/svg>\n\t\t\t\t\t\t\t\t\t<\/i>\n\t\t\t\t\t\t\t\t\t<span>M\u00e1s informaci\u00f3n<\/span>\n\t\t\t\t\t\t\t\t<\/div>\n\t\t\t\t\t\t\t<\/div>\n\t\t\t\t\t\t<\/div>\n\t\t\t\t\t<\/div>\n\t\t\t\t\t\t\t\t\t<div class=\"col-12 col-md-6 col-lg-4 cta-text waypoint\">\n\t\t\t\t\t\t<div class=\"inner\">\n\t\t\t\t\t\t\t<a class=\"link-over\" href=\"https:\/\/ecoanimalhealth.com\/es\/investors\/\"><\/a>\n\n\t\t\t\t\t\t\t<h4>Inversores<\/h4>\n\n\t\t\t\t\t\t\t<p>ECO cotiza en el AIM de la LSE.<\/p>\n\n\t\t\t\t\t\t\t<div class=\"btn-con\">\n\t\t\t\t\t\t\t\t<div class=\"btn\">\n\t\t\t\t\t\t\t\t\t<i>\n\t\t\t\t\t\t\t\t\t\t<svg class=\"arrow-head\" enable-background=\"new 0 0 7 11\" height=\"11\" viewBox=\"0 0 7 11\" width=\"7\" xmlns=\"http:\/\/www.w3.org\/2000\/svg\">\n\t\t\t\t\t\t\t\t\t\t\t<path d=\"m10.59 17.59c-.27 0-.55-.11-.74-.33-.37-.41-.34-1.04.07-1.41l4.17-3.76-4.17-3.76c-.41-.37-.44-1-.07-1.41s1-.44 1.41-.07l5 4.5c.21.19.33.46.33.74s-.12.55-.33.74l-5 4.5c-.19.17-.43.26-.67.26z\" fill=\"#fff\" transform=\"translate(-9.587 -6.587)\" \/>\n\t\t\t\t\t\t\t\t\t\t<\/svg>\n\t\t\t\t\t\t\t\t\t\t<svg class=\"arrow-line\" enable-background=\"new 0 0 16 2\" height=\"2\" viewBox=\"0 0 16 2\" width=\"16\" xmlns=\"http:\/\/www.w3.org\/2000\/svg\">\n\t\t\t\t\t\t\t\t\t\t\t<path d=\"m15 2h-14c-.55 0-1-.45-1-1s.45-1 1-1h14c.55 0 1 .45 1 1s-.45 1-1 1z\" fill=\"#fff\" \/>\n\t\t\t\t\t\t\t\t\t\t<\/svg>\n\t\t\t\t\t\t\t\t\t<\/i>\n\t\t\t\t\t\t\t\t\t<span>M\u00e1s informaci\u00f3n<\/span>\n\t\t\t\t\t\t\t\t<\/div>\n\t\t\t\t\t\t\t<\/div>\n\t\t\t\t\t\t<\/div>\n\t\t\t\t\t<\/div>\n\t\t\t\t\t\t\t\t\t<div class=\"col-12 col-md-6 col-lg-4 cta-text waypoint\">\n\t\t\t\t\t\t<div class=\"inner\">\n\t\t\t\t\t\t\t<a class=\"link-over\" href=\"https:\/\/ecoanimalhealth.com\/es\/news\/\"><\/a>\n\n\t\t\t\t\t\t\t<h4>Noticias<\/h4>\n\n\t\t\t\t\t\t\t<p>Informaci\u00f3n adicional y las noticias m\u00e1s recientes.<\/p>\n\n\t\t\t\t\t\t\t<div class=\"btn-con\">\n\t\t\t\t\t\t\t\t<div class=\"btn\">\n\t\t\t\t\t\t\t\t\t<i>\n\t\t\t\t\t\t\t\t\t\t<svg class=\"arrow-head\" enable-background=\"new 0 0 7 11\" height=\"11\" viewBox=\"0 0 7 11\" width=\"7\" xmlns=\"http:\/\/www.w3.org\/2000\/svg\">\n\t\t\t\t\t\t\t\t\t\t\t<path d=\"m10.59 17.59c-.27 0-.55-.11-.74-.33-.37-.41-.34-1.04.07-1.41l4.17-3.76-4.17-3.76c-.41-.37-.44-1-.07-1.41s1-.44 1.41-.07l5 4.5c.21.19.33.46.33.74s-.12.55-.33.74l-5 4.5c-.19.17-.43.26-.67.26z\" fill=\"#fff\" transform=\"translate(-9.587 -6.587)\" \/>\n\t\t\t\t\t\t\t\t\t\t<\/svg>\n\t\t\t\t\t\t\t\t\t\t<svg class=\"arrow-line\" enable-background=\"new 0 0 16 2\" height=\"2\" viewBox=\"0 0 16 2\" width=\"16\" xmlns=\"http:\/\/www.w3.org\/2000\/svg\">\n\t\t\t\t\t\t\t\t\t\t\t<path d=\"m15 2h-14c-.55 0-1-.45-1-1s.45-1 1-1h14c.55 0 1 .45 1 1s-.45 1-1 1z\" fill=\"#fff\" \/>\n\t\t\t\t\t\t\t\t\t\t<\/svg>\n\t\t\t\t\t\t\t\t\t<\/i>\n\t\t\t\t\t\t\t\t\t<span>M\u00e1s informaci\u00f3n<\/span>\n\t\t\t\t\t\t\t\t<\/div>\n\t\t\t\t\t\t\t<\/div>\n\t\t\t\t\t\t<\/div>\n\t\t\t\t\t<\/div>\n\t\t\t\t\t\t\t\t\t\t\t<\/div>\n\t\t<\/div>\n\t<\/section>\n\n\n\n<section class=\"spacer-section small light-grey\">\n<\/section>","protected":false},"excerpt":{"rendered":"<p>ECO: prop\u00f3sito y factores diferenciadores<\/p>\n","protected":false},"author":2,"featured_media":0,"parent":0,"menu_order":1,"comment_status":"closed","ping_status":"closed","template":"","meta":{"_searchwp_excluded":"","inline_featured_image":false,"footnotes":""},"class_list":["post-8379","page","type-page","status-publish","hentry"],"acf":[],"yoast_head":"<!-- This site is optimized with the Yoast SEO plugin v21.3 - https:\/\/yoast.com\/wordpress\/plugins\/seo\/ -->\n<title>Acerca de la empresa - ECO Animal Health<\/title>\n<meta name=\"robots\" content=\"index, follow, max-snippet:-1, max-image-preview:large, max-video-preview:-1\" \/>\n<link rel=\"canonical\" href=\"https:\/\/ecoanimalhealth.com\/es\/about-us\/\" \/>\n<meta property=\"og:locale\" content=\"es_ES\" \/>\n<meta property=\"og:type\" content=\"article\" \/>\n<meta property=\"og:title\" content=\"Acerca de la empresa - ECO Animal Health\" \/>\n<meta property=\"og:description\" content=\"ECO: prop\u00f3sito y factores diferenciadores\" \/>\n<meta property=\"og:url\" content=\"https:\/\/ecoanimalhealth.com\/es\/about-us\/\" \/>\n<meta property=\"og:site_name\" content=\"ECO Animal Health\" \/>\n<meta property=\"article:modified_time\" content=\"2025-02-27T21:00:14+00:00\" \/>\n<meta name=\"twitter:card\" content=\"summary_large_image\" \/>\n<script type=\"application\/ld+json\" class=\"yoast-schema-graph\">{\"@context\":\"https:\/\/schema.org\",\"@graph\":[{\"@type\":\"WebPage\",\"@id\":\"https:\/\/ecoanimalhealth.com\/es\/about-us\/\",\"url\":\"https:\/\/ecoanimalhealth.com\/es\/about-us\/\",\"name\":\"Acerca de la empresa - ECO Animal Health\",\"isPartOf\":{\"@id\":\"https:\/\/ecoanimalhealth.com\/#website\"},\"datePublished\":\"2023-05-12T09:53:43+00:00\",\"dateModified\":\"2025-02-27T21:00:14+00:00\",\"inLanguage\":\"es\",\"potentialAction\":[{\"@type\":\"ReadAction\",\"target\":[\"https:\/\/ecoanimalhealth.com\/es\/about-us\/\"]}]},{\"@type\":\"WebSite\",\"@id\":\"https:\/\/ecoanimalhealth.com\/#website\",\"url\":\"https:\/\/ecoanimalhealth.com\/\",\"name\":\"ECO Animal Health\",\"description\":\"\",\"potentialAction\":[{\"@type\":\"SearchAction\",\"target\":{\"@type\":\"EntryPoint\",\"urlTemplate\":\"https:\/\/ecoanimalhealth.com\/?s={search_term_string}\"},\"query-input\":\"required name=search_term_string\"}],\"inLanguage\":\"es\"}]}<\/script>\n<!-- \/ Yoast SEO plugin. -->","yoast_head_json":{"title":"Acerca de la empresa - ECO Animal Health","robots":{"index":"index","follow":"follow","max-snippet":"max-snippet:-1","max-image-preview":"max-image-preview:large","max-video-preview":"max-video-preview:-1"},"canonical":"https:\/\/ecoanimalhealth.com\/es\/about-us\/","og_locale":"es_ES","og_type":"article","og_title":"Acerca de la empresa - ECO Animal Health","og_description":"ECO: prop\u00f3sito y factores diferenciadores","og_url":"https:\/\/ecoanimalhealth.com\/es\/about-us\/","og_site_name":"ECO Animal Health","article_modified_time":"2025-02-27T21:00:14+00:00","twitter_card":"summary_large_image","schema":{"@context":"https:\/\/schema.org","@graph":[{"@type":"WebPage","@id":"https:\/\/ecoanimalhealth.com\/es\/about-us\/","url":"https:\/\/ecoanimalhealth.com\/es\/about-us\/","name":"Acerca de la empresa - ECO Animal Health","isPartOf":{"@id":"https:\/\/ecoanimalhealth.com\/#website"},"datePublished":"2023-05-12T09:53:43+00:00","dateModified":"2025-02-27T21:00:14+00:00","inLanguage":"es","potentialAction":[{"@type":"ReadAction","target":["https:\/\/ecoanimalhealth.com\/es\/about-us\/"]}]},{"@type":"WebSite","@id":"https:\/\/ecoanimalhealth.com\/#website","url":"https:\/\/ecoanimalhealth.com\/","name":"ECO Animal Health","description":"","potentialAction":[{"@type":"SearchAction","target":{"@type":"EntryPoint","urlTemplate":"https:\/\/ecoanimalhealth.com\/?s={search_term_string}"},"query-input":"required name=search_term_string"}],"inLanguage":"es"}]}},"_links":{"self":[{"href":"https:\/\/ecoanimalhealth.com\/es\/wp-json\/wp\/v2\/pages\/8379","targetHints":{"allow":["GET"]}}],"collection":[{"href":"https:\/\/ecoanimalhealth.com\/es\/wp-json\/wp\/v2\/pages"}],"about":[{"href":"https:\/\/ecoanimalhealth.com\/es\/wp-json\/wp\/v2\/types\/page"}],"author":[{"embeddable":true,"href":"https:\/\/ecoanimalhealth.com\/es\/wp-json\/wp\/v2\/users\/2"}],"replies":[{"embeddable":true,"href":"https:\/\/ecoanimalhealth.com\/es\/wp-json\/wp\/v2\/comments?post=8379"}],"version-history":[{"count":0,"href":"https:\/\/ecoanimalhealth.com\/es\/wp-json\/wp\/v2\/pages\/8379\/revisions"}],"wp:attachment":[{"href":"https:\/\/ecoanimalhealth.com\/es\/wp-json\/wp\/v2\/media?parent=8379"}],"curies":[{"name":"wp","href":"https:\/\/api.w.org\/{rel}","templated":true}]}}