{"id":8407,"date":"2023-05-17T14:16:38","date_gmt":"2023-05-17T13:16:38","guid":{"rendered":"https:\/\/ecoanimalhealth.com\/solutions_innovation\/"},"modified":"2025-02-27T21:10:15","modified_gmt":"2025-02-27T21:10:15","slug":"solutions_innovation","status":"publish","type":"page","link":"https:\/\/ecoanimalhealth.com\/es\/solutions_innovation\/","title":{"rendered":"Soluciones e innovaci\u00f3n"},"content":{"rendered":"\n<section class=\"hero-section full-bg \" style=\"background-image:url(https:\/\/ecoanimalhealth.com\/wp-content\/uploads\/2023\/07\/researcher_hold_pig-e1692884522852-2560x1113.jpg);\">\n\t<div class=\"container\">\n\t\t<div class=\"row\">\n\n\t\t\t<div class=\"col-12 waypoint\">\n\t\t\t\t\t\t\t\t<div class=\"text\">\n\t\t\t\t\t\t\t\t\t\t<h2>Nuestros productos<\/h2>\n<p>Nuestra empresa cuenta con autorizaciones de comercializaci\u00f3n en m\u00e1s de 70 pa\u00edses y planea obtener a\u00fan m\u00e1s en el futuro. Nuestros productos llegan hasta los productores y propietarios de ganado tanto a trav\u00e9s de una diversificada red de distribuci\u00f3n externa, filiales de ECO y <i>joint ventures<\/i> en los principales mercados productores de alimentos, como directamente a grandes integradores mediante un enfoque basado en la gesti\u00f3n de cuentas clave.<\/p>\n\t\t\t\t\t\n\t\t\t\t\t\t\t\t\t<\/div>\n\t\t\t\t\n\t\t\t<\/div>\n\t\t\t\n\n\t\t<\/div>\n\t<\/div>\n<\/section>\n\n\n<section class=\"spacer-section medium light-grey\">\n<\/section>\n\n\n<section class=\"solutions-section\">\n\n\t\t\t<div class=\"col-12 top-text waypoint\">\n\t\t\t<div class=\"inner\">\n\t\t\t\t<h3>Nuestras soluciones<\/h3>\n<p>Seleccione la soluci\u00f3n sobre la que desee obtener m\u00e1s informaci\u00f3n.<\/p>\n\t\t\t<\/div>\n\t\t<\/div>\n\t\n\t<div class=\"col-12 tab-con waypoint\">\n\t\t<div class=\"tab-container\">\n\t\t\t<div class='tabs'>\n\t\t\t\t\t\t\t\t\n\t\t\t\t\t\n\t\t\t\t\t<div class=\"tab active\" rel=\"aivlosin-valosin-es\">\n\t\t\t\t\t\t\t\t\t\t\t\t\t<img decoding=\"async\" src=\"https:\/\/ecoanimalhealth.com\/wp-content\/uploads\/2023\/07\/flock_chicken_2-124x124.jpg\" alt=\"\">\n\t\t\t\t\t\t\t\t\t\t\t\tAivlosin\u00ae\/ Valosin\u00ae\t\t\t\t\t\t<svg enable-background=\"new 0 0 11 7\" height=\"7\" viewBox=\"0 0 11 7\" width=\"11\" xmlns=\"http:\/\/www.w3.org\/2000\/svg\">\n\t\t\t\t\t\t\t<path d=\"m5.43 7c-.28 0-.55-.12-.74-.33l-4.43-4.84c-.37-.41-.34-1.04.06-1.41.41-.37 1.04-.35 1.41.06l3.69 4.04 3.83-4.19c.37-.41 1-.44 1.41-.06.41.37.44 1.01.06 1.41l-4.57 5c-.17.2-.44.32-.72.32z\" fill=\"#006344\" \/>\n\t\t\t\t\t\t<\/svg>\n\t\t\t\t\t<\/div>\n\t\t\t\t\n\t\t\t\t\t\n\t\t\t\t\t<div class=\"tab \" rel=\"parasite-solutions-es\">\n\t\t\t\t\t\t\t\t\t\t\t\t\t<img decoding=\"async\" src=\"https:\/\/ecoanimalhealth.com\/wp-content\/uploads\/2023\/07\/pigs_feeding-124x124.jpg\" alt=\"\">\n\t\t\t\t\t\t\t\t\t\t\t\tSoluciones antiparasitarias\t\t\t\t\t\t<svg enable-background=\"new 0 0 11 7\" height=\"7\" viewBox=\"0 0 11 7\" width=\"11\" xmlns=\"http:\/\/www.w3.org\/2000\/svg\">\n\t\t\t\t\t\t\t<path d=\"m5.43 7c-.28 0-.55-.12-.74-.33l-4.43-4.84c-.37-.41-.34-1.04.06-1.41.41-.37 1.04-.35 1.41.06l3.69 4.04 3.83-4.19c.37-.41 1-.44 1.41-.06.41.37.44 1.01.06 1.41l-4.57 5c-.17.2-.44.32-.72.32z\" fill=\"#006344\" \/>\n\t\t\t\t\t\t<\/svg>\n\t\t\t\t\t<\/div>\n\t\t\t\t\n\t\t\t\t\t\n\t\t\t\t\t<div class=\"tab \" rel=\"innovative-new-products-es\">\n\t\t\t\t\t\t\t\t\t\t\t\t\t<img decoding=\"async\" src=\"https:\/\/ecoanimalhealth.com\/wp-content\/uploads\/2023\/09\/History-unedited-124x124.jpg\" alt=\"\">\n\t\t\t\t\t\t\t\t\t\t\t\tNuevos productos innovadores\t\t\t\t\t\t<svg enable-background=\"new 0 0 11 7\" height=\"7\" viewBox=\"0 0 11 7\" width=\"11\" xmlns=\"http:\/\/www.w3.org\/2000\/svg\">\n\t\t\t\t\t\t\t<path d=\"m5.43 7c-.28 0-.55-.12-.74-.33l-4.43-4.84c-.37-.41-.34-1.04.06-1.41.41-.37 1.04-.35 1.41.06l3.69 4.04 3.83-4.19c.37-.41 1-.44 1.41-.06.41.37.44 1.01.06 1.41l-4.57 5c-.17.2-.44.32-.72.32z\" fill=\"#006344\" \/>\n\t\t\t\t\t\t<\/svg>\n\t\t\t\t\t<\/div>\n\t\t\t\t\t\t\t<\/div>\n\n\t\t\t\t\t\t\n\t\t\t\t<div id=\"aivlosin-valosin-es\" class=\"tab-content active\">\n\t\t\t\t\t<div class=\"inner\">\n\t\t\t\t\t\t<div class=\"container\">\n\t\t\t\t\t\t\t<div class=\"row\">\n\n\t\t\t\t\t\t\t\t\n\t\t\t\t\t\t\t\t\n\t\t\t\t\t\t\t\t\n\t\t\t\t\t\t\t\t\n\t\t\t\t\t\t\t\t\t\n\t\t\t\t\t\t\t\t\t\t\t\t\t\t\t\t\t\t\t\t\n\t\t\t\t\t\t\t\t\t\t<div class=\"col-12 s-item\">\n\t\t\t\t\t\t\t\t\t\t\t<div class=\"inner-inner\">\n\n\t\t\t\t\t\t\t\t\t\t\t\t<a href=\"https:\/\/ecoanimalhealth.com\/es\/solutions\/the-aivlosin-solution\/\"><\/a>\n\n\t\t\t\t\t\t\t\t\t\t\t\t<div class=\"image-side\">\n\t\t\t\t\t\t\t\t\t\t\t\t\t\t\t\t\t\t\t\t\t\t\t\t\t\t\t<div class=\"img-con full-bg\" data-done=\"false\" data-img=\"https:\/\/ecoanimalhealth.com\/wp-content\/uploads\/2023\/07\/flock_chicken_2-507x480.jpg\">\n\t\t\t\t\t\t\t\t\t\t\t\t\t\t\t\t\t\t\t\t\t\t\t\t\t\t\t\t\t<\/div>\n\t\t\t\t\t\t\t\t\t\t\t\t\t\n\t\t\t\t\t\t\t\t\t\t\t\t<\/div>\n\n\t\t\t\t\t\t\t\t\t\t\t\t<div class=\"text-side\">\n\n\t\t\t\t\t\t\t\t\t\t\t\t\t\n\t\t\t\t\t\t\t\t\t\t\t\t\t<h3>Soluciones Aivlosin\u00ae\/Valosin\u00ae<\/h3>\n\t\t\t\t\t\t\t\t\t\t\t\t\t<p><span data-sheets-root=\"1\">Aivlosin\u00ae es un medicamento patentado y autorizado eficaz contra las infecciones respiratorias y ent\u00e9ricas en cerdos y aves. Adem\u00e1s de cumplir las gu\u00edas actuales en materia de uso responsable de los antibi\u00f3ticos y responder a las necesidades de los consumidores m\u00e1s exigentes, este antibi\u00f3tico de \u00faltima generaci\u00f3n es al mismo tiempo econ\u00f3micamente rentable para los productores. Aivlosin\u00ae est\u00e1 disponible mediante prescripci\u00f3n veterinaria.<\/span><\/p>\n\n\t\t\t\t\t\t\t\t\t\t\t\t\t<div class=\"btn-con\">\n\t\t\t\t\t\t\t\t\t\t\t\t\t\t<div class=\"btn\">\n\t\t\t\t\t\t\t\t\t\t\t\t\t\t\t<i>\n\t\t\t\t\t\t\t\t\t\t\t\t\t\t\t\t<svg class=\"arrow-head\" enable-background=\"new 0 0 7 11\" height=\"11\" viewBox=\"0 0 7 11\" width=\"7\" xmlns=\"http:\/\/www.w3.org\/2000\/svg\">\n\t\t\t\t\t\t\t\t\t\t\t\t\t\t\t\t\t<path d=\"m10.59 17.59c-.27 0-.55-.11-.74-.33-.37-.41-.34-1.04.07-1.41l4.17-3.76-4.17-3.76c-.41-.37-.44-1-.07-1.41s1-.44 1.41-.07l5 4.5c.21.19.33.46.33.74s-.12.55-.33.74l-5 4.5c-.19.17-.43.26-.67.26z\" fill=\"#fff\" transform=\"translate(-9.587 -6.587)\" \/>\n\t\t\t\t\t\t\t\t\t\t\t\t\t\t\t\t<\/svg>\n\t\t\t\t\t\t\t\t\t\t\t\t\t\t\t\t<svg class=\"arrow-line\" enable-background=\"new 0 0 16 2\" height=\"2\" viewBox=\"0 0 16 2\" width=\"16\" xmlns=\"http:\/\/www.w3.org\/2000\/svg\">\n\t\t\t\t\t\t\t\t\t\t\t\t\t\t\t\t\t<path d=\"m15 2h-14c-.55 0-1-.45-1-1s.45-1 1-1h14c.55 0 1 .45 1 1s-.45 1-1 1z\" fill=\"#fff\" \/>\n\t\t\t\t\t\t\t\t\t\t\t\t\t\t\t\t<\/svg>\n\t\t\t\t\t\t\t\t\t\t\t\t\t\t\t<\/i>\n\t\t\t\t\t\t\t\t\t\t\t\t\t\t\t<span>M\u00e1s informaci\u00f3n<\/span>\n\t\t\t\t\t\t\t\t\t\t\t\t\t\t<\/div>\n\t\t\t\t\t\t\t\t\t\t\t\t\t<\/div>\n\n\n\t\t\t\t\t\t\t\t\t\t\t\t<\/div>\n\t\t\t\t\t\t\t\t\t\t\t<\/div>\n\t\t\t\t\t\t\t\t\t\t<\/div>\n\n\t\t\t\t\t\t\t\t\t\t\t\t\t\t\t\t\t\t\t\t\t\t\t\t\t\t\t\t\t\t\t\t\t\t\t\t\t\t\t\t\t\t<\/div>\n\t\t\t\t\t\t<\/div>\n\t\t\t\t\t<\/div>\n\t\t\t\t<\/div>\n\n\t\t\t\n\t\t\t\t<div id=\"parasite-solutions-es\" class=\"tab-content \">\n\t\t\t\t\t<div class=\"inner\">\n\t\t\t\t\t\t<div class=\"container\">\n\t\t\t\t\t\t\t<div class=\"row\">\n\n\t\t\t\t\t\t\t\t\n\t\t\t\t\t\t\t\t\n\t\t\t\t\t\t\t\t\n\t\t\t\t\t\t\t\t\n\t\t\t\t\t\t\t\t\t\n\t\t\t\t\t\t\t\t\t\t\t\t\t\t\t\t\t\t\t\t\n\t\t\t\t\t\t\t\t\t\t<div class=\"col-12 s-item\">\n\t\t\t\t\t\t\t\t\t\t\t<div class=\"inner-inner\">\n\n\t\t\t\t\t\t\t\t\t\t\t\t<a href=\"https:\/\/ecoanimalhealth.com\/es\/solutions\/parasite-solutions\/\"><\/a>\n\n\t\t\t\t\t\t\t\t\t\t\t\t<div class=\"image-side\">\n\t\t\t\t\t\t\t\t\t\t\t\t\t\t\t\t\t\t\t\t\t\t\t\t\t\t\t<div class=\"img-con full-bg\" data-done=\"false\" data-img=\"https:\/\/ecoanimalhealth.com\/wp-content\/uploads\/2023\/07\/pigs_feeding-507x480.jpg\">\n\t\t\t\t\t\t\t\t\t\t\t\t\t\t\t\t\t\t\t\t\t\t\t\t\t\t\t\t\t<\/div>\n\t\t\t\t\t\t\t\t\t\t\t\t\t\n\t\t\t\t\t\t\t\t\t\t\t\t<\/div>\n\n\t\t\t\t\t\t\t\t\t\t\t\t<div class=\"text-side\">\n\n\t\t\t\t\t\t\t\t\t\t\t\t\t\n\t\t\t\t\t\t\t\t\t\t\t\t\t<h3>Soluciones antiparasitarias<\/h3>\n\t\t\t\t\t\t\t\t\t\t\t\t\t<p>Los par\u00e1sitos externos e internos pueden provocar diversos problemas de salud en todo tipo de animales.<\/p>\n<p>ECO Animal Health ofrece una completa gama de productos para el tratamiento de los par\u00e1sitos del ganado bovino, ovino y porcino bajo el nombre comercial Ecomectin\u00ae.<\/p>\n\n\t\t\t\t\t\t\t\t\t\t\t\t\t<div class=\"btn-con\">\n\t\t\t\t\t\t\t\t\t\t\t\t\t\t<div class=\"btn\">\n\t\t\t\t\t\t\t\t\t\t\t\t\t\t\t<i>\n\t\t\t\t\t\t\t\t\t\t\t\t\t\t\t\t<svg class=\"arrow-head\" enable-background=\"new 0 0 7 11\" height=\"11\" viewBox=\"0 0 7 11\" width=\"7\" xmlns=\"http:\/\/www.w3.org\/2000\/svg\">\n\t\t\t\t\t\t\t\t\t\t\t\t\t\t\t\t\t<path d=\"m10.59 17.59c-.27 0-.55-.11-.74-.33-.37-.41-.34-1.04.07-1.41l4.17-3.76-4.17-3.76c-.41-.37-.44-1-.07-1.41s1-.44 1.41-.07l5 4.5c.21.19.33.46.33.74s-.12.55-.33.74l-5 4.5c-.19.17-.43.26-.67.26z\" fill=\"#fff\" transform=\"translate(-9.587 -6.587)\" \/>\n\t\t\t\t\t\t\t\t\t\t\t\t\t\t\t\t<\/svg>\n\t\t\t\t\t\t\t\t\t\t\t\t\t\t\t\t<svg class=\"arrow-line\" enable-background=\"new 0 0 16 2\" height=\"2\" viewBox=\"0 0 16 2\" width=\"16\" xmlns=\"http:\/\/www.w3.org\/2000\/svg\">\n\t\t\t\t\t\t\t\t\t\t\t\t\t\t\t\t\t<path d=\"m15 2h-14c-.55 0-1-.45-1-1s.45-1 1-1h14c.55 0 1 .45 1 1s-.45 1-1 1z\" fill=\"#fff\" \/>\n\t\t\t\t\t\t\t\t\t\t\t\t\t\t\t\t<\/svg>\n\t\t\t\t\t\t\t\t\t\t\t\t\t\t\t<\/i>\n\t\t\t\t\t\t\t\t\t\t\t\t\t\t\t<span>M\u00e1s informaci\u00f3n<\/span>\n\t\t\t\t\t\t\t\t\t\t\t\t\t\t<\/div>\n\t\t\t\t\t\t\t\t\t\t\t\t\t<\/div>\n\n\n\t\t\t\t\t\t\t\t\t\t\t\t<\/div>\n\t\t\t\t\t\t\t\t\t\t\t<\/div>\n\t\t\t\t\t\t\t\t\t\t<\/div>\n\n\t\t\t\t\t\t\t\t\t\t\t\t\t\t\t\t\t\t\t\t\t\t\t\t\t\t\t\t\t\t\t\t\t\t\t\t\t\t\t\t\t\t<\/div>\n\t\t\t\t\t\t<\/div>\n\t\t\t\t\t<\/div>\n\t\t\t\t<\/div>\n\n\t\t\t\n\t\t\t\t<div id=\"innovative-new-products-es\" class=\"tab-content \">\n\t\t\t\t\t<div class=\"inner\">\n\t\t\t\t\t\t<div class=\"container\">\n\t\t\t\t\t\t\t<div class=\"row\">\n\n\t\t\t\t\t\t\t\t\n\t\t\t\t\t\t\t\t\n\t\t\t\t\t\t\t\t\n\t\t\t\t\t\t\t\t\n\t\t\t\t\t\t\t\t\t\n\t\t\t\t\t\t\t\t\t\t\t\t\t\t\t\t\t\t\t\t\n\t\t\t\t\t\t\t\t\t\t<div class=\"col-12 s-item\">\n\t\t\t\t\t\t\t\t\t\t\t<div class=\"inner-inner\">\n\n\t\t\t\t\t\t\t\t\t\t\t\t<a href=\"https:\/\/ecoanimalhealth.com\/es\/solutions\/new-products\/\"><\/a>\n\n\t\t\t\t\t\t\t\t\t\t\t\t<div class=\"image-side\">\n\t\t\t\t\t\t\t\t\t\t\t\t\t\t\t\t\t\t\t\t\t\t\t\t\t\t\t<div class=\"img-con full-bg\" data-done=\"false\" data-img=\"https:\/\/ecoanimalhealth.com\/wp-content\/uploads\/2023\/09\/History-unedited-507x480.jpg\">\n\t\t\t\t\t\t\t\t\t\t\t\t\t\t\t\t\t\t\t\t\t\t\t\t\t\t\t\t\t<\/div>\n\t\t\t\t\t\t\t\t\t\t\t\t\t\n\t\t\t\t\t\t\t\t\t\t\t\t<\/div>\n\n\t\t\t\t\t\t\t\t\t\t\t\t<div class=\"text-side\">\n\n\t\t\t\t\t\t\t\t\t\t\t\t\t\n\t\t\t\t\t\t\t\t\t\t\t\t\t<h3>Nuevos productos innovadores<\/h3>\n\t\t\t\t\t\t\t\t\t\t\t\t\t<p><span data-sheets-root=\"1\">ECO Animal Health investiga y desarrolla proactivamente soluciones nuevas e innovadoras para mejorar las condiciones de vida de los animales en granjas porcinas y av\u00edcolas.<\/span><\/p>\n\n\t\t\t\t\t\t\t\t\t\t\t\t\t<div class=\"btn-con\">\n\t\t\t\t\t\t\t\t\t\t\t\t\t\t<div class=\"btn\">\n\t\t\t\t\t\t\t\t\t\t\t\t\t\t\t<i>\n\t\t\t\t\t\t\t\t\t\t\t\t\t\t\t\t<svg class=\"arrow-head\" enable-background=\"new 0 0 7 11\" height=\"11\" viewBox=\"0 0 7 11\" width=\"7\" xmlns=\"http:\/\/www.w3.org\/2000\/svg\">\n\t\t\t\t\t\t\t\t\t\t\t\t\t\t\t\t\t<path d=\"m10.59 17.59c-.27 0-.55-.11-.74-.33-.37-.41-.34-1.04.07-1.41l4.17-3.76-4.17-3.76c-.41-.37-.44-1-.07-1.41s1-.44 1.41-.07l5 4.5c.21.19.33.46.33.74s-.12.55-.33.74l-5 4.5c-.19.17-.43.26-.67.26z\" fill=\"#fff\" transform=\"translate(-9.587 -6.587)\" \/>\n\t\t\t\t\t\t\t\t\t\t\t\t\t\t\t\t<\/svg>\n\t\t\t\t\t\t\t\t\t\t\t\t\t\t\t\t<svg class=\"arrow-line\" enable-background=\"new 0 0 16 2\" height=\"2\" viewBox=\"0 0 16 2\" width=\"16\" xmlns=\"http:\/\/www.w3.org\/2000\/svg\">\n\t\t\t\t\t\t\t\t\t\t\t\t\t\t\t\t\t<path d=\"m15 2h-14c-.55 0-1-.45-1-1s.45-1 1-1h14c.55 0 1 .45 1 1s-.45 1-1 1z\" fill=\"#fff\" \/>\n\t\t\t\t\t\t\t\t\t\t\t\t\t\t\t\t<\/svg>\n\t\t\t\t\t\t\t\t\t\t\t\t\t\t\t<\/i>\n\t\t\t\t\t\t\t\t\t\t\t\t\t\t\t<span>M\u00e1s informaci\u00f3n<\/span>\n\t\t\t\t\t\t\t\t\t\t\t\t\t\t<\/div>\n\t\t\t\t\t\t\t\t\t\t\t\t\t<\/div>\n\n\n\t\t\t\t\t\t\t\t\t\t\t\t<\/div>\n\t\t\t\t\t\t\t\t\t\t\t<\/div>\n\t\t\t\t\t\t\t\t\t\t<\/div>\n\n\t\t\t\t\t\t\t\t\t\t\t\t\t\t\t\t\t\t\t\t\t\t\t\t\t\t\t\t\t\t\t\t\t\t\t\t\t\t\t\t\t\t<\/div>\n\t\t\t\t\t\t<\/div>\n\t\t\t\t\t<\/div>\n\t\t\t\t<\/div>\n\n\t\t\t\t\t<\/div>\n\n\t<\/div>\n<\/section>\n\n\n<section class=\"spacer-section medium light-grey\">\n<\/section>\n\n\n<section class=\"cta-button-section above\">\n\t<div class=\"container\">\n\t\t<div class=\"row\">\n\t\t\t<div class=\"col-12 waypoint\">\n\t\t\t\t<div class=\"inner\">\n\t\t\t\t\t\t\t\t\t\t\t\t\t\t\t<a href=\"https:\/\/ecoanimalhealth.com\/es\/contact-us\/\" target=\"_self\"><\/a>\n\t\t\t\t\t\n\t\t\t\t\t\t\t\t\t\t<div class=\"text-con\">\n\t\t\t\t\t\t<h2>P\u00f3ngase en contacto con nosotros si tiene alguna pregunta<\/h2>\n\t\t\t\t\t<\/div>\n\t\t\t\t\t\n\t\t\t\t\t\t\t\t\t\t\t\t\t\t\t<div class=\"btn-con\">\n\t\t\t\t\t\t<div class=\"btn\">\n\t\t\t\t\t\t\t<i>\n\t\t\t\t\t\t\t\t<svg class=\"arrow-head\" enable-background=\"new 0 0 7 11\" height=\"11\" viewBox=\"0 0 7 11\" width=\"7\" xmlns=\"http:\/\/www.w3.org\/2000\/svg\"><path d=\"m10.59 17.59c-.27 0-.55-.11-.74-.33-.37-.41-.34-1.04.07-1.41l4.17-3.76-4.17-3.76c-.41-.37-.44-1-.07-1.41s1-.44 1.41-.07l5 4.5c.21.19.33.46.33.74s-.12.55-.33.74l-5 4.5c-.19.17-.43.26-.67.26z\" fill=\"#fff\" transform=\"translate(-9.587 -6.587)\"\/><\/svg>\n\t\t\t\t\t\t\t\t<svg class=\"arrow-line\" enable-background=\"new 0 0 16 2\" height=\"2\" viewBox=\"0 0 16 2\" width=\"16\" xmlns=\"http:\/\/www.w3.org\/2000\/svg\"><path d=\"m15 2h-14c-.55 0-1-.45-1-1s.45-1 1-1h14c.55 0 1 .45 1 1s-.45 1-1 1z\" fill=\"#fff\"\/><\/svg>\n\t\t\t\t\t\t\t<\/i>\n\t\t\t\t\t\t\t<span>P\u00f3ngase en contacto con nosotros<\/span>\n\t\t\t\t\t\t<\/div>\n\t\t\t\t\t<\/div>\n\t\t\t\t\t\t\t\t\t<\/div>\n\t\t\t<\/div>\n\t\t<\/div>\n\t<\/div>\n<\/section>\n\n\n<section class=\"spacer-section medium light-grey\">\n<\/section>\n\n\n<section class=\"spacer-section small light-grey\">\n<\/section>\n\n\n\t<section class=\"pages-section\">\n\t\t<div class=\"container\">\n\t\t\t<div class=\"row\">\n\t\t\t\t\t\t\t\t\t<div class=\"col-12 col-md-6 col-lg-4 cta-text waypoint\">\n\t\t\t\t\t\t<div class=\"inner\">\n\t\t\t\t\t\t\t<a class=\"link-over\" href=\"https:\/\/ecoanimalhealth.com\/es\/about-us\/\"><\/a>\n\n\t\t\t\t\t\t\t<h4>Acerca de la empresa<\/h4>\n\n\t\t\t\t\t\t\t<p>ECO: prop\u00f3sito y factores diferenciadores<\/p>\n\n\t\t\t\t\t\t\t<div class=\"btn-con\">\n\t\t\t\t\t\t\t\t<div class=\"btn\">\n\t\t\t\t\t\t\t\t\t<i>\n\t\t\t\t\t\t\t\t\t\t<svg class=\"arrow-head\" enable-background=\"new 0 0 7 11\" height=\"11\" viewBox=\"0 0 7 11\" width=\"7\" xmlns=\"http:\/\/www.w3.org\/2000\/svg\">\n\t\t\t\t\t\t\t\t\t\t\t<path d=\"m10.59 17.59c-.27 0-.55-.11-.74-.33-.37-.41-.34-1.04.07-1.41l4.17-3.76-4.17-3.76c-.41-.37-.44-1-.07-1.41s1-.44 1.41-.07l5 4.5c.21.19.33.46.33.74s-.12.55-.33.74l-5 4.5c-.19.17-.43.26-.67.26z\" fill=\"#fff\" transform=\"translate(-9.587 -6.587)\" \/>\n\t\t\t\t\t\t\t\t\t\t<\/svg>\n\t\t\t\t\t\t\t\t\t\t<svg class=\"arrow-line\" enable-background=\"new 0 0 16 2\" height=\"2\" viewBox=\"0 0 16 2\" width=\"16\" xmlns=\"http:\/\/www.w3.org\/2000\/svg\">\n\t\t\t\t\t\t\t\t\t\t\t<path d=\"m15 2h-14c-.55 0-1-.45-1-1s.45-1 1-1h14c.55 0 1 .45 1 1s-.45 1-1 1z\" fill=\"#fff\" \/>\n\t\t\t\t\t\t\t\t\t\t<\/svg>\n\t\t\t\t\t\t\t\t\t<\/i>\n\t\t\t\t\t\t\t\t\t<span>M\u00e1s informaci\u00f3n<\/span>\n\t\t\t\t\t\t\t\t<\/div>\n\t\t\t\t\t\t\t<\/div>\n\t\t\t\t\t\t<\/div>\n\t\t\t\t\t<\/div>\n\t\t\t\t\t\t\t\t\t<div class=\"col-12 col-md-6 col-lg-4 cta-text waypoint\">\n\t\t\t\t\t\t<div class=\"inner\">\n\t\t\t\t\t\t\t<a class=\"link-over\" href=\"https:\/\/ecoanimalhealth.com\/es\/investors\/\"><\/a>\n\n\t\t\t\t\t\t\t<h4>Inversores<\/h4>\n\n\t\t\t\t\t\t\t<p>ECO cotiza en el AIM de la LSE.<\/p>\n\n\t\t\t\t\t\t\t<div class=\"btn-con\">\n\t\t\t\t\t\t\t\t<div class=\"btn\">\n\t\t\t\t\t\t\t\t\t<i>\n\t\t\t\t\t\t\t\t\t\t<svg class=\"arrow-head\" enable-background=\"new 0 0 7 11\" height=\"11\" viewBox=\"0 0 7 11\" width=\"7\" xmlns=\"http:\/\/www.w3.org\/2000\/svg\">\n\t\t\t\t\t\t\t\t\t\t\t<path d=\"m10.59 17.59c-.27 0-.55-.11-.74-.33-.37-.41-.34-1.04.07-1.41l4.17-3.76-4.17-3.76c-.41-.37-.44-1-.07-1.41s1-.44 1.41-.07l5 4.5c.21.19.33.46.33.74s-.12.55-.33.74l-5 4.5c-.19.17-.43.26-.67.26z\" fill=\"#fff\" transform=\"translate(-9.587 -6.587)\" \/>\n\t\t\t\t\t\t\t\t\t\t<\/svg>\n\t\t\t\t\t\t\t\t\t\t<svg class=\"arrow-line\" enable-background=\"new 0 0 16 2\" height=\"2\" viewBox=\"0 0 16 2\" width=\"16\" xmlns=\"http:\/\/www.w3.org\/2000\/svg\">\n\t\t\t\t\t\t\t\t\t\t\t<path d=\"m15 2h-14c-.55 0-1-.45-1-1s.45-1 1-1h14c.55 0 1 .45 1 1s-.45 1-1 1z\" fill=\"#fff\" \/>\n\t\t\t\t\t\t\t\t\t\t<\/svg>\n\t\t\t\t\t\t\t\t\t<\/i>\n\t\t\t\t\t\t\t\t\t<span>M\u00e1s informaci\u00f3n<\/span>\n\t\t\t\t\t\t\t\t<\/div>\n\t\t\t\t\t\t\t<\/div>\n\t\t\t\t\t\t<\/div>\n\t\t\t\t\t<\/div>\n\t\t\t\t\t\t\t\t\t<div class=\"col-12 col-md-6 col-lg-4 cta-text waypoint\">\n\t\t\t\t\t\t<div class=\"inner\">\n\t\t\t\t\t\t\t<a class=\"link-over\" href=\"https:\/\/ecoanimalhealth.com\/es\/news\/\"><\/a>\n\n\t\t\t\t\t\t\t<h4>Noticias<\/h4>\n\n\t\t\t\t\t\t\t<p>Informaci\u00f3n adicional y las noticias m\u00e1s recientes.<\/p>\n\n\t\t\t\t\t\t\t<div class=\"btn-con\">\n\t\t\t\t\t\t\t\t<div class=\"btn\">\n\t\t\t\t\t\t\t\t\t<i>\n\t\t\t\t\t\t\t\t\t\t<svg class=\"arrow-head\" enable-background=\"new 0 0 7 11\" height=\"11\" viewBox=\"0 0 7 11\" width=\"7\" xmlns=\"http:\/\/www.w3.org\/2000\/svg\">\n\t\t\t\t\t\t\t\t\t\t\t<path d=\"m10.59 17.59c-.27 0-.55-.11-.74-.33-.37-.41-.34-1.04.07-1.41l4.17-3.76-4.17-3.76c-.41-.37-.44-1-.07-1.41s1-.44 1.41-.07l5 4.5c.21.19.33.46.33.74s-.12.55-.33.74l-5 4.5c-.19.17-.43.26-.67.26z\" fill=\"#fff\" transform=\"translate(-9.587 -6.587)\" \/>\n\t\t\t\t\t\t\t\t\t\t<\/svg>\n\t\t\t\t\t\t\t\t\t\t<svg class=\"arrow-line\" enable-background=\"new 0 0 16 2\" height=\"2\" viewBox=\"0 0 16 2\" width=\"16\" xmlns=\"http:\/\/www.w3.org\/2000\/svg\">\n\t\t\t\t\t\t\t\t\t\t\t<path d=\"m15 2h-14c-.55 0-1-.45-1-1s.45-1 1-1h14c.55 0 1 .45 1 1s-.45 1-1 1z\" fill=\"#fff\" \/>\n\t\t\t\t\t\t\t\t\t\t<\/svg>\n\t\t\t\t\t\t\t\t\t<\/i>\n\t\t\t\t\t\t\t\t\t<span>M\u00e1s informaci\u00f3n<\/span>\n\t\t\t\t\t\t\t\t<\/div>\n\t\t\t\t\t\t\t<\/div>\n\t\t\t\t\t\t<\/div>\n\t\t\t\t\t<\/div>\n\t\t\t\t\t\t\t\t\t\t\t<\/div>\n\t\t<\/div>\n\t<\/section>\n\n\n\n<section class=\"spacer-section small light-grey\">\n<\/section>","protected":false},"excerpt":{"rendered":"<p>Nuestros productos y soluciones innovadores para el sector de la salud animal garantizan la sostenibilidad futura de nuestra empresa, la rentabilidad de su negocio y la salud y bienestar de los animales en granjas porcinas y av\u00edcolas.<\/p>\n","protected":false},"author":2,"featured_media":0,"parent":0,"menu_order":2,"comment_status":"closed","ping_status":"closed","template":"","meta":{"_searchwp_excluded":"","inline_featured_image":false,"footnotes":""},"class_list":["post-8407","page","type-page","status-publish","hentry"],"acf":[],"yoast_head":"<!-- This site is optimized with the Yoast SEO plugin v21.3 - https:\/\/yoast.com\/wordpress\/plugins\/seo\/ -->\n<title>Soluciones e innovaci\u00f3n - ECO Animal Health<\/title>\n<meta name=\"robots\" content=\"index, follow, max-snippet:-1, max-image-preview:large, max-video-preview:-1\" \/>\n<link rel=\"canonical\" href=\"https:\/\/ecoanimalhealth.com\/es\/solutions_innovation\/\" \/>\n<meta property=\"og:locale\" content=\"es_ES\" \/>\n<meta property=\"og:type\" content=\"article\" \/>\n<meta property=\"og:title\" content=\"Soluciones e innovaci\u00f3n - ECO Animal Health\" \/>\n<meta property=\"og:description\" content=\"Nuestros productos y soluciones innovadores para el sector de la salud animal garantizan la sostenibilidad futura de nuestra empresa, la rentabilidad de su negocio y la salud y bienestar de los animales en granjas porcinas y av\u00edcolas.\" \/>\n<meta property=\"og:url\" content=\"https:\/\/ecoanimalhealth.com\/es\/solutions_innovation\/\" \/>\n<meta property=\"og:site_name\" content=\"ECO Animal Health\" \/>\n<meta property=\"article:modified_time\" content=\"2025-02-27T21:10:15+00:00\" \/>\n<meta name=\"twitter:card\" content=\"summary_large_image\" \/>\n<script type=\"application\/ld+json\" class=\"yoast-schema-graph\">{\"@context\":\"https:\/\/schema.org\",\"@graph\":[{\"@type\":\"WebPage\",\"@id\":\"https:\/\/ecoanimalhealth.com\/es\/solutions_innovation\/\",\"url\":\"https:\/\/ecoanimalhealth.com\/es\/solutions_innovation\/\",\"name\":\"Soluciones e innovaci\u00f3n - ECO Animal Health\",\"isPartOf\":{\"@id\":\"https:\/\/ecoanimalhealth.com\/#website\"},\"datePublished\":\"2023-05-17T13:16:38+00:00\",\"dateModified\":\"2025-02-27T21:10:15+00:00\",\"inLanguage\":\"es\",\"potentialAction\":[{\"@type\":\"ReadAction\",\"target\":[\"https:\/\/ecoanimalhealth.com\/es\/solutions_innovation\/\"]}]},{\"@type\":\"WebSite\",\"@id\":\"https:\/\/ecoanimalhealth.com\/#website\",\"url\":\"https:\/\/ecoanimalhealth.com\/\",\"name\":\"ECO Animal Health\",\"description\":\"\",\"potentialAction\":[{\"@type\":\"SearchAction\",\"target\":{\"@type\":\"EntryPoint\",\"urlTemplate\":\"https:\/\/ecoanimalhealth.com\/?s={search_term_string}\"},\"query-input\":\"required name=search_term_string\"}],\"inLanguage\":\"es\"}]}<\/script>\n<!-- \/ Yoast SEO plugin. -->","yoast_head_json":{"title":"Soluciones e innovaci\u00f3n - ECO Animal Health","robots":{"index":"index","follow":"follow","max-snippet":"max-snippet:-1","max-image-preview":"max-image-preview:large","max-video-preview":"max-video-preview:-1"},"canonical":"https:\/\/ecoanimalhealth.com\/es\/solutions_innovation\/","og_locale":"es_ES","og_type":"article","og_title":"Soluciones e innovaci\u00f3n - ECO Animal Health","og_description":"Nuestros productos y soluciones innovadores para el sector de la salud animal garantizan la sostenibilidad futura de nuestra empresa, la rentabilidad de su negocio y la salud y bienestar de los animales en granjas porcinas y av\u00edcolas.","og_url":"https:\/\/ecoanimalhealth.com\/es\/solutions_innovation\/","og_site_name":"ECO Animal Health","article_modified_time":"2025-02-27T21:10:15+00:00","twitter_card":"summary_large_image","schema":{"@context":"https:\/\/schema.org","@graph":[{"@type":"WebPage","@id":"https:\/\/ecoanimalhealth.com\/es\/solutions_innovation\/","url":"https:\/\/ecoanimalhealth.com\/es\/solutions_innovation\/","name":"Soluciones e innovaci\u00f3n - ECO Animal Health","isPartOf":{"@id":"https:\/\/ecoanimalhealth.com\/#website"},"datePublished":"2023-05-17T13:16:38+00:00","dateModified":"2025-02-27T21:10:15+00:00","inLanguage":"es","potentialAction":[{"@type":"ReadAction","target":["https:\/\/ecoanimalhealth.com\/es\/solutions_innovation\/"]}]},{"@type":"WebSite","@id":"https:\/\/ecoanimalhealth.com\/#website","url":"https:\/\/ecoanimalhealth.com\/","name":"ECO Animal Health","description":"","potentialAction":[{"@type":"SearchAction","target":{"@type":"EntryPoint","urlTemplate":"https:\/\/ecoanimalhealth.com\/?s={search_term_string}"},"query-input":"required name=search_term_string"}],"inLanguage":"es"}]}},"_links":{"self":[{"href":"https:\/\/ecoanimalhealth.com\/es\/wp-json\/wp\/v2\/pages\/8407","targetHints":{"allow":["GET"]}}],"collection":[{"href":"https:\/\/ecoanimalhealth.com\/es\/wp-json\/wp\/v2\/pages"}],"about":[{"href":"https:\/\/ecoanimalhealth.com\/es\/wp-json\/wp\/v2\/types\/page"}],"author":[{"embeddable":true,"href":"https:\/\/ecoanimalhealth.com\/es\/wp-json\/wp\/v2\/users\/2"}],"replies":[{"embeddable":true,"href":"https:\/\/ecoanimalhealth.com\/es\/wp-json\/wp\/v2\/comments?post=8407"}],"version-history":[{"count":0,"href":"https:\/\/ecoanimalhealth.com\/es\/wp-json\/wp\/v2\/pages\/8407\/revisions"}],"wp:attachment":[{"href":"https:\/\/ecoanimalhealth.com\/es\/wp-json\/wp\/v2\/media?parent=8407"}],"curies":[{"name":"wp","href":"https:\/\/api.w.org\/{rel}","templated":true}]}}