{"id":8425,"date":"2023-07-28T14:10:27","date_gmt":"2023-07-28T13:10:27","guid":{"rendered":"https:\/\/ecoanimalhealth.com\/investors\/faqs\/"},"modified":"2025-08-18T16:41:18","modified_gmt":"2025-08-18T15:41:18","slug":"faqs","status":"publish","type":"page","link":"https:\/\/ecoanimalhealth.com\/es\/investors\/faqs\/","title":{"rendered":"Preguntas frecuentes"},"content":{"rendered":"\n<section class=\"hero-small-section\">\n\t<div class=\"container\">\n\t\t<div class=\"row\">\n\n\t\t\t<div class=\"col-12 col-md-6 title-side waypoint\">\n\t\t\t\t\n\t\t\t\t\t\t\t\t<h2>Preguntas frecuentes<\/h2>\n\t\t\t\t\t\t\t<\/div>\n\n\t\t\t<div class=\"col-12 col-md-6 image-side waypoint\">\n\t\t\t\t<div class=\"img-con full-bg\" style=\"background-image:url(https:\/\/ecoanimalhealth.com\/wp-content\/uploads\/2023\/08\/small-hero-6-e1692808097756-1440x270.jpeg);\"><\/div>\n\t\t\t<\/div>\n\t\t<\/div>\n\t<\/div>\n<\/section>\n\n\n<section class=\"spacer-section large light-grey\">\n<\/section>\n\n\n<section class=\"spacer-section large light-grey\">\n<\/section>\n\n\n<section class=\"text-accordion-section\">\n\t<div class=\"container\">\n\t\t<div class=\"row\">\n\n\t\t\t\t\t\t<div class=\"col-12 col-md-6 waypoint\">\n\t\t\t\t<h4>Consulte nuestras respuestas a las preguntas m\u00e1s frecuentes.<\/h4>\n\t\t\t<\/div>\n\t\t\t\t\t\t\t\n\t\t\t\t\t\t<div class=\"col-12 accordion-con waypoint\">\n\t\t\t\t<dl class=\"accordion\">\n\t\t\t\t\t\t\t\t\t\t\t\t\t\t\t\t\t\t\t<dt>\u00bfCu\u00e1ndo y por qu\u00e9 se constituy\u00f3 ECO?<\/dt>\n\t\t\t\t\t<dd>\n\t\t\t\t\t\t<div class=\"inner\">\n\t\t\t\t\t\t\t<p>ECO naci\u00f3 como una empresa virtual en torno a 1995 en el seno de Lawrence plc. Tras identificar una serie de productos medicinales para animales con grandes vol\u00famenes de ventas, la compa\u00f1\u00eda comenz\u00f3 a comprarlos y a producirlos bajo licencia. La estrategia consist\u00eda en crear una gama de f\u00e1rmacos con prescripci\u00f3n veterinaria para el tratamiento de animales destinados a la alimentaci\u00f3n con el objetivo de complementar la gama de aditivos alimentarios naturales que la empresa ya comercializaba a nivel internacional. En 2007, momento en que la empresa comenz\u00f3 a dedicarse exclusivamente a la salud animal, Lawrence pas\u00f3 a denominarse ECO Animal Health.<\/p>\n\t\t\t\t\t\t<\/div>\n\t\t\t\t\t<\/dd>\n\t\t\t\t\t\t\t\t\t\t\t\t\t\t\t\t\t\t\t<dt>\u00bfQu\u00e9 es Aivlosin<sup>\u00ae<\/sup>\/Valosin<sup>\u00ae<\/sup>?<\/dt>\n\t\t\t\t\t<dd>\n\t\t\t\t\t\t<div class=\"inner\">\n\t\t\t\t\t\t\t<div id=\"Category1_QA_2\" class=\"QA\">\n<div id=\"Category1_A2\" class=\"Answer faqhide\">\n<p>Aivlosin<sup>\u00ae<\/sup>\/Valosin<sup>\u00ae<\/sup> es un antibi\u00f3tico de alta eficacia para el tratamiento de una amplia gama de infecciones ent\u00e9ricas (gastrointestinales) y respiratorias espec\u00edficas en cerdos y aves que garantiza una recuperaci\u00f3n r\u00e1pida y una producci\u00f3n \u00f3ptima. El f\u00e1rmaco requiere prescripci\u00f3n veterinaria y siempre se utiliza en dosis bajas durante periodos de tratamiento breves.<\/p>\n<\/div>\n<\/div>\n\t\t\t\t\t\t<\/div>\n\t\t\t\t\t<\/dd>\n\t\t\t\t\t\t\t\t\t\t\t\t\t\t\t\t\t\t\t<dt>\u00bfPor qu\u00e9 autorizaron la FDA estadounidense y la Agencia Europea de Medicamentos (EMA) un medicamento novedoso como Aivlosin<sup>\u00ae<\/sup>?<\/dt>\n\t\t\t\t\t<dd>\n\t\t\t\t\t\t<div class=\"inner\">\n\t\t\t\t\t\t\t<p>Aivlosin<sup>\u00ae<\/sup>\/Valosin<sup>\u00ae<\/sup> ha superado todas las exigentes pruebas impuestas por estas autoridades reguladoras. Dichas pruebas eval\u00faan la seguridad del producto (para los animales, los seres humanos y el medio ambiente), su calidad y su eficacia cl\u00ednica frente a enfermedades espec\u00edficas en las especies diana, y garantizan la eliminaci\u00f3n de cualquier residuo antibi\u00f3tico en la carne o los huevos destinados al consumo.<\/p>\n<p><span data-sheets-root=\"1\">Aivlosin<sup>\u00ae<\/sup>\/Valosin<sup>\u00ae<\/sup> cumple con el perfil de un antibi\u00f3tico moderno, ya que se utiliza para tratar infecciones espec\u00edficas identificadas, es eficaz en dosis bajas y se administra durante periodos cortos. Adem\u00e1s, debe ser prescrito por un veterinario. Aivlosin<sup>\u00ae<\/sup>\/Valosin<sup>\u00ae<\/sup> no es un f\u00e1rmaco indicado para seres humanos. El perfil de Aivlosin<sup>\u00ae<\/sup> se ajusta a los planteamientos actuales sobre el uso responsable de los antibi\u00f3ticos en la producci\u00f3n animal y al objetivo de reducir la cantidad de antibi\u00f3ticos que se utilizan en el sector ganadero.<\/span><\/p>\n\t\t\t\t\t\t<\/div>\n\t\t\t\t\t<\/dd>\n\t\t\t\t\t\t\t\t\t\t\t\t\t\t\t\t\t\t\t<dt>\u00bfPor qu\u00e9 deben los productores elegir Aivlosin<sup>\u00ae<\/sup>\/Valosin<sup>\u00ae<\/sup>?<\/dt>\n\t\t\t\t\t<dd>\n\t\t\t\t\t\t<div class=\"inner\">\n\t\t\t\t\t\t\t<p>\u00a1La respuesta es sencilla! Al ser muy eficaz y actuar r\u00e1pidamente, Aivlosin<span data-sheets-root=\"1\"><sup>\u00ae<\/sup><\/span>\/Valosin<span data-sheets-root=\"1\"><sup>\u00ae<\/sup><\/span> permite que los animales tratados con \u00e9l se recuperen en menos tiempo. Adem\u00e1s de ofrecer beneficios evidentes para el bienestar animal, el ganado gana peso m\u00e1s r\u00e1pidamente, digiere el alimento con mayor eficiencia y sale al mercado antes, lo que se traduce en un mayor beneficio para el productor.<\/p>\n\t\t\t\t\t\t<\/div>\n\t\t\t\t\t<\/dd>\n\t\t\t\t\t\t\t\t\t\t\t\t\t\t\t\t\t\t\t<dt>\u00bfQu\u00e9 otros productos comercializa ECO?<\/dt>\n\t\t\t\t\t<dd>\n\t\t\t\t\t\t<div class=\"inner\">\n\t\t\t\t\t\t\t<p>La empresa ofrece una amplia gama de medicamentos gen\u00e9ricos modernos que tambi\u00e9n est\u00e1n sujetos a una gesti\u00f3n activa y continua de las autorizaciones. Dentro de esta oferta destaca ECOMECTIN\u00ae, un endectocida para el control de lombrices, garrapatas, piojos y sarna en ganado de pasto y cerdos.<\/p>\n\t\t\t\t\t\t<\/div>\n\t\t\t\t\t<\/dd>\n\t\t\t\t\t\t\t\t\t\t\t\t\t\t\t\t\t\t\t<dt>\u00bfD\u00f3nde puede consultarse el precio por acci\u00f3n de ECO?<\/dt>\n\t\t\t\t\t<dd>\n\t\t\t\t\t\t<div class=\"inner\">\n\t\t\t\t\t\t\t<p>Las acciones de\u00a0ECO est\u00e1n listadas en el AIM de la Bolsa de Valores de Londres bajo el teletipo LSE: EAH.<\/p>\n<p>El AIM es el mercado internacional de la Bolsa de Valores de Londres donde cotizan las peque\u00f1as empresas en proceso de expansi\u00f3n. Los inversores del AIM disfrutan de varias ventajas fiscales, como contar con cuentas ISA y exenciones del impuesto de sucesiones, dependiendo de las circunstancias de la empresa en cuesti\u00f3n. Para obtener informaci\u00f3n adicional sobre los tipos de empresas del AIM que optan a estas ventajas, visite <a href=\"https:\/\/www.londonstockexchange.com\/resources\" target=\"_blank\" rel=\"noopener\">https:\/\/www.londonstockexchange.com\/resources<\/a>.<\/p>\n<p>El valor de las ventajas fiscales depender\u00e1 de las circunstancias individuales y se recomienda obtener asesoramiento profesional al respecto.<\/p>\n\t\t\t\t\t\t<\/div>\n\t\t\t\t\t<\/dd>\n\t\t\t\t\t\t\t\t<\/dl>\n\t\t\t<\/div>\n\t\t\t\n\t\t<\/div>\n\t<\/div>\n<\/section>\n\n\n<section class=\"spacer-section large light-grey\">\n<\/section>\n\n\n<section class=\"spacer-section large light-grey\">\n<\/section>\n\n\n","protected":false},"excerpt":{"rendered":"","protected":false},"author":2,"featured_media":0,"parent":8421,"menu_order":10,"comment_status":"closed","ping_status":"closed","template":"","meta":{"_searchwp_excluded":"","inline_featured_image":false,"footnotes":""},"class_list":["post-8425","page","type-page","status-publish","hentry"],"acf":[],"yoast_head":"<!-- This site is optimized with the Yoast SEO plugin v21.3 - https:\/\/yoast.com\/wordpress\/plugins\/seo\/ -->\n<title>Preguntas frecuentes - ECO Animal Health<\/title>\n<meta name=\"robots\" content=\"index, follow, max-snippet:-1, max-image-preview:large, max-video-preview:-1\" \/>\n<link rel=\"canonical\" href=\"https:\/\/ecoanimalhealth.com\/es\/investors\/faqs\/\" \/>\n<meta property=\"og:locale\" content=\"es_ES\" \/>\n<meta property=\"og:type\" content=\"article\" \/>\n<meta property=\"og:title\" content=\"Preguntas frecuentes - ECO Animal Health\" \/>\n<meta property=\"og:url\" content=\"https:\/\/ecoanimalhealth.com\/es\/investors\/faqs\/\" \/>\n<meta property=\"og:site_name\" content=\"ECO Animal Health\" \/>\n<meta property=\"article:modified_time\" content=\"2025-08-18T15:41:18+00:00\" \/>\n<meta name=\"twitter:card\" content=\"summary_large_image\" \/>\n<script type=\"application\/ld+json\" class=\"yoast-schema-graph\">{\"@context\":\"https:\/\/schema.org\",\"@graph\":[{\"@type\":\"WebPage\",\"@id\":\"https:\/\/ecoanimalhealth.com\/es\/investors\/faqs\/\",\"url\":\"https:\/\/ecoanimalhealth.com\/es\/investors\/faqs\/\",\"name\":\"Preguntas frecuentes - ECO Animal Health\",\"isPartOf\":{\"@id\":\"https:\/\/ecoanimalhealth.com\/#website\"},\"datePublished\":\"2023-07-28T13:10:27+00:00\",\"dateModified\":\"2025-08-18T15:41:18+00:00\",\"breadcrumb\":{\"@id\":\"https:\/\/ecoanimalhealth.com\/es\/investors\/faqs\/#breadcrumb\"},\"inLanguage\":\"es\",\"potentialAction\":[{\"@type\":\"ReadAction\",\"target\":[\"https:\/\/ecoanimalhealth.com\/es\/investors\/faqs\/\"]}]},{\"@type\":\"BreadcrumbList\",\"@id\":\"https:\/\/ecoanimalhealth.com\/es\/investors\/faqs\/#breadcrumb\",\"itemListElement\":[{\"@type\":\"ListItem\",\"position\":1,\"name\":\"Inversores\",\"item\":\"https:\/\/ecoanimalhealth.com\/es\/investors\/\"},{\"@type\":\"ListItem\",\"position\":2,\"name\":\"Preguntas frecuentes\"}]},{\"@type\":\"WebSite\",\"@id\":\"https:\/\/ecoanimalhealth.com\/#website\",\"url\":\"https:\/\/ecoanimalhealth.com\/\",\"name\":\"ECO Animal Health\",\"description\":\"\",\"potentialAction\":[{\"@type\":\"SearchAction\",\"target\":{\"@type\":\"EntryPoint\",\"urlTemplate\":\"https:\/\/ecoanimalhealth.com\/?s={search_term_string}\"},\"query-input\":\"required name=search_term_string\"}],\"inLanguage\":\"es\"}]}<\/script>\n<!-- \/ Yoast SEO plugin. -->","yoast_head_json":{"title":"Preguntas frecuentes - ECO Animal Health","robots":{"index":"index","follow":"follow","max-snippet":"max-snippet:-1","max-image-preview":"max-image-preview:large","max-video-preview":"max-video-preview:-1"},"canonical":"https:\/\/ecoanimalhealth.com\/es\/investors\/faqs\/","og_locale":"es_ES","og_type":"article","og_title":"Preguntas frecuentes - ECO Animal Health","og_url":"https:\/\/ecoanimalhealth.com\/es\/investors\/faqs\/","og_site_name":"ECO Animal Health","article_modified_time":"2025-08-18T15:41:18+00:00","twitter_card":"summary_large_image","schema":{"@context":"https:\/\/schema.org","@graph":[{"@type":"WebPage","@id":"https:\/\/ecoanimalhealth.com\/es\/investors\/faqs\/","url":"https:\/\/ecoanimalhealth.com\/es\/investors\/faqs\/","name":"Preguntas frecuentes - ECO Animal Health","isPartOf":{"@id":"https:\/\/ecoanimalhealth.com\/#website"},"datePublished":"2023-07-28T13:10:27+00:00","dateModified":"2025-08-18T15:41:18+00:00","breadcrumb":{"@id":"https:\/\/ecoanimalhealth.com\/es\/investors\/faqs\/#breadcrumb"},"inLanguage":"es","potentialAction":[{"@type":"ReadAction","target":["https:\/\/ecoanimalhealth.com\/es\/investors\/faqs\/"]}]},{"@type":"BreadcrumbList","@id":"https:\/\/ecoanimalhealth.com\/es\/investors\/faqs\/#breadcrumb","itemListElement":[{"@type":"ListItem","position":1,"name":"Inversores","item":"https:\/\/ecoanimalhealth.com\/es\/investors\/"},{"@type":"ListItem","position":2,"name":"Preguntas frecuentes"}]},{"@type":"WebSite","@id":"https:\/\/ecoanimalhealth.com\/#website","url":"https:\/\/ecoanimalhealth.com\/","name":"ECO Animal Health","description":"","potentialAction":[{"@type":"SearchAction","target":{"@type":"EntryPoint","urlTemplate":"https:\/\/ecoanimalhealth.com\/?s={search_term_string}"},"query-input":"required name=search_term_string"}],"inLanguage":"es"}]}},"_links":{"self":[{"href":"https:\/\/ecoanimalhealth.com\/es\/wp-json\/wp\/v2\/pages\/8425","targetHints":{"allow":["GET"]}}],"collection":[{"href":"https:\/\/ecoanimalhealth.com\/es\/wp-json\/wp\/v2\/pages"}],"about":[{"href":"https:\/\/ecoanimalhealth.com\/es\/wp-json\/wp\/v2\/types\/page"}],"author":[{"embeddable":true,"href":"https:\/\/ecoanimalhealth.com\/es\/wp-json\/wp\/v2\/users\/2"}],"replies":[{"embeddable":true,"href":"https:\/\/ecoanimalhealth.com\/es\/wp-json\/wp\/v2\/comments?post=8425"}],"version-history":[{"count":0,"href":"https:\/\/ecoanimalhealth.com\/es\/wp-json\/wp\/v2\/pages\/8425\/revisions"}],"up":[{"embeddable":true,"href":"https:\/\/ecoanimalhealth.com\/es\/wp-json\/wp\/v2\/pages\/8421"}],"wp:attachment":[{"href":"https:\/\/ecoanimalhealth.com\/es\/wp-json\/wp\/v2\/media?parent=8425"}],"curies":[{"name":"wp","href":"https:\/\/api.w.org\/{rel}","templated":true}]}}