{"id":8452,"date":"2023-05-09T09:18:11","date_gmt":"2023-05-09T08:18:11","guid":{"rendered":"https:\/\/ecoanimalhealth.com\/privacy-policy\/"},"modified":"2025-02-27T21:21:02","modified_gmt":"2025-02-27T21:21:02","slug":"privacy-policy","status":"publish","type":"page","link":"https:\/\/ecoanimalhealth.com\/es\/privacy-policy\/","title":{"rendered":"Pol\u00edtica de privacidad"},"content":{"rendered":"\n<section class=\"spacer-section large light-grey\">\n<\/section>\n\n\n<section class=\"text-accordion-section\">\n\t<div class=\"container\">\n\t\t<div class=\"row\">\n\n\t\t\t\t\t\t<div class=\"col-12 col-md-6 waypoint\">\n\t\t\t\t<h2>Pol\u00edtica de privacidad<\/h2>\n\t\t\t<\/div>\n\t\t\t\t\t\t\t\n\t\t\t\t\t\t<div class=\"col-12 accordion-con waypoint\">\n\t\t\t\t<dl class=\"accordion\">\n\t\t\t\t\t\t\t\t\t\t\t\t\t\t\t\t\t\t\t<dt>Declaraci\u00f3n de privacidad<\/dt>\n\t\t\t\t\t<dd>\n\t\t\t\t\t\t<div class=\"inner\">\n\t\t\t\t\t\t\t<p>Las p\u00e1ginas que aparecen en el sitio web (\u00abel sitio web\u00bb) han sido publicadas por Carr Kamasa Design Ltd (\u00abnosotros\u00bb) en nombre de ECO Animal Health Group plc (\u00abECO Animal Health\u00bb).<\/p>\n<p>No recogeremos ninguna informaci\u00f3n sobre personas, salvo cuando estas nos la faciliten conscientemente y a prop\u00f3sito. Cuando visita nuestro sitio web, nuestro servidor recoge informaci\u00f3n b\u00e1sica, como el nombre de dominio de su proveedor de servicios de Internet, las p\u00e1ginas a las que ha accedido y el momento en el que ha accedido a ellas. \u00danicamente utilizaremos esta informaci\u00f3n para analizar el uso de nuestro sitio web y como ayuda para implementar mejoras en \u00e9l. No recogemos ning\u00fan tipo de informaci\u00f3n personal identificable.<\/p>\n\t\t\t\t\t\t<\/div>\n\t\t\t\t\t<\/dd>\n\t\t\t\t\t\t\t\t\t\t\t\t\t\t\t\t\t\t\t<dt>Cookies<\/dt>\n\t\t\t\t\t<dd>\n\t\t\t\t\t\t<div class=\"inner\">\n\t\t\t\t\t\t\t<p class=\"small\">Cuando visita nuestro sitio web, se instalan en su equipo cookies, que son peque\u00f1os fragmentos de informaci\u00f3n que nos permiten recordar sus preferencias. Estas cookies no recogen ni almacenan informaci\u00f3n personal identificable y puede rechazarlas si lo desea.<\/p>\n<table>\n<thead>\n<tr>\n<th>Nombre<\/th>\n<th>Descripci\u00f3n<\/th>\n<th>Categor\u00eda<\/th>\n<th>Periodo de validez<\/th>\n<\/tr>\n<\/thead>\n<tbody>\n<tr>\n<td>ASP.NET_SessionId<\/td>\n<td>ASP.Net_SessionId es una cookie que se utiliza para identificar la sesi\u00f3n del usuario en el servidor. La sesi\u00f3n se utiliza para almacenar datos entre solicitudes HTTP en dicho servidor.<\/td>\n<td>Estrictamente necesaria<\/td>\n<td>Fin de sesi\u00f3n de navegador<\/td>\n<\/tr>\n<tr>\n<td>.ASPXAUTH<\/td>\n<td>.ASPXAUTH es una cookie que identifica si el usuario est\u00e1 autenticado (es decir, si la identidad del usuario ha sido verificada).<\/td>\n<td>Estrictamente necesaria<\/td>\n<td>Fin de sesi\u00f3n de navegador<\/td>\n<\/tr>\n<tr>\n<td>NREUM<\/td>\n<td>Se trata de una cookie generada por New Relic que \u00fanicamente se crea en navegadores que no son compatibles con la API de tiempo de navegaci\u00f3n.<\/td>\n<td>Estrictamente necesaria<\/td>\n<td>Fin de sesi\u00f3n de navegador<\/td>\n<\/tr>\n<tr>\n<td>NRAGENT<\/td>\n<td>La cookie NRAGENT se crea como un <i>token<\/i> que el recopilador de \u00abnombre del sitio web\u00bb entrega a un usuario final y que se instala si el usuario utiliza la versi\u00f3n v443 o inferior del agente del navegador. Esta cookie se utiliza para establecer la comunicaci\u00f3n entre el recopilador del \u00absitio web\u00bb que agrega las m\u00e9tricas del usuario final y el\/los agente(s) que se ejecuta(n) en la aplicaci\u00f3n web asociada.<\/td>\n<td>Estrictamente necesaria<\/td>\n<td>Fin de sesi\u00f3n de navegador<\/td>\n<\/tr>\n<tr>\n<td>_ga<\/td>\n<td>La cookie se utiliza para distinguir a los usuarios del sitio web.<\/td>\n<td>Opcional<\/td>\n<td>2 a\u00f1os<\/td>\n<\/tr>\n<tr>\n<td>_gid<\/td>\n<td>La cookie se utiliza para distinguir a los usuarios del sitio web.<\/td>\n<td>Opcional<\/td>\n<td>24 horas<\/td>\n<\/tr>\n<tr>\n<td>_gat<\/td>\n<td>La cookie se utiliza para limitar el \u00edndice de solicitudes. Si Google Analytics se implementa a trav\u00e9s de Google Tag Manager, esta cookie recibir\u00e1 el nombre de _dc_gtm_ .<\/td>\n<td>Opcional<\/td>\n<td>1 minuto<\/td>\n<\/tr>\n<tr>\n<td>AMP_TOKEN<\/td>\n<td>La cookie contiene un <i>token<\/i> que puede utilizarse para recuperar un ID de cliente del servicio de ID de Clientes de AMP. Otros valores posibles indican una inhabilitaci\u00f3n, una solicitud en curso o un error al recuperar un ID de cliente del servicio de ID de Clientes de AMP.<\/td>\n<td>Opcional<\/td>\n<td>De 30 segundos a 1 a\u00f1o<\/td>\n<\/tr>\n<tr>\n<td>_gac_<\/td>\n<td>Contiene informaci\u00f3n del usuario relacionada con la campa\u00f1a. Si ha vinculado sus cuentas de Google Analytics y Google Ads, las etiquetas de conversi\u00f3n de sitios web de Google Ads leer\u00e1n esta cookie, a menos que el usuario opte por inhabilitarla.<\/td>\n<td>Opcional<\/td>\n<td><span data-sheets-root=\"1\">90 d\u00edas<\/span><\/td>\n<\/tr>\n<tr>\n<td>AWSELB<\/td>\n<td>El balanceador de carga cl\u00e1sico de AWS crea una cookie de balanceo de carga que se utiliza para asignar la sesi\u00f3n a la instancia.<\/td>\n<td>Estrictamente necesaria<\/td>\n<td>1 d\u00eda<\/td>\n<\/tr>\n<tr>\n<td>AWSALB<\/td>\n<td>El balanceador de carga cl\u00e1sico de AWS recibe una solicitud de un cliente y, posteriormente, enruta la solicitud a un objetivo, genera una cookie denominada \u00abAWSALB\u00bb que codifica la informaci\u00f3n sobre el objetivo seleccionado, cifra la cookie e incluye la cookie en la respuesta al cliente.<\/td>\n<td>Estrictamente necesaria<\/td>\n<td>1 Day<\/td>\n<\/tr>\n<tr>\n<td>_CookieConsent<\/td>\n<td>La cookie _Cookieconsent es un <i>plugin<\/i> que se emplea para cumplir las directrices de la UE.<\/td>\n<td>Estrictamente necesaria<\/td>\n<td><span data-sheets-root=\"1\">90 d\u00edas<\/span><\/td>\n<\/tr>\n<\/tbody>\n<\/table>\n<p>&nbsp;<\/p>\n<p>&nbsp;<\/p>\n\t\t\t\t\t\t<\/div>\n\t\t\t\t\t<\/dd>\n\t\t\t\t\t\t\t\t\t\t\t\t\t\t\t\t\t\t\t<dt>Google Analytics<\/dt>\n\t\t\t\t\t<dd>\n\t\t\t\t\t\t<div class=\"inner\">\n\t\t\t\t\t\t\t<p class=\"small\"><span data-sheets-root=\"1\">Este sitio web utiliza Google Analytics, un servicio de anal\u00edticas web proporcionado por Google Inc. (\u00abGoogle\u00bb). Google Analytics utiliza cookies (archivos de texto que se instalan en su ordenador) para ayudar a los administradores del sitio web a analizar el uso que los usuarios hacen del mismo. La informaci\u00f3n que la cookie genera acerca del uso que usted hace del sitio web (incluida su direcci\u00f3n IP) ser\u00e1 directamente transmitida y archivada por Google en servidores ubicados en EE. UU. Google usar\u00e1 esta informaci\u00f3n para evaluar el uso que usted haga del sitio web, recopilar informes de la actividad del sitio web para sus administradores y prestar otros servicios relacionados con la actividad del sitio web y el uso de Internet en general. Google tambi\u00e9n podr\u00e1 transmitir dicha informaci\u00f3n a terceros cuando la ley se lo exija o cuando dichos terceros traten informaci\u00f3n en nombre de Google. Google no asociar\u00e1 su direcci\u00f3n IP con ning\u00fan otro dato del que disponga Google. Al utilizar este sitio web, usted autoriza a Google a tratar sus datos en las formas y para los fines indicados anteriormente.<\/span><\/p>\n\t\t\t\t\t\t<\/div>\n\t\t\t\t\t<\/dd>\n\t\t\t\t\t\t\t\t\t\t\t\t\t\t\t\t\t\t\t<dt>C\u00f3mo rechazar el uso de cookies<\/dt>\n\t\t\t\t\t<dd>\n\t\t\t\t\t\t<div class=\"inner\">\n\t\t\t\t\t\t\t<p><strong>Puede rechazar el uso de cookies seleccionando una serie de ajustes en su navegador. Sin embargo, debe tener en cuenta que, si lo hace, es posible que pierda algunas funciones \u00fatiles, como las de personalizaci\u00f3n, \u00abmantener la sesi\u00f3n iniciada\u00bb y \u00abrecordarme\u00bb.<\/strong><\/p>\n<h4>C\u00f3mo deshabilitar las cookies en su navegador:<\/h4>\n<p>A continuaci\u00f3n le explicamos c\u00f3mo evitar que se instalen nuevas cookies y c\u00f3mo eliminar las ya instaladas. El procedimiento exacto depender\u00e1 del navegador que utilice.<\/p>\n<h5>Internet Explorer<\/h5>\n<p><strong>Para evitar que se instalen nuevas cookies y eliminar las ya instaladas:<\/strong><\/p>\n<p><a href=\"http:\/\/windows.microsoft.com\/en-GB\/internet-explorer\/delete-manage-cookies\" target=\"_blank\" rel=\"noopener\">http:\/\/windows.microsoft.com\/en-GB\/internet-explorer\/delete-manage-cookies<\/a><\/p>\n<h5>Firefox<\/h5>\n<p><strong>Para evitar que se instalen nuevas cookies:<\/strong><\/p>\n<p><a href=\"https:\/\/support.mozilla.org\/en-US\/kb\/enable-and-disable-cookies-website-preferences\" target=\"_blank\" rel=\"noopener\">https:\/\/support.mozilla.org\/en-US\/kb\/enable-and-disable-cookies-website-preferences<\/a><\/p>\n<p><strong>Para eliminar las cookies ya instaladas:<\/strong><\/p>\n<p><a href=\"https:\/\/support.mozilla.org\/en-US\/kb\/delete-cookies-remove-info-websites-stored\" target=\"_blank\" rel=\"noopener\">https:\/\/support.mozilla.org\/en-US\/kb\/delete-cookies-remove-info-websites-stored<\/a><\/p>\n<h5>Google Chrome<\/h5>\n<p><strong>Para evitar que se instalen nuevas cookies y eliminar las ya instaladas:<\/strong><\/p>\n<p><a href=\"https:\/\/support.google.com\/chrome\/answer\/95647?hl=en\" target=\"_blank\" rel=\"noopener\">https:\/\/support.google.com\/chrome\/answer\/95647?hl=en<\/a><\/p>\n<h5>Safari<\/h5>\n<p><strong>Para evitar que se instalen nuevas cookies y eliminar las ya instaladas:<\/strong><\/p>\n<p><a href=\"http:\/\/help.apple.com\/safari\/mac\/8.0\/#\/sfri11471\" target=\"_blank\" rel=\"noopener\">http:\/\/help.apple.com\/safari\/mac\/8.0\/#\/sfri11471<\/a><\/p>\n\t\t\t\t\t\t<\/div>\n\t\t\t\t\t<\/dd>\n\t\t\t\t\t\t\t\t<\/dl>\n\t\t\t<\/div>\n\t\t\t\n\t\t<\/div>\n\t<\/div>\n<\/section>\n\n\n<section class=\"spacer-section large light-grey\">\n<\/section>","protected":false},"excerpt":{"rendered":"","protected":false},"author":2,"featured_media":0,"parent":0,"menu_order":7,"comment_status":"closed","ping_status":"open","template":"","meta":{"_searchwp_excluded":"","inline_featured_image":false,"footnotes":""},"class_list":["post-8452","page","type-page","status-publish","hentry"],"acf":[],"yoast_head":"<!-- This site is optimized with the Yoast SEO plugin v21.3 - https:\/\/yoast.com\/wordpress\/plugins\/seo\/ -->\n<title>Pol\u00edtica de privacidad - ECO Animal Health<\/title>\n<meta name=\"robots\" content=\"index, follow, max-snippet:-1, max-image-preview:large, max-video-preview:-1\" \/>\n<link rel=\"canonical\" href=\"https:\/\/ecoanimalhealth.com\/es\/privacy-policy\/\" \/>\n<meta property=\"og:locale\" content=\"es_ES\" \/>\n<meta property=\"og:type\" content=\"article\" \/>\n<meta property=\"og:title\" content=\"Pol\u00edtica de privacidad - ECO Animal Health\" \/>\n<meta property=\"og:url\" content=\"https:\/\/ecoanimalhealth.com\/es\/privacy-policy\/\" \/>\n<meta property=\"og:site_name\" content=\"ECO Animal Health\" \/>\n<meta property=\"article:modified_time\" content=\"2025-02-27T21:21:02+00:00\" \/>\n<meta name=\"twitter:card\" content=\"summary_large_image\" \/>\n<script type=\"application\/ld+json\" class=\"yoast-schema-graph\">{\"@context\":\"https:\/\/schema.org\",\"@graph\":[{\"@type\":\"WebPage\",\"@id\":\"https:\/\/ecoanimalhealth.com\/es\/privacy-policy\/\",\"url\":\"https:\/\/ecoanimalhealth.com\/es\/privacy-policy\/\",\"name\":\"Pol\u00edtica de privacidad - ECO Animal Health\",\"isPartOf\":{\"@id\":\"https:\/\/ecoanimalhealth.com\/#website\"},\"datePublished\":\"2023-05-09T08:18:11+00:00\",\"dateModified\":\"2025-02-27T21:21:02+00:00\",\"inLanguage\":\"es\",\"potentialAction\":[{\"@type\":\"ReadAction\",\"target\":[\"https:\/\/ecoanimalhealth.com\/es\/privacy-policy\/\"]}]},{\"@type\":\"WebSite\",\"@id\":\"https:\/\/ecoanimalhealth.com\/#website\",\"url\":\"https:\/\/ecoanimalhealth.com\/\",\"name\":\"ECO Animal Health\",\"description\":\"\",\"potentialAction\":[{\"@type\":\"SearchAction\",\"target\":{\"@type\":\"EntryPoint\",\"urlTemplate\":\"https:\/\/ecoanimalhealth.com\/?s={search_term_string}\"},\"query-input\":\"required name=search_term_string\"}],\"inLanguage\":\"es\"}]}<\/script>\n<!-- \/ Yoast SEO plugin. -->","yoast_head_json":{"title":"Pol\u00edtica de privacidad - ECO Animal Health","robots":{"index":"index","follow":"follow","max-snippet":"max-snippet:-1","max-image-preview":"max-image-preview:large","max-video-preview":"max-video-preview:-1"},"canonical":"https:\/\/ecoanimalhealth.com\/es\/privacy-policy\/","og_locale":"es_ES","og_type":"article","og_title":"Pol\u00edtica de privacidad - ECO Animal Health","og_url":"https:\/\/ecoanimalhealth.com\/es\/privacy-policy\/","og_site_name":"ECO Animal Health","article_modified_time":"2025-02-27T21:21:02+00:00","twitter_card":"summary_large_image","schema":{"@context":"https:\/\/schema.org","@graph":[{"@type":"WebPage","@id":"https:\/\/ecoanimalhealth.com\/es\/privacy-policy\/","url":"https:\/\/ecoanimalhealth.com\/es\/privacy-policy\/","name":"Pol\u00edtica de privacidad - ECO Animal Health","isPartOf":{"@id":"https:\/\/ecoanimalhealth.com\/#website"},"datePublished":"2023-05-09T08:18:11+00:00","dateModified":"2025-02-27T21:21:02+00:00","inLanguage":"es","potentialAction":[{"@type":"ReadAction","target":["https:\/\/ecoanimalhealth.com\/es\/privacy-policy\/"]}]},{"@type":"WebSite","@id":"https:\/\/ecoanimalhealth.com\/#website","url":"https:\/\/ecoanimalhealth.com\/","name":"ECO Animal Health","description":"","potentialAction":[{"@type":"SearchAction","target":{"@type":"EntryPoint","urlTemplate":"https:\/\/ecoanimalhealth.com\/?s={search_term_string}"},"query-input":"required name=search_term_string"}],"inLanguage":"es"}]}},"_links":{"self":[{"href":"https:\/\/ecoanimalhealth.com\/es\/wp-json\/wp\/v2\/pages\/8452","targetHints":{"allow":["GET"]}}],"collection":[{"href":"https:\/\/ecoanimalhealth.com\/es\/wp-json\/wp\/v2\/pages"}],"about":[{"href":"https:\/\/ecoanimalhealth.com\/es\/wp-json\/wp\/v2\/types\/page"}],"author":[{"embeddable":true,"href":"https:\/\/ecoanimalhealth.com\/es\/wp-json\/wp\/v2\/users\/2"}],"replies":[{"embeddable":true,"href":"https:\/\/ecoanimalhealth.com\/es\/wp-json\/wp\/v2\/comments?post=8452"}],"version-history":[{"count":0,"href":"https:\/\/ecoanimalhealth.com\/es\/wp-json\/wp\/v2\/pages\/8452\/revisions"}],"wp:attachment":[{"href":"https:\/\/ecoanimalhealth.com\/es\/wp-json\/wp\/v2\/media?parent=8452"}],"curies":[{"name":"wp","href":"https:\/\/api.w.org\/{rel}","templated":true}]}}