{"id":8454,"date":"2023-07-28T16:57:45","date_gmt":"2023-07-28T15:57:45","guid":{"rendered":"https:\/\/ecoanimalhealth.com\/accessibility\/"},"modified":"2025-02-27T21:12:56","modified_gmt":"2025-02-27T21:12:56","slug":"accessibility","status":"publish","type":"page","link":"https:\/\/ecoanimalhealth.com\/es\/accessibility\/","title":{"rendered":"Accesibilidad"},"content":{"rendered":"\n<section class=\"hero-small-section\">\n\t<div class=\"container\">\n\t\t<div class=\"row\">\n\n\t\t\t<div class=\"col-12 col-md-6 title-side waypoint\">\n\t\t\t\t\n\t\t\t\t\t\t\t\t<h2>Accesibilidad<\/h2>\n\t\t\t\t\t\t\t<\/div>\n\n\t\t\t<div class=\"col-12 col-md-6 image-side waypoint\">\n\t\t\t\t<div class=\"img-con full-bg\" style=\"background-image:url(https:\/\/ecoanimalhealth.com\/wp-content\/uploads\/2023\/07\/green_shape-1-1366x270.png);\"><\/div>\n\t\t\t<\/div>\n\t\t<\/div>\n\t<\/div>\n<\/section>\n\n\n<section class=\"spacer-section large light-grey\">\n<\/section>\n\n\n<section class=\"simple-text-section\">\n\t<div class=\"container\">\n\t\t<div class=\"row\">\n\t\t\t<div class=\"col-12 waypoint\">\n\t\t\t\t<h3>Somos conscientes de la importancia de ofrecer un sitio web que sea inclusivo y est\u00e9 disponible para cualquier grupo de usuarios.<\/h3>\n<p><em><strong>En esta p\u00e1gina se explica:<\/strong><\/em><\/p>\n<ul>\n<li>nuestro enfoque de accesibilidad para este sitio web;<\/li>\n<li>las funciones incluidas que mejoran la accesibilidad del sitio;<\/li>\n<li>qu\u00e9 hacer si tiene preguntas o comentarios.<\/li>\n<\/ul>\n<h3>Enfoque<\/h3>\n<p>Creemos que este sitio web cumple o supera los requisitos de los puntos de control de Prioridad 1 de la versi\u00f3n 1.0 de la Iniciativa para la <a href=\"https:\/\/www.w3.org\/TR\/WAI-WEBCONTENT\/\">Accesibilidad Web (WAI) del World Wide Web Consortium (W3C)<\/a>.<\/p>\n<h3>Funciones de accesibilidad<\/h3>\n<h4>Tama\u00f1o del texto<\/h4>\n<p>Puede cambiar el tama\u00f1o del texto usando la opci\u00f3n de modificaci\u00f3n del tama\u00f1o del texto del navegador (Vista&gt;Tama\u00f1o del texto).<\/p>\n<h4>Texto alternativo para im\u00e1genes<\/h4>\n<p>Todas las im\u00e1genes cuentan con su correspondiente texto alternativo.<\/p>\n<h4>Elementos del encabezado<\/h4>\n<p>Se han utilizado elementos de encabezado HTML para representar la estructura de la p\u00e1gina, lo que permite el uso de tecnolog\u00edas de asistencia para explorar el contenido de encabezado a encabezado.<\/p>\n<h4>Texto enlazado<\/h4>\n<p>Todos los hiperv\u00ednculos deber\u00edan tener sentido al leerse fuera de contexto y se presentan claramente en un estilo de texto diferente del utilizado para el cuerpo del texto.<\/p>\n<h4>Independencia de JavaScript<\/h4>\n<p>Siempre que se utiliza JavaScript o cualquier otro script para navegar o utilizar el sitio, se ofrece tambi\u00e9n un mecanismo alternativo para aquellos navegadores que no sean compatibles con dichos scripts.<\/p>\n<h4>Contraste de color<\/h4>\n<p>Hemos comprobado el texto y las combinaciones de fondos para garantizar que exista un contraste suficiente y verificar que el color no sea el \u00fanico atributo utilizado para destacar la informaci\u00f3n.<\/p>\n<h4>Hojas de estilo<\/h4>\n<p>Hemos utilizado Cascading Style Sheets (CSS) para controlar la presentaci\u00f3n de las p\u00e1ginas y utilizado especificaciones correctamente estructuradas para el contenido. De este modo, la informaci\u00f3n del sitio es accesible y legible incluso si las hojas de estilo no son compatibles o est\u00e1n deshabilitadas.<\/p>\n<h4>Preguntas y comentarios<\/h4>\n<p>Si tiene alg\u00fan problema para acceder a la informaci\u00f3n de este sitio web o quiere hacernos llegar sus comentarios, estaremos encantados de escucharle. No dude en ponerse en <a href=\"https:\/\/ecoanimalhealth.com\/es\/contact-us\/\">contacto con nosotros<\/a>.<\/p>\n<p>&nbsp;<\/p>\n\t\t\t<\/div>\n\t\t<\/div>\n\t<\/div>\n<\/section>\n\n\n\n<section class=\"spacer-section large light-grey\">\n<\/section>","protected":false},"excerpt":{"rendered":"","protected":false},"author":2,"featured_media":0,"parent":0,"menu_order":8,"comment_status":"closed","ping_status":"closed","template":"","meta":{"_searchwp_excluded":"","inline_featured_image":false,"footnotes":""},"class_list":["post-8454","page","type-page","status-publish","hentry"],"acf":[],"yoast_head":"<!-- This site is optimized with the Yoast SEO plugin v21.3 - https:\/\/yoast.com\/wordpress\/plugins\/seo\/ -->\n<title>Accesibilidad - ECO Animal Health<\/title>\n<meta name=\"robots\" content=\"index, follow, max-snippet:-1, max-image-preview:large, max-video-preview:-1\" \/>\n<link rel=\"canonical\" href=\"https:\/\/ecoanimalhealth.com\/es\/accessibility\/\" \/>\n<meta property=\"og:locale\" content=\"es_ES\" \/>\n<meta property=\"og:type\" content=\"article\" \/>\n<meta property=\"og:title\" content=\"Accesibilidad - ECO Animal Health\" \/>\n<meta property=\"og:url\" content=\"https:\/\/ecoanimalhealth.com\/es\/accessibility\/\" \/>\n<meta property=\"og:site_name\" content=\"ECO Animal Health\" \/>\n<meta property=\"article:modified_time\" content=\"2025-02-27T21:12:56+00:00\" \/>\n<meta name=\"twitter:card\" content=\"summary_large_image\" \/>\n<script type=\"application\/ld+json\" class=\"yoast-schema-graph\">{\"@context\":\"https:\/\/schema.org\",\"@graph\":[{\"@type\":\"WebPage\",\"@id\":\"https:\/\/ecoanimalhealth.com\/es\/accessibility\/\",\"url\":\"https:\/\/ecoanimalhealth.com\/es\/accessibility\/\",\"name\":\"Accesibilidad - ECO Animal Health\",\"isPartOf\":{\"@id\":\"https:\/\/ecoanimalhealth.com\/#website\"},\"datePublished\":\"2023-07-28T15:57:45+00:00\",\"dateModified\":\"2025-02-27T21:12:56+00:00\",\"inLanguage\":\"es\",\"potentialAction\":[{\"@type\":\"ReadAction\",\"target\":[\"https:\/\/ecoanimalhealth.com\/es\/accessibility\/\"]}]},{\"@type\":\"WebSite\",\"@id\":\"https:\/\/ecoanimalhealth.com\/#website\",\"url\":\"https:\/\/ecoanimalhealth.com\/\",\"name\":\"ECO Animal Health\",\"description\":\"\",\"potentialAction\":[{\"@type\":\"SearchAction\",\"target\":{\"@type\":\"EntryPoint\",\"urlTemplate\":\"https:\/\/ecoanimalhealth.com\/?s={search_term_string}\"},\"query-input\":\"required name=search_term_string\"}],\"inLanguage\":\"es\"}]}<\/script>\n<!-- \/ Yoast SEO plugin. -->","yoast_head_json":{"title":"Accesibilidad - ECO Animal Health","robots":{"index":"index","follow":"follow","max-snippet":"max-snippet:-1","max-image-preview":"max-image-preview:large","max-video-preview":"max-video-preview:-1"},"canonical":"https:\/\/ecoanimalhealth.com\/es\/accessibility\/","og_locale":"es_ES","og_type":"article","og_title":"Accesibilidad - ECO Animal Health","og_url":"https:\/\/ecoanimalhealth.com\/es\/accessibility\/","og_site_name":"ECO Animal Health","article_modified_time":"2025-02-27T21:12:56+00:00","twitter_card":"summary_large_image","schema":{"@context":"https:\/\/schema.org","@graph":[{"@type":"WebPage","@id":"https:\/\/ecoanimalhealth.com\/es\/accessibility\/","url":"https:\/\/ecoanimalhealth.com\/es\/accessibility\/","name":"Accesibilidad - ECO Animal Health","isPartOf":{"@id":"https:\/\/ecoanimalhealth.com\/#website"},"datePublished":"2023-07-28T15:57:45+00:00","dateModified":"2025-02-27T21:12:56+00:00","inLanguage":"es","potentialAction":[{"@type":"ReadAction","target":["https:\/\/ecoanimalhealth.com\/es\/accessibility\/"]}]},{"@type":"WebSite","@id":"https:\/\/ecoanimalhealth.com\/#website","url":"https:\/\/ecoanimalhealth.com\/","name":"ECO Animal Health","description":"","potentialAction":[{"@type":"SearchAction","target":{"@type":"EntryPoint","urlTemplate":"https:\/\/ecoanimalhealth.com\/?s={search_term_string}"},"query-input":"required name=search_term_string"}],"inLanguage":"es"}]}},"_links":{"self":[{"href":"https:\/\/ecoanimalhealth.com\/es\/wp-json\/wp\/v2\/pages\/8454","targetHints":{"allow":["GET"]}}],"collection":[{"href":"https:\/\/ecoanimalhealth.com\/es\/wp-json\/wp\/v2\/pages"}],"about":[{"href":"https:\/\/ecoanimalhealth.com\/es\/wp-json\/wp\/v2\/types\/page"}],"author":[{"embeddable":true,"href":"https:\/\/ecoanimalhealth.com\/es\/wp-json\/wp\/v2\/users\/2"}],"replies":[{"embeddable":true,"href":"https:\/\/ecoanimalhealth.com\/es\/wp-json\/wp\/v2\/comments?post=8454"}],"version-history":[{"count":0,"href":"https:\/\/ecoanimalhealth.com\/es\/wp-json\/wp\/v2\/pages\/8454\/revisions"}],"wp:attachment":[{"href":"https:\/\/ecoanimalhealth.com\/es\/wp-json\/wp\/v2\/media?parent=8454"}],"curies":[{"name":"wp","href":"https:\/\/api.w.org\/{rel}","templated":true}]}}