{"id":8456,"date":"2023-07-28T17:04:37","date_gmt":"2023-07-28T16:04:37","guid":{"rendered":"https:\/\/ecoanimalhealth.com\/disclaimer\/"},"modified":"2025-03-24T12:28:23","modified_gmt":"2025-03-24T12:28:23","slug":"disclaimer","status":"publish","type":"page","link":"https:\/\/ecoanimalhealth.com\/es\/disclaimer\/","title":{"rendered":"Aclaraciones"},"content":{"rendered":"\n<section class=\"hero-small-section\">\n\t<div class=\"container\">\n\t\t<div class=\"row\">\n\n\t\t\t<div class=\"col-12 col-md-6 title-side waypoint\">\n\t\t\t\t\n\t\t\t\t\t\t\t\t<h2>Aclaraciones<\/h2>\n\t\t\t\t\t\t\t<\/div>\n\n\t\t\t<div class=\"col-12 col-md-6 image-side waypoint\">\n\t\t\t\t<div class=\"img-con full-bg\" style=\"background-image:url(https:\/\/ecoanimalhealth.com\/wp-content\/uploads\/2023\/07\/green_shape-1-1366x270.png);\"><\/div>\n\t\t\t<\/div>\n\t\t<\/div>\n\t<\/div>\n<\/section>\n\n\n<section class=\"spacer-section large light-grey\">\n<\/section>\n\n\n<section class=\"simple-text-section\">\n\t<div class=\"container\">\n\t\t<div class=\"row\">\n\t\t\t<div class=\"col-12 waypoint\">\n\t\t\t\t<h3>Aclaraciones<\/h3>\n<p>Las p\u00e1ginas que aparecen en el sitio web (\u00abel sitio web\u00bb) han sido publicadas por Carr Kamasa Design Ltd (\u00abnosotros\u00bb) en nombre de ECO Animal Health Group plc (\u00abECO Animal Health Group plc\u00bb).<\/p>\n<p>Le rogamos que lea atentamente nuestras condiciones de uso, ya que entenderemos que acepta regirse por ellas cuando utilice el sitio web. Nos reservamos el derecho a modificar las condiciones de uso en cualquier momento y nos comprometemos a publicar cualquier modificaci\u00f3n en esta secci\u00f3n. Puesto que se considerar\u00e1 que ha aceptado dichas modificaciones si contin\u00faa utilizando el sitio web despu\u00e9s de que se hayan publicado, le recomendamos que revise las condiciones de uso con regularidad.<\/p>\n<p>La informaci\u00f3n que publicamos en el sitio web ha sido facilitada por ECO Animal Health Group plc y, cuando as\u00ed se indique, por terceros. Aunque hemos tomado todas las precauciones necesarias para garantizar que la informaci\u00f3n publicada en el sitio web sea exacta en el momento de su publicaci\u00f3n y se actualice peri\u00f3dicamente, ni nosotros ni ECO Animal Health Group plc garantizamos su exactitud, y podr\u00edamos modificarla en cualquier momento sin previo aviso.<\/p>\n<p>EL SITIO WEB SE PUBLICA \u00abTAL CUAL\u00bb Y SIN QUE SE PRESTEN GARANT\u00cdAS DE NING\u00daN TIPO \u2014YA SEAN EXPRESAS O IMPL\u00cdCITAS\u2014 EN RELACI\u00d3N CON SU FUNCIONAMIENTO O LA EXACTITUD DE LA INFORMACI\u00d3N O DE LOS PRODUCTOS O SERVICIOS A LOS QUE SE HACE REFERENCIA EN \u00c9L (EN LA MEDIDA EN QUE DICHAS GARANT\u00cdAS PUEDAN EXCLUIRSE EN VIRTUD DE CUALQUIER LEY VIGENTE). POR TANTO, NI NOSOTROS NI ECO ANIMAL HEALTH GROUP PLC NOS HAREMOS RESPONSABLES DE LAS P\u00c9RDIDAS O DA\u00d1OS QUE PUDIERAN DERIVARSE DEL USO DEL SITIO WEB COMO CONSECUENCIA DE CUALQUIER IMPRECISI\u00d3N U OMISI\u00d3N EN LA INFORMACI\u00d3N QUE CONTENGA.<\/p>\n<p>La informaci\u00f3n contenida en el sitio web no constituye una invitaci\u00f3n a invertir en las acciones ni en ning\u00fan otro producto o servicio de ECO Animal Health Group plc, a negociar de cualquier otro modo con los mismos, ni a celebrar ning\u00fan contrato con ECO Animal Health Group plc ni con ninguna otra empresa. La informaci\u00f3n facilitada no debe utilizarse como base en ninguna decisi\u00f3n de inversi\u00f3n.<\/p>\n<p>La rentabilidad hist\u00f3rica de ECO Animal Health Group plc o de cualquier otra empresa a la que se haga referencia en el sitio web no deben interpretarse como una indicaci\u00f3n fiable de su rentabilidad futura. El precio de las acciones y las rentas derivadas de ellas pueden tanto reducirse como aumentar, y es posible que los inversores no recuperen el importe invertido inicialmente.<\/p>\n<p>Cualquier referencia a cualquier producto o servicio que haya sido o pueda ser proporcionado por ECO Animal Health Group plc o cualquier otra empresa no constituye una promesa de que dicho producto o servicio vaya a estar disponible en un momento dado. Dichos productos o servicios podr\u00edan experimentar cambios o mejoras en cualquier momento y sin previo aviso.<\/p>\n<p>El copyright de estas p\u00e1ginas es propiedad de Carr Kamasa Design. Salvo en aquellos casos en los que se indique lo contrario mediante el correspondiente aviso de propiedad de terceros, ECO Animal Health Group plc es el propietario del copyright del contenido publicado en el sitio web. Las im\u00e1genes, las marcas comerciales y las marcas tambi\u00e9n est\u00e1n protegidas en virtud de otras leyes de propiedad intelectual y no deben ser reproducidas ni utilizadas de ning\u00fan modo sin el consentimiento por escrito de sus respectivos propietarios. Salvo que se proh\u00edba expresamente mediante un aviso publicado en cualquier p\u00e1gina, tiene derecho a realizar una copia impresa de las partes del sitio web que pueda necesitar razonablemente para su uso personal, siempre que dicha copia lleve adjuntos los avisos de propiedad y\/o renuncia pertinentes. Cualquier uso distinto del anterior queda terminantemente prohibido.<\/p>\n<p>El contenido y la informaci\u00f3n proporcionados por terceros distintos de ECO Animal Health Group plc se identifican claramente cada vez que aparecen. Publicamos este contenido tal y como se nos ha facilitado, y no asumimos ninguna responsabilidad sobre su exactitud o actualidad. Usted es el responsable de tomar las medidas oportunas para verificar esta informaci\u00f3n antes de basarse en ella. Asimismo, no asumimos ninguna responsabilidad por el contenido de ning\u00fan otro sitio web desde el que haya accedido al sitio web o al que pueda acceder mediante un hiperv\u00ednculo desde el sitio web, como tampoco por ninguna p\u00e9rdida o da\u00f1o que pudiera sufrir como consecuencia del acceso a dicho contenido.<\/p>\n<p>Las presentes condiciones de uso se rigen por las leyes de Inglaterra y Gales, y usted acepta que los tribunales ingleses tendr\u00e1n la jurisdicci\u00f3n exclusiva en cualquier disputa relacionada con ellas.<\/p>\n<p>Si cualquier parte de las presentes condiciones de uso fuese declarada inv\u00e1lida, ilegal o inaplicable por un tribunal competente, dicha parte quedar\u00e1 separada del resto de las condiciones de uso, que conservar\u00e1n pleno vigor y efecto en la medida en la que la ley lo permita.<\/p>\n\t\t\t<\/div>\n\t\t<\/div>\n\t<\/div>\n<\/section>\n\n\n\n<section class=\"spacer-section large light-grey\">\n<\/section>","protected":false},"excerpt":{"rendered":"","protected":false},"author":2,"featured_media":0,"parent":0,"menu_order":9,"comment_status":"closed","ping_status":"closed","template":"","meta":{"_searchwp_excluded":"","inline_featured_image":false,"footnotes":""},"class_list":["post-8456","page","type-page","status-publish","hentry"],"acf":[],"yoast_head":"<!-- This site is optimized with the Yoast SEO plugin v21.3 - https:\/\/yoast.com\/wordpress\/plugins\/seo\/ -->\n<title>Aclaraciones - ECO Animal Health<\/title>\n<meta name=\"robots\" content=\"index, follow, max-snippet:-1, max-image-preview:large, max-video-preview:-1\" \/>\n<link rel=\"canonical\" href=\"https:\/\/ecoanimalhealth.com\/es\/disclaimer\/\" \/>\n<meta property=\"og:locale\" content=\"es_ES\" \/>\n<meta property=\"og:type\" content=\"article\" \/>\n<meta property=\"og:title\" content=\"Aclaraciones - ECO Animal Health\" \/>\n<meta property=\"og:url\" content=\"https:\/\/ecoanimalhealth.com\/es\/disclaimer\/\" \/>\n<meta property=\"og:site_name\" content=\"ECO Animal Health\" \/>\n<meta property=\"article:modified_time\" content=\"2025-03-24T12:28:23+00:00\" \/>\n<meta name=\"twitter:card\" content=\"summary_large_image\" \/>\n<script type=\"application\/ld+json\" class=\"yoast-schema-graph\">{\"@context\":\"https:\/\/schema.org\",\"@graph\":[{\"@type\":\"WebPage\",\"@id\":\"https:\/\/ecoanimalhealth.com\/es\/disclaimer\/\",\"url\":\"https:\/\/ecoanimalhealth.com\/es\/disclaimer\/\",\"name\":\"Aclaraciones - ECO Animal Health\",\"isPartOf\":{\"@id\":\"https:\/\/ecoanimalhealth.com\/#website\"},\"datePublished\":\"2023-07-28T16:04:37+00:00\",\"dateModified\":\"2025-03-24T12:28:23+00:00\",\"inLanguage\":\"es\",\"potentialAction\":[{\"@type\":\"ReadAction\",\"target\":[\"https:\/\/ecoanimalhealth.com\/es\/disclaimer\/\"]}]},{\"@type\":\"WebSite\",\"@id\":\"https:\/\/ecoanimalhealth.com\/#website\",\"url\":\"https:\/\/ecoanimalhealth.com\/\",\"name\":\"ECO Animal Health\",\"description\":\"\",\"potentialAction\":[{\"@type\":\"SearchAction\",\"target\":{\"@type\":\"EntryPoint\",\"urlTemplate\":\"https:\/\/ecoanimalhealth.com\/?s={search_term_string}\"},\"query-input\":\"required name=search_term_string\"}],\"inLanguage\":\"es\"}]}<\/script>\n<!-- \/ Yoast SEO plugin. -->","yoast_head_json":{"title":"Aclaraciones - ECO Animal Health","robots":{"index":"index","follow":"follow","max-snippet":"max-snippet:-1","max-image-preview":"max-image-preview:large","max-video-preview":"max-video-preview:-1"},"canonical":"https:\/\/ecoanimalhealth.com\/es\/disclaimer\/","og_locale":"es_ES","og_type":"article","og_title":"Aclaraciones - ECO Animal Health","og_url":"https:\/\/ecoanimalhealth.com\/es\/disclaimer\/","og_site_name":"ECO Animal Health","article_modified_time":"2025-03-24T12:28:23+00:00","twitter_card":"summary_large_image","schema":{"@context":"https:\/\/schema.org","@graph":[{"@type":"WebPage","@id":"https:\/\/ecoanimalhealth.com\/es\/disclaimer\/","url":"https:\/\/ecoanimalhealth.com\/es\/disclaimer\/","name":"Aclaraciones - ECO Animal Health","isPartOf":{"@id":"https:\/\/ecoanimalhealth.com\/#website"},"datePublished":"2023-07-28T16:04:37+00:00","dateModified":"2025-03-24T12:28:23+00:00","inLanguage":"es","potentialAction":[{"@type":"ReadAction","target":["https:\/\/ecoanimalhealth.com\/es\/disclaimer\/"]}]},{"@type":"WebSite","@id":"https:\/\/ecoanimalhealth.com\/#website","url":"https:\/\/ecoanimalhealth.com\/","name":"ECO Animal Health","description":"","potentialAction":[{"@type":"SearchAction","target":{"@type":"EntryPoint","urlTemplate":"https:\/\/ecoanimalhealth.com\/?s={search_term_string}"},"query-input":"required name=search_term_string"}],"inLanguage":"es"}]}},"_links":{"self":[{"href":"https:\/\/ecoanimalhealth.com\/es\/wp-json\/wp\/v2\/pages\/8456","targetHints":{"allow":["GET"]}}],"collection":[{"href":"https:\/\/ecoanimalhealth.com\/es\/wp-json\/wp\/v2\/pages"}],"about":[{"href":"https:\/\/ecoanimalhealth.com\/es\/wp-json\/wp\/v2\/types\/page"}],"author":[{"embeddable":true,"href":"https:\/\/ecoanimalhealth.com\/es\/wp-json\/wp\/v2\/users\/2"}],"replies":[{"embeddable":true,"href":"https:\/\/ecoanimalhealth.com\/es\/wp-json\/wp\/v2\/comments?post=8456"}],"version-history":[{"count":0,"href":"https:\/\/ecoanimalhealth.com\/es\/wp-json\/wp\/v2\/pages\/8456\/revisions"}],"wp:attachment":[{"href":"https:\/\/ecoanimalhealth.com\/es\/wp-json\/wp\/v2\/media?parent=8456"}],"curies":[{"name":"wp","href":"https:\/\/api.w.org\/{rel}","templated":true}]}}