{"id":8458,"date":"2023-09-14T10:01:28","date_gmt":"2023-09-14T09:01:28","guid":{"rendered":"https:\/\/ecoanimalhealth.com\/modern-slavery-act-2015-statement\/"},"modified":"2025-05-28T15:45:57","modified_gmt":"2025-05-28T14:45:57","slug":"modern-slavery-act-2015-statement","status":"publish","type":"page","link":"https:\/\/ecoanimalhealth.com\/es\/modern-slavery-act-2015-statement\/","title":{"rendered":"Declaraci\u00f3n de la Ley de Esclavitud Moderna de 2015"},"content":{"rendered":"\n<section class=\"hero-small-section\">\n\t<div class=\"container\">\n\t\t<div class=\"row\">\n\n\t\t\t<div class=\"col-12 col-md-6 title-side waypoint\">\n\t\t\t\t\n\t\t\t\t\t\t\t\t<h2>Declaraci\u00f3n de la Ley de Esclavitud Moderna de 2015<\/h2>\n\t\t\t\t\t\t\t<\/div>\n\n\t\t\t<div class=\"col-12 col-md-6 image-side waypoint\">\n\t\t\t\t<div class=\"img-con full-bg\" style=\"background-image:url(https:\/\/ecoanimalhealth.com\/wp-content\/uploads\/2023\/07\/green_shape-1-1366x270.png);\"><\/div>\n\t\t\t<\/div>\n\t\t<\/div>\n\t<\/div>\n<\/section>\n\n\n<section class=\"spacer-section medium light-grey\">\n<\/section>\n\n\n<section class=\"simple-text-section\">\n\t<div class=\"container\">\n\t\t<div class=\"row\">\n\t\t\t<div class=\"col-12 waypoint\">\n\t\t\t\t<h2>Declaraci\u00f3n de la Ley de Esclavitud Moderna de 2015<\/h2>\n<h4><\/h4>\n<h5>Nuestra Pol\u00edtica<\/h5>\n<p>ECO Animal Health Group Plc (ECO) se opone a la esclavitud y la trata de personas en cualquier parte de su negocio o cadena de suministro. Por lo tanto, estamos comprometidos a garantizar que tengamos procedimientos y acciones adecuadas para identificar y prevenir estas pr\u00e1cticas.<\/p>\n<h5>Nuestro Negocio<\/h5>\n<p>ECO desarrolla, registra y distribuye productos farmac\u00e9uticos para los mercados globales de salud animal. ECO es una empresa p\u00fablica que cotiza en el mercado AIM de la Bolsa de Valores de Londres y tiene su sede en el Reino Unido, empleando a m\u00e1s de 200 personas en siete oficinas globales. Somos una empresa semi-virtual, que hace un uso extensivo de organizaciones de investigaci\u00f3n por contrato y fabricantes externos para llevar a cabo nuestros proyectos de investigaci\u00f3n y producir nuestros productos. Vendemos en m\u00e1s de 70 pa\u00edses a trav\u00e9s de subsidiarias, empresas conjuntas, operaciones conjuntas y distribuidores externos.<\/p>\n<h5>Nuestras Cadenas de Suministro<\/h5>\n<p>Todas las cadenas de suministro de ECO operan dentro del sector farmac\u00e9utico altamente regulado y deben cumplir con los requisitos de Buenas Pr\u00e1cticas de Manufactura (GMP) y Buenas Pr\u00e1cticas de Distribuci\u00f3n (GDP) para garantizar que nuestros productos se produzcan, controlen y env\u00eden de acuerdo con los est\u00e1ndares de calidad. Los reguladores nacionales realizan inspecciones regulares y ECO lleva a cabo sus propias auditor\u00edas de nuestros proveedores y fabricantes externos para garantizar el cumplimiento continuo de GMP.<\/p>\n<p>Estamos comprometidos a garantizar que no haya esclavitud moderna ni trata de personas en nuestras cadenas de suministro ni en ninguna parte de nuestro negocio. Como parte de nuestro cumplimiento con nuestra pol\u00edtica de esclavitud y trata de personas, que refleja nuestro compromiso de actuar \u00e9ticamente y con integridad en todas nuestras relaciones comerciales y de implementar y hacer cumplir sistemas y controles efectivos para garantizar que la esclavitud y la trata de personas no se lleven a cabo en ninguna parte de nuestras cadenas de suministro, hemos, por ejemplo:<\/p>\n<ul>\n<li>Hemos escrito a todas nuestras subsidiarias y fabricantes contratados globales primarios para explicar el contexto global y la extensi\u00f3n de la esclavitud, servidumbre, trabajo forzado y trata de personas. Hemos compartido el compromiso de ECO de proteger a los trabajadores y erradicar pr\u00e1cticas da\u00f1inas e ilegales en todas nuestras cadenas de suministro globales y hemos obtenido su compromiso firmado de tomar medidas positivas para garantizar que la esclavitud moderna no tenga lugar en sus negocios ni en la cadena de suministro.<\/li>\n<li>Entre el 1 de abril de 2024 y el 31 de marzo de 2025, ECO ha completado 30 auditor\u00edas y evaluaciones de Buenas Pr\u00e1cticas de Manufactura\/Distribuci\u00f3n\/Cl\u00ednicas en los fabricantes contratados de ECO, Organizaciones de Investigaci\u00f3n Cl\u00ednica y proveedores a nivel mundial, que incluyen sitios ubicados en China, EE. UU., Reino Unido, Europa y Am\u00e9rica Latina. Durante estas visitas y auditor\u00edas, no se identificaron observaciones ni preocupaciones relacionadas con pr\u00e1cticas de esclavitud moderna.<\/li>\n<\/ul>\n<h5>Nuestras Pol\u00edticas Relevantes<\/h5>\n<p>Nuestra pol\u00edtica sobre esclavitud y trata de personas se establece al comienzo de esta declaraci\u00f3n.<\/p>\n<p>En consonancia con el compromiso de ECO de actuar con integridad en todas sus transacciones comerciales, muchas de nuestras pol\u00edticas existentes son relevantes para garantizar que no haya esclavitud ni trata de personas en ninguna parte del negocio. Nuestras pol\u00edticas relevantes incluyen:<\/p>\n<ul>\n<li>Pol\u00edtica Antisoborno y Corrupci\u00f3n<\/li>\n<li>Pol\u00edtica Antiacoso y Bullying<\/li>\n<li>Pol\u00edtica de Capacidad<\/li>\n<li>Declaraci\u00f3n de Igualdad de Oportunidades<\/li>\n<li>Pol\u00edtica de Denuncias<\/li>\n<li>Procedimiento de Quejas<\/li>\n<\/ul>\n<h5>Capacitaci\u00f3n<\/h5>\n<p>La capacitaci\u00f3n se realiza regularmente para garantizar que nuestro personal comprenda los riesgos de la esclavitud moderna y la trata de personas en nuestro negocio y cadenas de suministro, c\u00f3mo pueden identificar si est\u00e1 ocurriendo y qu\u00e9 acciones deben tomar. Ejemplos de dicha capacitaci\u00f3n son los siguientes:<\/p>\n<ul>\n<li>Entre el 1 de abril de 2024 y el 31 de marzo de 2025, nuestro consultor de capacitaci\u00f3n externo, Peel Solutions Ltd, realiz\u00f3 tres sesiones de capacitaci\u00f3n en l\u00ednea de 2 horas (acreditadas por CPD) a 33 empleados de ECO. Estas fueron una mezcla de nuevos empleados que recibieron capacitaci\u00f3n de ECO por primera vez y empleados existentes que recibieron capacitaci\u00f3n de actualizaci\u00f3n de acuerdo con nuestro programa de capacitaci\u00f3n continuo.<\/li>\n<li>Para satisfacer nuestras necesidades cambiantes, se evaluaron tres empresas de capacitaci\u00f3n durante el a\u00f1o pasado para la entrega de capacitaci\u00f3n actualizada sobre esclavitud moderna. La empresa elegida, KnowBe4, entregar\u00e1 un m\u00f3dulo en l\u00ednea sobre Esclavitud Moderna en el Reino Unido a partir del 1 de abril de 2025 a todo el personal de ECO de manera anual y obligatoria.<\/li>\n<\/ul>\n<h5>Monitoreo<\/h5>\n<p>ECO ha establecido un monitoreo para evaluar la efectividad de nuestros procedimientos y actividades para garantizar que la esclavitud moderna y la trata de personas no se lleven a cabo en ninguna parte de nuestro negocio ni cadenas de suministro.<\/p>\n<h5>Aprobaci\u00f3n de la Junta<\/h5>\n<p>Esta declaraci\u00f3n se realiza de conformidad con la secci\u00f3n 54(1) de la Ley de Esclavitud Moderna de 2015 y constituye nuestra declaraci\u00f3n de esclavitud y trata de personas a partir de abril de 2025.<\/p>\n<p>El director responsable de esta declaraci\u00f3n de Esclavitud Moderna, que ha sido aprobada por la Junta Directiva de ECO Animal Health, es David Hallas, Director Ejecutivo.<\/p>\n<p>22 de mayo de 2025<\/p>\n\t\t\t<\/div>\n\t\t<\/div>\n\t<\/div>\n<\/section>\n","protected":false},"excerpt":{"rendered":"","protected":false},"author":2,"featured_media":0,"parent":0,"menu_order":11,"comment_status":"closed","ping_status":"closed","template":"","meta":{"_searchwp_excluded":"","inline_featured_image":false,"footnotes":""},"class_list":["post-8458","page","type-page","status-publish","hentry"],"acf":[],"yoast_head":"<!-- This site is optimized with the Yoast SEO plugin v21.3 - https:\/\/yoast.com\/wordpress\/plugins\/seo\/ -->\n<title>Declaraci\u00f3n de la Ley de Esclavitud Moderna de 2015 - ECO Animal Health<\/title>\n<meta name=\"robots\" content=\"index, follow, max-snippet:-1, max-image-preview:large, max-video-preview:-1\" \/>\n<link rel=\"canonical\" href=\"https:\/\/ecoanimalhealth.com\/es\/modern-slavery-act-2015-statement\/\" \/>\n<meta property=\"og:locale\" content=\"es_ES\" \/>\n<meta property=\"og:type\" content=\"article\" \/>\n<meta property=\"og:title\" content=\"Declaraci\u00f3n de la Ley de Esclavitud Moderna de 2015 - ECO Animal Health\" \/>\n<meta property=\"og:url\" content=\"https:\/\/ecoanimalhealth.com\/es\/modern-slavery-act-2015-statement\/\" \/>\n<meta property=\"og:site_name\" content=\"ECO Animal Health\" \/>\n<meta property=\"article:modified_time\" content=\"2025-05-28T14:45:57+00:00\" \/>\n<meta name=\"twitter:card\" content=\"summary_large_image\" \/>\n<script type=\"application\/ld+json\" class=\"yoast-schema-graph\">{\"@context\":\"https:\/\/schema.org\",\"@graph\":[{\"@type\":\"WebPage\",\"@id\":\"https:\/\/ecoanimalhealth.com\/es\/modern-slavery-act-2015-statement\/\",\"url\":\"https:\/\/ecoanimalhealth.com\/es\/modern-slavery-act-2015-statement\/\",\"name\":\"Declaraci\u00f3n de la Ley de Esclavitud Moderna de 2015 - ECO Animal Health\",\"isPartOf\":{\"@id\":\"https:\/\/ecoanimalhealth.com\/#website\"},\"datePublished\":\"2023-09-14T09:01:28+00:00\",\"dateModified\":\"2025-05-28T14:45:57+00:00\",\"inLanguage\":\"es\",\"potentialAction\":[{\"@type\":\"ReadAction\",\"target\":[\"https:\/\/ecoanimalhealth.com\/es\/modern-slavery-act-2015-statement\/\"]}]},{\"@type\":\"WebSite\",\"@id\":\"https:\/\/ecoanimalhealth.com\/#website\",\"url\":\"https:\/\/ecoanimalhealth.com\/\",\"name\":\"ECO Animal Health\",\"description\":\"\",\"potentialAction\":[{\"@type\":\"SearchAction\",\"target\":{\"@type\":\"EntryPoint\",\"urlTemplate\":\"https:\/\/ecoanimalhealth.com\/?s={search_term_string}\"},\"query-input\":\"required name=search_term_string\"}],\"inLanguage\":\"es\"}]}<\/script>\n<!-- \/ Yoast SEO plugin. -->","yoast_head_json":{"title":"Declaraci\u00f3n de la Ley de Esclavitud Moderna de 2015 - ECO Animal Health","robots":{"index":"index","follow":"follow","max-snippet":"max-snippet:-1","max-image-preview":"max-image-preview:large","max-video-preview":"max-video-preview:-1"},"canonical":"https:\/\/ecoanimalhealth.com\/es\/modern-slavery-act-2015-statement\/","og_locale":"es_ES","og_type":"article","og_title":"Declaraci\u00f3n de la Ley de Esclavitud Moderna de 2015 - ECO Animal Health","og_url":"https:\/\/ecoanimalhealth.com\/es\/modern-slavery-act-2015-statement\/","og_site_name":"ECO Animal Health","article_modified_time":"2025-05-28T14:45:57+00:00","twitter_card":"summary_large_image","schema":{"@context":"https:\/\/schema.org","@graph":[{"@type":"WebPage","@id":"https:\/\/ecoanimalhealth.com\/es\/modern-slavery-act-2015-statement\/","url":"https:\/\/ecoanimalhealth.com\/es\/modern-slavery-act-2015-statement\/","name":"Declaraci\u00f3n de la Ley de Esclavitud Moderna de 2015 - ECO Animal Health","isPartOf":{"@id":"https:\/\/ecoanimalhealth.com\/#website"},"datePublished":"2023-09-14T09:01:28+00:00","dateModified":"2025-05-28T14:45:57+00:00","inLanguage":"es","potentialAction":[{"@type":"ReadAction","target":["https:\/\/ecoanimalhealth.com\/es\/modern-slavery-act-2015-statement\/"]}]},{"@type":"WebSite","@id":"https:\/\/ecoanimalhealth.com\/#website","url":"https:\/\/ecoanimalhealth.com\/","name":"ECO Animal Health","description":"","potentialAction":[{"@type":"SearchAction","target":{"@type":"EntryPoint","urlTemplate":"https:\/\/ecoanimalhealth.com\/?s={search_term_string}"},"query-input":"required name=search_term_string"}],"inLanguage":"es"}]}},"_links":{"self":[{"href":"https:\/\/ecoanimalhealth.com\/es\/wp-json\/wp\/v2\/pages\/8458","targetHints":{"allow":["GET"]}}],"collection":[{"href":"https:\/\/ecoanimalhealth.com\/es\/wp-json\/wp\/v2\/pages"}],"about":[{"href":"https:\/\/ecoanimalhealth.com\/es\/wp-json\/wp\/v2\/types\/page"}],"author":[{"embeddable":true,"href":"https:\/\/ecoanimalhealth.com\/es\/wp-json\/wp\/v2\/users\/2"}],"replies":[{"embeddable":true,"href":"https:\/\/ecoanimalhealth.com\/es\/wp-json\/wp\/v2\/comments?post=8458"}],"version-history":[{"count":0,"href":"https:\/\/ecoanimalhealth.com\/es\/wp-json\/wp\/v2\/pages\/8458\/revisions"}],"wp:attachment":[{"href":"https:\/\/ecoanimalhealth.com\/es\/wp-json\/wp\/v2\/media?parent=8458"}],"curies":[{"name":"wp","href":"https:\/\/api.w.org\/{rel}","templated":true}]}}