{"id":8494,"date":"2023-05-12T10:53:43","date_gmt":"2023-05-12T09:53:43","guid":{"rendered":"https:\/\/ecoanimalhealth.com\/about-us\/"},"modified":"2025-03-24T11:58:10","modified_gmt":"2025-03-24T11:58:10","slug":"about-us","status":"publish","type":"page","link":"https:\/\/ecoanimalhealth.com\/pt\/about-us\/","title":{"rendered":"Sobre n\u00f3s"},"content":{"rendered":"\n<section class=\"hero-section full-bg \" style=\"background-image:url(https:\/\/ecoanimalhealth.com\/wp-content\/uploads\/2023\/07\/pigs_path-2600x1113.jpg);\">\n\t<div class=\"container\">\n\t\t<div class=\"row\">\n\n\t\t\t<div class=\"col-12 waypoint\">\n\t\t\t\t\t\t\t\t<div class=\"text\">\n\t\t\t\t\t\t\t\t\t\t<h2>Quem somos<\/h2>\n<p>A ECO Animal Health \u00e9 uma empresa brit\u00e2nica com presen\u00e7a global, empenhada em fornecer solu\u00e7\u00f5es para doen\u00e7as respirat\u00f3rias e ent\u00e9ricas economicamente importantes em su\u00ednos e aves. Os nossos produtos e conhecimentos melhoram a sa\u00fade e o bem-estar dos su\u00ednos e das aves.<\/p>\n<p>Nosso compromisso com nossos clientes \u00e9 fornecer produtos de alta qualidade consistente, apoiados por equipes focadas no cliente.<\/p>\n\t\t\t\t\t\n\t\t\t\t\t\t\t\t\t<\/div>\n\t\t\t\t\n\t\t\t<\/div>\n\t\t\t\n\n\t\t<\/div>\n\t<\/div>\n<\/section>\n\n\n<section class=\"spacer-section large light-grey\">\n<\/section>\n\n\n<section class=\"text-image-cta-section\">\n\t<div class=\"container\">\n\t\t<div class=\"row\">\n\n\t\t\t<div class=\"col-12 col-md-6 text-side waypoint\">\n\n\t\t\t\t\t\t\t\t<h5>A nossa miss\u00e3o, vis\u00e3o e valores<\/h5>\n<h3>A nossa miss\u00e3o<\/h3>\n<p>A ECO Animal Health esfor\u00e7a-se por fornecer as melhores solu\u00e7\u00f5es \u00e9ticas, cientificamente comprovadas, para otimizar a sa\u00fade, a produtividade e o bem-estar dos su\u00ednos e das aves.<\/p>\n<h3>A nossa vis\u00e3o<\/h3>\n<p>Nosso objetivo \u00e9 fazer isso de forma sustent\u00e1vel, trabalhando em parceria com profissionais de sa\u00fade animal e produtores, agregando valor a todos por meio da melhoria da cria\u00e7\u00e3o de animais em todo o mundo.<\/p>\n\t\t\t\t\t\t\t\t\n\t\t\t\t\t\t\t<\/div>\n\n\t\t\t<div class=\"col-12 col-md-6 cta-side waypoint\">\n\t\t\t\t<div class=\"img-con full-bg\" data-done=\"false\" data-img=\"https:\/\/ecoanimalhealth.com\/wp-content\/uploads\/2023\/08\/our_values_background_2-645x1002.jpg\">\n\t\t\t\t\t\t\t\t\t\t<div class=\"cta-con\">\n\t\t\t\t\t\t\t\t\t\t\t\t<h3>Os nossos valores<\/h3>\n<p>Os nossos valores enquadram-se nos \u201c3 C\u201d de: Colabora\u00e7\u00e3o, Compromisso e Curiosidade.<\/p>\n<ul>\n<li><strong>Colabora\u00e7\u00e3o:<\/strong> Reconhecemos e respeitamos as contribui\u00e7\u00f5es e compet\u00eancias de todos. Investimos em rela\u00e7\u00f5es e criamos confian\u00e7a.<\/li>\n<li><span data-sheets-root=\"1\"><strong>Compromisso:<\/strong> Estamos empenhados e somos respons\u00e1veis pela constru\u00e7\u00e3o de rela\u00e7\u00f5es duradouras e produtivas com os nossos clientes internos e externos. Estabelecemos um elevado padr\u00e3o profissional e honramos as nossas promessas e objetivos.<\/span><\/li>\n<li><strong>Curiosidade:<\/strong> Revisamos e melhoramos constantemente. Somos inovadores e estamos aprendendo continuamente.<\/li>\n<\/ul>\n\t\t\t\t\t\t\n\t\t\t\t\t\t\t\t\t\t\t<\/div>\n\t\t\t\t\t\t\t\t\t<\/div>\n\t\t\t<\/div>\n\t\t<\/div>\n\t<\/div>\n<\/section>\n\n\n<section class=\"spacer-section large light-grey\">\n<\/section>\n\n\n<section class=\"spacer-section large white\">\n<\/section>\n\n\n<section class=\"title-text-option-3-section\">\n\t<div class=\"container\">\n\t\t<div class=\"row\">\n\n\t\t\t<div class=\"col-12 top-text waypoint\">\n\t\t\t\t\t\t\t\t<h5>Inova\u00e7\u00e3o<\/h5>\n<h3>Como fornecedora de solu\u00e7\u00f5es integradas, a ECO Animal Health est\u00e1 buscando produtos biol\u00f3gicos para su\u00ednos e aves para complementar sua oferta terap\u00eautica contra pat\u00f3genos importantes.<\/h3>\n\t\t\t\t\t\t\t<\/div>\n\n\t\t\t<div class=\"col-12 col-lg-4 space waypoint\">\n\t\t\t\t<img decoding=\"async\" src=\"https:\/\/ecoanimalhealth.com\/wp-content\/themes\/eco\/assets\/images\/column-side-4.svg\"\/>\n\t\t\t<\/div>\n\t\t\t\n\t\t\t\t\t\t<div class=\"col-12 col-lg-8 other\">\n\t\t\t\t<div class=\"container\">\n\t\t\t\t\t<div class=\"row\">\n\t\t\t\t\t\t\t\t\t\t\t\t\t\t\t\t\t\t\t\t\t\t\t\t\t\t\t\t\t\t<div class=\"col-12 col-md-6 slim waypoint\">\n\t\t\t\t\t\t\t\t\t\t\t\t\t\t<img width=\"507\" height=\"369\" data-done=\"false\" data-img=\"https:\/\/ecoanimalhealth.com\/wp-content\/uploads\/2023\/07\/eggs_research-507x369.jpg\" alt=\"Researcher carrying out test on eggs in a laboratory\">\n\t\t\t\t\t\t\t\t\t\t\t\t\t\t<h4>Projetos de pesquisa<\/h4>\n<p>A ECO tamb\u00e9m est\u00e1 colaborando com institui\u00e7\u00f5es de pesquisa no desenvolvimento de uma vacina exclusiva baseada em tecnologias inovadoras para o v\u00edrus da doen\u00e7a de Marek (MDV), v\u00edrus da doen\u00e7a da bursa infecciosa (IBDV), v\u00edrus da doen\u00e7a de Newcastle (NDV) e v\u00edrus da laringotraque\u00edte infecciosa (ILTV) e no desenvolvimento de uma nova abordagem biofarmac\u00eautica para o controle do v\u00edrus da bronquite infecciosa (IBV).<\/p>\n\t\t\t\t\t\t<\/div>\n\t\t\t\t\t\t\t\t\t\t\t\t\t\t\t\t\t\t\t\t\t\t\t\t\t\t\t\t\t\t\t\t\t\t\t\t<div class=\"col-12 col-md-6 slim waypoint\">\n\t\t\t\t\t\t\t\t\t\t\t\t\t\t<img width=\"507\" height=\"369\" data-done=\"false\" data-img=\"https:\/\/ecoanimalhealth.com\/wp-content\/uploads\/2023\/07\/iStock-1251892829-507x369.jpg\" alt=\"Laboratory team conducting lab tests, wearing protective masks and caps\">\n\t\t\t\t\t\t\t\t\t\t\t\t\t\t<h4>Colabora\u00e7\u00f5es no \u00e2mbito de sanidade dos su\u00ednos<\/h4>\n<p>A ECO iniciou recentemente uma colabora\u00e7\u00e3o para desenvolver novas abordagens de vacinas contra o v\u00edrus da s\u00edndrome reprodutiva e respirat\u00f3ria dos su\u00ednos (PRRSV).<\/p>\n\t\t\t\t\t\t<\/div>\n\t\t\t\t\t\t\t\t\t\t\t\t\t\t\t\t\t\t\t\t\t\t\t\t\t\t\t\t\t\t\t\t\t\t\t\t<div class=\"col-12 wide waypoint\">\n\t\t\t\t\t\t\t\t\t\t\t\t\t\t<img width=\"1059\" height=\"300\" data-done=\"false\" data-img=\"https:\/\/ecoanimalhealth.com\/wp-content\/uploads\/2023\/09\/About-us-e1693993106829-1059x300.jpg\" alt=\"Smiling father and son farmers talking near tractor on sunny, rural farm, looking away\">\n\t\t\t\t\t\t\t\t\t\t\t\t\t\t<div class=\"text-con\">\n\t\t\t\t\t\t\t\t<h3>Antibi\u00f3ticos inovadores<\/h3>\n<p>Uma vez que os veterin\u00e1rios continuar\u00e3o a necessitar de antibi\u00f3ticos eficazes, um antibi\u00f3tico \u00fanico, de a\u00e7\u00e3o prolongada, injet\u00e1vel e exclusivo para animais (florfenicol), destinado a ser utilizado em su\u00ednos e mediante prescri\u00e7\u00e3o veterin\u00e1ria, encontra-se nas fases iniciais de desenvolvimento e \u00e9 um exemplo do compromisso da ECO em rela\u00e7\u00e3o aos medicamentos exclusivamente veterin\u00e1rios.<\/p>\n\t\t\t\t\t\t\t<\/div>\n\t\t\t\t\t\t<\/div>\n\t\t\t\t\t\t\t\t\t\t\t\t\t\t\t\t\t<\/div>\n\t\t\t\t<\/div>\n\t\t\t<\/div>\n\t\t\t\n\t\t<\/div>\n\t<\/div>\n<\/section>\n\n\n<section class=\"spacer-section large white\">\n<\/section>\n\n\n<section class=\"spacer-section small light-grey\">\n<\/section>\n\n\n\t<section class=\"pages-section\">\n\t\t<div class=\"container\">\n\t\t\t<div class=\"row\">\n\t\t\t\t\t\t\t\t\t<div class=\"col-12 col-md-6 col-lg-4 cta-text waypoint\">\n\t\t\t\t\t\t<div class=\"inner\">\n\t\t\t\t\t\t\t<a class=\"link-over\" href=\"https:\/\/ecoanimalhealth.com\/pt\/solutions_innovation\/\"><\/a>\n\n\t\t\t\t\t\t\t<h4>Solu\u00e7\u00f5es e Inova\u00e7\u00e3o<\/h4>\n\n\t\t\t\t\t\t\t<p>Nossos produtos e solu\u00e7\u00f5es inovadores em Sa\u00fade Animal garantir\u00e3o um futuro sustent\u00e1vel para nossa empresa, seu neg\u00f3cio e a sa\u00fade e o bem-estar de su\u00ednos e aves.<\/p>\n\n\t\t\t\t\t\t\t<div class=\"btn-con\">\n\t\t\t\t\t\t\t\t<div class=\"btn\">\n\t\t\t\t\t\t\t\t\t<i>\n\t\t\t\t\t\t\t\t\t\t<svg class=\"arrow-head\" enable-background=\"new 0 0 7 11\" height=\"11\" viewBox=\"0 0 7 11\" width=\"7\" xmlns=\"http:\/\/www.w3.org\/2000\/svg\">\n\t\t\t\t\t\t\t\t\t\t\t<path d=\"m10.59 17.59c-.27 0-.55-.11-.74-.33-.37-.41-.34-1.04.07-1.41l4.17-3.76-4.17-3.76c-.41-.37-.44-1-.07-1.41s1-.44 1.41-.07l5 4.5c.21.19.33.46.33.74s-.12.55-.33.74l-5 4.5c-.19.17-.43.26-.67.26z\" fill=\"#fff\" transform=\"translate(-9.587 -6.587)\" \/>\n\t\t\t\t\t\t\t\t\t\t<\/svg>\n\t\t\t\t\t\t\t\t\t\t<svg class=\"arrow-line\" enable-background=\"new 0 0 16 2\" height=\"2\" viewBox=\"0 0 16 2\" width=\"16\" xmlns=\"http:\/\/www.w3.org\/2000\/svg\">\n\t\t\t\t\t\t\t\t\t\t\t<path d=\"m15 2h-14c-.55 0-1-.45-1-1s.45-1 1-1h14c.55 0 1 .45 1 1s-.45 1-1 1z\" fill=\"#fff\" \/>\n\t\t\t\t\t\t\t\t\t\t<\/svg>\n\t\t\t\t\t\t\t\t\t<\/i>\n\t\t\t\t\t\t\t\t\t<span>Saber mais<\/span>\n\t\t\t\t\t\t\t\t<\/div>\n\t\t\t\t\t\t\t<\/div>\n\t\t\t\t\t\t<\/div>\n\t\t\t\t\t<\/div>\n\t\t\t\t\t\t\t\t\t<div class=\"col-12 col-md-6 col-lg-4 cta-text waypoint\">\n\t\t\t\t\t\t<div class=\"inner\">\n\t\t\t\t\t\t\t<a class=\"link-over\" href=\"https:\/\/ecoanimalhealth.com\/pt\/investors\/\"><\/a>\n\n\t\t\t\t\t\t\t<h4>Investidores<\/h4>\n\n\t\t\t\t\t\t\t<p>A ECO est\u00e1 listada no mercado AIM da LSE.<\/p>\n\n\t\t\t\t\t\t\t<div class=\"btn-con\">\n\t\t\t\t\t\t\t\t<div class=\"btn\">\n\t\t\t\t\t\t\t\t\t<i>\n\t\t\t\t\t\t\t\t\t\t<svg class=\"arrow-head\" enable-background=\"new 0 0 7 11\" height=\"11\" viewBox=\"0 0 7 11\" width=\"7\" xmlns=\"http:\/\/www.w3.org\/2000\/svg\">\n\t\t\t\t\t\t\t\t\t\t\t<path d=\"m10.59 17.59c-.27 0-.55-.11-.74-.33-.37-.41-.34-1.04.07-1.41l4.17-3.76-4.17-3.76c-.41-.37-.44-1-.07-1.41s1-.44 1.41-.07l5 4.5c.21.19.33.46.33.74s-.12.55-.33.74l-5 4.5c-.19.17-.43.26-.67.26z\" fill=\"#fff\" transform=\"translate(-9.587 -6.587)\" \/>\n\t\t\t\t\t\t\t\t\t\t<\/svg>\n\t\t\t\t\t\t\t\t\t\t<svg class=\"arrow-line\" enable-background=\"new 0 0 16 2\" height=\"2\" viewBox=\"0 0 16 2\" width=\"16\" xmlns=\"http:\/\/www.w3.org\/2000\/svg\">\n\t\t\t\t\t\t\t\t\t\t\t<path d=\"m15 2h-14c-.55 0-1-.45-1-1s.45-1 1-1h14c.55 0 1 .45 1 1s-.45 1-1 1z\" fill=\"#fff\" \/>\n\t\t\t\t\t\t\t\t\t\t<\/svg>\n\t\t\t\t\t\t\t\t\t<\/i>\n\t\t\t\t\t\t\t\t\t<span>Saber mais<\/span>\n\t\t\t\t\t\t\t\t<\/div>\n\t\t\t\t\t\t\t<\/div>\n\t\t\t\t\t\t<\/div>\n\t\t\t\t\t<\/div>\n\t\t\t\t\t\t\t\t\t<div class=\"col-12 col-md-6 col-lg-4 cta-text waypoint\">\n\t\t\t\t\t\t<div class=\"inner\">\n\t\t\t\t\t\t\t<a class=\"link-over\" href=\"https:\/\/ecoanimalhealth.com\/pt\/news\/\"><\/a>\n\n\t\t\t\t\t\t\t<h4>Not\u00edcias<\/h4>\n\n\t\t\t\t\t\t\t<p>Informa\u00e7\u00f5es adicionais e as \u00faltimas not\u00edcias.<\/p>\n\n\t\t\t\t\t\t\t<div class=\"btn-con\">\n\t\t\t\t\t\t\t\t<div class=\"btn\">\n\t\t\t\t\t\t\t\t\t<i>\n\t\t\t\t\t\t\t\t\t\t<svg class=\"arrow-head\" enable-background=\"new 0 0 7 11\" height=\"11\" viewBox=\"0 0 7 11\" width=\"7\" xmlns=\"http:\/\/www.w3.org\/2000\/svg\">\n\t\t\t\t\t\t\t\t\t\t\t<path d=\"m10.59 17.59c-.27 0-.55-.11-.74-.33-.37-.41-.34-1.04.07-1.41l4.17-3.76-4.17-3.76c-.41-.37-.44-1-.07-1.41s1-.44 1.41-.07l5 4.5c.21.19.33.46.33.74s-.12.55-.33.74l-5 4.5c-.19.17-.43.26-.67.26z\" fill=\"#fff\" transform=\"translate(-9.587 -6.587)\" \/>\n\t\t\t\t\t\t\t\t\t\t<\/svg>\n\t\t\t\t\t\t\t\t\t\t<svg class=\"arrow-line\" enable-background=\"new 0 0 16 2\" height=\"2\" viewBox=\"0 0 16 2\" width=\"16\" xmlns=\"http:\/\/www.w3.org\/2000\/svg\">\n\t\t\t\t\t\t\t\t\t\t\t<path d=\"m15 2h-14c-.55 0-1-.45-1-1s.45-1 1-1h14c.55 0 1 .45 1 1s-.45 1-1 1z\" fill=\"#fff\" \/>\n\t\t\t\t\t\t\t\t\t\t<\/svg>\n\t\t\t\t\t\t\t\t\t<\/i>\n\t\t\t\t\t\t\t\t\t<span>Saber mais<\/span>\n\t\t\t\t\t\t\t\t<\/div>\n\t\t\t\t\t\t\t<\/div>\n\t\t\t\t\t\t<\/div>\n\t\t\t\t\t<\/div>\n\t\t\t\t\t\t\t\t\t\t\t<\/div>\n\t\t<\/div>\n\t<\/section>\n\n\n\n<section class=\"spacer-section small light-grey\">\n<\/section>","protected":false},"excerpt":{"rendered":"<p>O que motiva a ECO e nos torna \u00fanicos.<\/p>\n","protected":false},"author":2,"featured_media":0,"parent":0,"menu_order":1,"comment_status":"closed","ping_status":"closed","template":"","meta":{"_searchwp_excluded":"","inline_featured_image":false,"footnotes":""},"class_list":["post-8494","page","type-page","status-publish","hentry"],"acf":[],"yoast_head":"<!-- This site is optimized with the Yoast SEO plugin v21.3 - https:\/\/yoast.com\/wordpress\/plugins\/seo\/ -->\n<title>Sobre n\u00f3s - ECO Animal Health<\/title>\n<meta name=\"robots\" content=\"index, follow, max-snippet:-1, max-image-preview:large, max-video-preview:-1\" \/>\n<link rel=\"canonical\" href=\"https:\/\/ecoanimalhealth.com\/pt\/about-us\/\" \/>\n<meta property=\"og:locale\" content=\"pt_PT\" \/>\n<meta property=\"og:type\" content=\"article\" \/>\n<meta property=\"og:title\" content=\"Sobre n\u00f3s - ECO Animal Health\" \/>\n<meta property=\"og:description\" content=\"O que motiva a ECO e nos torna \u00fanicos.\" \/>\n<meta property=\"og:url\" content=\"https:\/\/ecoanimalhealth.com\/pt\/about-us\/\" \/>\n<meta property=\"og:site_name\" content=\"ECO Animal Health\" \/>\n<meta property=\"article:modified_time\" content=\"2025-03-24T11:58:10+00:00\" \/>\n<meta name=\"twitter:card\" content=\"summary_large_image\" \/>\n<script type=\"application\/ld+json\" class=\"yoast-schema-graph\">{\"@context\":\"https:\/\/schema.org\",\"@graph\":[{\"@type\":\"WebPage\",\"@id\":\"https:\/\/ecoanimalhealth.com\/pt\/about-us\/\",\"url\":\"https:\/\/ecoanimalhealth.com\/pt\/about-us\/\",\"name\":\"Sobre n\u00f3s - ECO Animal Health\",\"isPartOf\":{\"@id\":\"https:\/\/ecoanimalhealth.com\/#website\"},\"datePublished\":\"2023-05-12T09:53:43+00:00\",\"dateModified\":\"2025-03-24T11:58:10+00:00\",\"inLanguage\":\"pt\",\"potentialAction\":[{\"@type\":\"ReadAction\",\"target\":[\"https:\/\/ecoanimalhealth.com\/pt\/about-us\/\"]}]},{\"@type\":\"WebSite\",\"@id\":\"https:\/\/ecoanimalhealth.com\/#website\",\"url\":\"https:\/\/ecoanimalhealth.com\/\",\"name\":\"ECO Animal Health\",\"description\":\"\",\"potentialAction\":[{\"@type\":\"SearchAction\",\"target\":{\"@type\":\"EntryPoint\",\"urlTemplate\":\"https:\/\/ecoanimalhealth.com\/?s={search_term_string}\"},\"query-input\":\"required name=search_term_string\"}],\"inLanguage\":\"pt\"}]}<\/script>\n<!-- \/ Yoast SEO plugin. -->","yoast_head_json":{"title":"Sobre n\u00f3s - ECO Animal Health","robots":{"index":"index","follow":"follow","max-snippet":"max-snippet:-1","max-image-preview":"max-image-preview:large","max-video-preview":"max-video-preview:-1"},"canonical":"https:\/\/ecoanimalhealth.com\/pt\/about-us\/","og_locale":"pt_PT","og_type":"article","og_title":"Sobre n\u00f3s - ECO Animal Health","og_description":"O que motiva a ECO e nos torna \u00fanicos.","og_url":"https:\/\/ecoanimalhealth.com\/pt\/about-us\/","og_site_name":"ECO Animal Health","article_modified_time":"2025-03-24T11:58:10+00:00","twitter_card":"summary_large_image","schema":{"@context":"https:\/\/schema.org","@graph":[{"@type":"WebPage","@id":"https:\/\/ecoanimalhealth.com\/pt\/about-us\/","url":"https:\/\/ecoanimalhealth.com\/pt\/about-us\/","name":"Sobre n\u00f3s - ECO Animal Health","isPartOf":{"@id":"https:\/\/ecoanimalhealth.com\/#website"},"datePublished":"2023-05-12T09:53:43+00:00","dateModified":"2025-03-24T11:58:10+00:00","inLanguage":"pt","potentialAction":[{"@type":"ReadAction","target":["https:\/\/ecoanimalhealth.com\/pt\/about-us\/"]}]},{"@type":"WebSite","@id":"https:\/\/ecoanimalhealth.com\/#website","url":"https:\/\/ecoanimalhealth.com\/","name":"ECO Animal Health","description":"","potentialAction":[{"@type":"SearchAction","target":{"@type":"EntryPoint","urlTemplate":"https:\/\/ecoanimalhealth.com\/?s={search_term_string}"},"query-input":"required name=search_term_string"}],"inLanguage":"pt"}]}},"_links":{"self":[{"href":"https:\/\/ecoanimalhealth.com\/pt\/wp-json\/wp\/v2\/pages\/8494","targetHints":{"allow":["GET"]}}],"collection":[{"href":"https:\/\/ecoanimalhealth.com\/pt\/wp-json\/wp\/v2\/pages"}],"about":[{"href":"https:\/\/ecoanimalhealth.com\/pt\/wp-json\/wp\/v2\/types\/page"}],"author":[{"embeddable":true,"href":"https:\/\/ecoanimalhealth.com\/pt\/wp-json\/wp\/v2\/users\/2"}],"replies":[{"embeddable":true,"href":"https:\/\/ecoanimalhealth.com\/pt\/wp-json\/wp\/v2\/comments?post=8494"}],"version-history":[{"count":0,"href":"https:\/\/ecoanimalhealth.com\/pt\/wp-json\/wp\/v2\/pages\/8494\/revisions"}],"wp:attachment":[{"href":"https:\/\/ecoanimalhealth.com\/pt\/wp-json\/wp\/v2\/media?parent=8494"}],"curies":[{"name":"wp","href":"https:\/\/api.w.org\/{rel}","templated":true}]}}