{"id":8557,"date":"2023-05-17T14:16:38","date_gmt":"2023-05-17T13:16:38","guid":{"rendered":"https:\/\/ecoanimalhealth.com\/solutions_innovation\/"},"modified":"2025-03-24T12:10:32","modified_gmt":"2025-03-24T12:10:32","slug":"solutions_innovation","status":"publish","type":"page","link":"https:\/\/ecoanimalhealth.com\/pt\/solutions_innovation\/","title":{"rendered":"Solu\u00e7\u00f5es e Inova\u00e7\u00e3o"},"content":{"rendered":"\n<section class=\"hero-section full-bg \" style=\"background-image:url(https:\/\/ecoanimalhealth.com\/wp-content\/uploads\/2023\/07\/researcher_hold_pig-e1692884522852-2560x1113.jpg);\">\n\t<div class=\"container\">\n\t\t<div class=\"row\">\n\n\t\t\t<div class=\"col-12 waypoint\">\n\t\t\t\t\t\t\t\t<div class=\"text\">\n\t\t\t\t\t\t\t\t\t\t<h2>Os nossos produtos<\/h2>\n<p>Nossa empresa det\u00e9m autoriza\u00e7\u00f5es de comercializa\u00e7\u00e3o em mais de 70 pa\u00edses com planos para crescimento. Nossos produtos chegam aos produtores por meio de uma mistura de distribui\u00e7\u00e3o terceirizada, subsidi\u00e1rias ECO e joint ventures em mercados-chave de produ\u00e7\u00e3o de alimentos e diretamente aos principais integradores por meio de uma abordagem de gerenciamento de contas-chave.<\/p>\n\t\t\t\t\t\n\t\t\t\t\t\t\t\t\t<\/div>\n\t\t\t\t\n\t\t\t<\/div>\n\t\t\t\n\n\t\t<\/div>\n\t<\/div>\n<\/section>\n\n\n<section class=\"spacer-section medium light-grey\">\n<\/section>\n\n\n<section class=\"solutions-section\">\n\n\t\t\t<div class=\"col-12 top-text waypoint\">\n\t\t\t<div class=\"inner\">\n\t\t\t\t<h3>As nossas solu\u00e7\u00f5es<\/h3>\n<p>Escolha a solu\u00e7\u00e3o sobre a qual quer saber mais.<\/p>\n\t\t\t<\/div>\n\t\t<\/div>\n\t\n\t<div class=\"col-12 tab-con waypoint\">\n\t\t<div class=\"tab-container\">\n\t\t\t<div class='tabs'>\n\t\t\t\t\t\t\t\t\n\t\t\t\t\t\n\t\t\t\t\t<div class=\"tab active\" rel=\"innovative-new-products-pt\">\n\t\t\t\t\t\t\t\t\t\t\t\t\t<img decoding=\"async\" src=\"https:\/\/ecoanimalhealth.com\/wp-content\/uploads\/2023\/09\/History-unedited-124x124.jpg\" alt=\"\">\n\t\t\t\t\t\t\t\t\t\t\t\tNovos produtos inovadores\t\t\t\t\t\t<svg enable-background=\"new 0 0 11 7\" height=\"7\" viewBox=\"0 0 11 7\" width=\"11\" xmlns=\"http:\/\/www.w3.org\/2000\/svg\">\n\t\t\t\t\t\t\t<path d=\"m5.43 7c-.28 0-.55-.12-.74-.33l-4.43-4.84c-.37-.41-.34-1.04.06-1.41.41-.37 1.04-.35 1.41.06l3.69 4.04 3.83-4.19c.37-.41 1-.44 1.41-.06.41.37.44 1.01.06 1.41l-4.57 5c-.17.2-.44.32-.72.32z\" fill=\"#006344\" \/>\n\t\t\t\t\t\t<\/svg>\n\t\t\t\t\t<\/div>\n\t\t\t\t\n\t\t\t\t\t\n\t\t\t\t\t<div class=\"tab \" rel=\"aivlosin-valosin-pt\">\n\t\t\t\t\t\t\t\t\t\t\t\t\t<img decoding=\"async\" src=\"https:\/\/ecoanimalhealth.com\/wp-content\/uploads\/2023\/07\/flock_chicken_2-124x124.jpg\" alt=\"\">\n\t\t\t\t\t\t\t\t\t\t\t\tAivlosin\u00ae\/ Valosin\u00ae\t\t\t\t\t\t<svg enable-background=\"new 0 0 11 7\" height=\"7\" viewBox=\"0 0 11 7\" width=\"11\" xmlns=\"http:\/\/www.w3.org\/2000\/svg\">\n\t\t\t\t\t\t\t<path d=\"m5.43 7c-.28 0-.55-.12-.74-.33l-4.43-4.84c-.37-.41-.34-1.04.06-1.41.41-.37 1.04-.35 1.41.06l3.69 4.04 3.83-4.19c.37-.41 1-.44 1.41-.06.41.37.44 1.01.06 1.41l-4.57 5c-.17.2-.44.32-.72.32z\" fill=\"#006344\" \/>\n\t\t\t\t\t\t<\/svg>\n\t\t\t\t\t<\/div>\n\t\t\t\t\n\t\t\t\t\t\n\t\t\t\t\t<div class=\"tab \" rel=\"parasite-solutions-pt\">\n\t\t\t\t\t\t\t\t\t\t\t\t\t<img decoding=\"async\" src=\"https:\/\/ecoanimalhealth.com\/wp-content\/uploads\/2023\/07\/pigs_feeding-124x124.jpg\" alt=\"\">\n\t\t\t\t\t\t\t\t\t\t\t\tSolu\u00e7\u00f5es para Parasitas\t\t\t\t\t\t<svg enable-background=\"new 0 0 11 7\" height=\"7\" viewBox=\"0 0 11 7\" width=\"11\" xmlns=\"http:\/\/www.w3.org\/2000\/svg\">\n\t\t\t\t\t\t\t<path d=\"m5.43 7c-.28 0-.55-.12-.74-.33l-4.43-4.84c-.37-.41-.34-1.04.06-1.41.41-.37 1.04-.35 1.41.06l3.69 4.04 3.83-4.19c.37-.41 1-.44 1.41-.06.41.37.44 1.01.06 1.41l-4.57 5c-.17.2-.44.32-.72.32z\" fill=\"#006344\" \/>\n\t\t\t\t\t\t<\/svg>\n\t\t\t\t\t<\/div>\n\t\t\t\t\t\t\t<\/div>\n\n\t\t\t\t\t\t\n\t\t\t\t<div id=\"innovative-new-products-pt\" class=\"tab-content active\">\n\t\t\t\t\t<div class=\"inner\">\n\t\t\t\t\t\t<div class=\"container\">\n\t\t\t\t\t\t\t<div class=\"row\">\n\n\t\t\t\t\t\t\t\t\n\t\t\t\t\t\t\t\t\n\t\t\t\t\t\t\t\t\n\t\t\t\t\t\t\t\t\n\t\t\t\t\t\t\t\t\t\n\t\t\t\t\t\t\t\t\t\t\t\t\t\t\t\t\t\t\t\t\n\t\t\t\t\t\t\t\t\t\t<div class=\"col-12 s-item\">\n\t\t\t\t\t\t\t\t\t\t\t<div class=\"inner-inner\">\n\n\t\t\t\t\t\t\t\t\t\t\t\t<a href=\"https:\/\/ecoanimalhealth.com\/pt\/solutions\/new-products\/\"><\/a>\n\n\t\t\t\t\t\t\t\t\t\t\t\t<div class=\"image-side\">\n\t\t\t\t\t\t\t\t\t\t\t\t\t\t\t\t\t\t\t\t\t\t\t\t\t\t\t<div class=\"img-con full-bg\" data-done=\"false\" data-img=\"https:\/\/ecoanimalhealth.com\/wp-content\/uploads\/2023\/09\/History-unedited-507x480.jpg\">\n\t\t\t\t\t\t\t\t\t\t\t\t\t\t\t\t\t\t\t\t\t\t\t\t\t\t\t\t\t<\/div>\n\t\t\t\t\t\t\t\t\t\t\t\t\t\n\t\t\t\t\t\t\t\t\t\t\t\t<\/div>\n\n\t\t\t\t\t\t\t\t\t\t\t\t<div class=\"text-side\">\n\n\t\t\t\t\t\t\t\t\t\t\t\t\t\n\t\t\t\t\t\t\t\t\t\t\t\t\t<h3>Novos Produtos Inovadores<\/h3>\n\t\t\t\t\t\t\t\t\t\t\t\t\t<p>A ECO Animal Health est\u00e1 pesquisando e desenvolvendo proativamente novas solu\u00e7\u00f5es inovadoras para melhorar a vida de su\u00ednos e aves.<\/p>\n\n\t\t\t\t\t\t\t\t\t\t\t\t\t<div class=\"btn-con\">\n\t\t\t\t\t\t\t\t\t\t\t\t\t\t<div class=\"btn\">\n\t\t\t\t\t\t\t\t\t\t\t\t\t\t\t<i>\n\t\t\t\t\t\t\t\t\t\t\t\t\t\t\t\t<svg class=\"arrow-head\" enable-background=\"new 0 0 7 11\" height=\"11\" viewBox=\"0 0 7 11\" width=\"7\" xmlns=\"http:\/\/www.w3.org\/2000\/svg\">\n\t\t\t\t\t\t\t\t\t\t\t\t\t\t\t\t\t<path d=\"m10.59 17.59c-.27 0-.55-.11-.74-.33-.37-.41-.34-1.04.07-1.41l4.17-3.76-4.17-3.76c-.41-.37-.44-1-.07-1.41s1-.44 1.41-.07l5 4.5c.21.19.33.46.33.74s-.12.55-.33.74l-5 4.5c-.19.17-.43.26-.67.26z\" fill=\"#fff\" transform=\"translate(-9.587 -6.587)\" \/>\n\t\t\t\t\t\t\t\t\t\t\t\t\t\t\t\t<\/svg>\n\t\t\t\t\t\t\t\t\t\t\t\t\t\t\t\t<svg class=\"arrow-line\" enable-background=\"new 0 0 16 2\" height=\"2\" viewBox=\"0 0 16 2\" width=\"16\" xmlns=\"http:\/\/www.w3.org\/2000\/svg\">\n\t\t\t\t\t\t\t\t\t\t\t\t\t\t\t\t\t<path d=\"m15 2h-14c-.55 0-1-.45-1-1s.45-1 1-1h14c.55 0 1 .45 1 1s-.45 1-1 1z\" fill=\"#fff\" \/>\n\t\t\t\t\t\t\t\t\t\t\t\t\t\t\t\t<\/svg>\n\t\t\t\t\t\t\t\t\t\t\t\t\t\t\t<\/i>\n\t\t\t\t\t\t\t\t\t\t\t\t\t\t\t<span>Ver mais<\/span>\n\t\t\t\t\t\t\t\t\t\t\t\t\t\t<\/div>\n\t\t\t\t\t\t\t\t\t\t\t\t\t<\/div>\n\n\n\t\t\t\t\t\t\t\t\t\t\t\t<\/div>\n\t\t\t\t\t\t\t\t\t\t\t<\/div>\n\t\t\t\t\t\t\t\t\t\t<\/div>\n\n\t\t\t\t\t\t\t\t\t\t\t\t\t\t\t\t\t\t\t\t\t\t\t\t\t\t\t\t\t\t\t\t\t\t\t\t\t\t\t\t\t\t<\/div>\n\t\t\t\t\t\t<\/div>\n\t\t\t\t\t<\/div>\n\t\t\t\t<\/div>\n\n\t\t\t\n\t\t\t\t<div id=\"aivlosin-valosin-pt\" class=\"tab-content \">\n\t\t\t\t\t<div class=\"inner\">\n\t\t\t\t\t\t<div class=\"container\">\n\t\t\t\t\t\t\t<div class=\"row\">\n\n\t\t\t\t\t\t\t\t\n\t\t\t\t\t\t\t\t\n\t\t\t\t\t\t\t\t\n\t\t\t\t\t\t\t\t\n\t\t\t\t\t\t\t\t\t\n\t\t\t\t\t\t\t\t\t\t\t\t\t\t\t\t\t\t\t\t\n\t\t\t\t\t\t\t\t\t\t<div class=\"col-12 s-item\">\n\t\t\t\t\t\t\t\t\t\t\t<div class=\"inner-inner\">\n\n\t\t\t\t\t\t\t\t\t\t\t\t<a href=\"https:\/\/ecoanimalhealth.com\/pt\/solutions\/the-aivlosin-solution\/\"><\/a>\n\n\t\t\t\t\t\t\t\t\t\t\t\t<div class=\"image-side\">\n\t\t\t\t\t\t\t\t\t\t\t\t\t\t\t\t\t\t\t\t\t\t\t\t\t\t\t<div class=\"img-con full-bg\" data-done=\"false\" data-img=\"https:\/\/ecoanimalhealth.com\/wp-content\/uploads\/2023\/07\/flock_chicken_2-507x480.jpg\">\n\t\t\t\t\t\t\t\t\t\t\t\t\t\t\t\t\t\t\t\t\t\t\t\t\t\t\t\t\t<\/div>\n\t\t\t\t\t\t\t\t\t\t\t\t\t\n\t\t\t\t\t\t\t\t\t\t\t\t<\/div>\n\n\t\t\t\t\t\t\t\t\t\t\t\t<div class=\"text-side\">\n\n\t\t\t\t\t\t\t\t\t\t\t\t\t\n\t\t\t\t\t\t\t\t\t\t\t\t\t<h3>Solu\u00e7\u00f5es Aivlosin<sup>\u00ae<\/sup>\/Valosin<sup>\u00ae<\/sup><\/h3>\n\t\t\t\t\t\t\t\t\t\t\t\t\t<p>O Aivlosin<sup>\u00ae<\/sup> \u00e9 um medicamento pr\u00f3prio e patenteado que \u00e9 eficaz contra doen\u00e7as respirat\u00f3rias e ent\u00e9ricas em su\u00ednos e aves. Como um antibi\u00f3tico de \u00faltima gera\u00e7\u00e3o, ele atende \u00e0s diretrizes atuais para o uso respons\u00e1vel de antimicrobianos e \u00e0s necessidades dos consumidores mais exigentes, ao mesmo tempo em que \u00e9 economicamente ben\u00e9fico para o produtor. O Aivlosin<sup>\u00ae<\/sup>\u00a0s\u00f3 est\u00e1 dispon\u00edvel mediante prescri\u00e7\u00e3o veterin\u00e1ria.<\/p>\n\n\t\t\t\t\t\t\t\t\t\t\t\t\t<div class=\"btn-con\">\n\t\t\t\t\t\t\t\t\t\t\t\t\t\t<div class=\"btn\">\n\t\t\t\t\t\t\t\t\t\t\t\t\t\t\t<i>\n\t\t\t\t\t\t\t\t\t\t\t\t\t\t\t\t<svg class=\"arrow-head\" enable-background=\"new 0 0 7 11\" height=\"11\" viewBox=\"0 0 7 11\" width=\"7\" xmlns=\"http:\/\/www.w3.org\/2000\/svg\">\n\t\t\t\t\t\t\t\t\t\t\t\t\t\t\t\t\t<path d=\"m10.59 17.59c-.27 0-.55-.11-.74-.33-.37-.41-.34-1.04.07-1.41l4.17-3.76-4.17-3.76c-.41-.37-.44-1-.07-1.41s1-.44 1.41-.07l5 4.5c.21.19.33.46.33.74s-.12.55-.33.74l-5 4.5c-.19.17-.43.26-.67.26z\" fill=\"#fff\" transform=\"translate(-9.587 -6.587)\" \/>\n\t\t\t\t\t\t\t\t\t\t\t\t\t\t\t\t<\/svg>\n\t\t\t\t\t\t\t\t\t\t\t\t\t\t\t\t<svg class=\"arrow-line\" enable-background=\"new 0 0 16 2\" height=\"2\" viewBox=\"0 0 16 2\" width=\"16\" xmlns=\"http:\/\/www.w3.org\/2000\/svg\">\n\t\t\t\t\t\t\t\t\t\t\t\t\t\t\t\t\t<path d=\"m15 2h-14c-.55 0-1-.45-1-1s.45-1 1-1h14c.55 0 1 .45 1 1s-.45 1-1 1z\" fill=\"#fff\" \/>\n\t\t\t\t\t\t\t\t\t\t\t\t\t\t\t\t<\/svg>\n\t\t\t\t\t\t\t\t\t\t\t\t\t\t\t<\/i>\n\t\t\t\t\t\t\t\t\t\t\t\t\t\t\t<span>Ver mais<\/span>\n\t\t\t\t\t\t\t\t\t\t\t\t\t\t<\/div>\n\t\t\t\t\t\t\t\t\t\t\t\t\t<\/div>\n\n\n\t\t\t\t\t\t\t\t\t\t\t\t<\/div>\n\t\t\t\t\t\t\t\t\t\t\t<\/div>\n\t\t\t\t\t\t\t\t\t\t<\/div>\n\n\t\t\t\t\t\t\t\t\t\t\t\t\t\t\t\t\t\t\t\t\t\t\t\t\t\t\t\t\t\t\t\t\t\t\t\t\t\t\t\t\t\t<\/div>\n\t\t\t\t\t\t<\/div>\n\t\t\t\t\t<\/div>\n\t\t\t\t<\/div>\n\n\t\t\t\n\t\t\t\t<div id=\"parasite-solutions-pt\" class=\"tab-content \">\n\t\t\t\t\t<div class=\"inner\">\n\t\t\t\t\t\t<div class=\"container\">\n\t\t\t\t\t\t\t<div class=\"row\">\n\n\t\t\t\t\t\t\t\t\n\t\t\t\t\t\t\t\t\n\t\t\t\t\t\t\t\t\n\t\t\t\t\t\t\t\t\n\t\t\t\t\t\t\t\t\t\n\t\t\t\t\t\t\t\t\t\t\t\t\t\t\t\t\t\t\t\t\n\t\t\t\t\t\t\t\t\t\t<div class=\"col-12 s-item\">\n\t\t\t\t\t\t\t\t\t\t\t<div class=\"inner-inner\">\n\n\t\t\t\t\t\t\t\t\t\t\t\t<a href=\"https:\/\/ecoanimalhealth.com\/pt\/solutions\/parasite-solutions\/\"><\/a>\n\n\t\t\t\t\t\t\t\t\t\t\t\t<div class=\"image-side\">\n\t\t\t\t\t\t\t\t\t\t\t\t\t\t\t\t\t\t\t\t\t\t\t\t\t\t\t<div class=\"img-con full-bg\" data-done=\"false\" data-img=\"https:\/\/ecoanimalhealth.com\/wp-content\/uploads\/2023\/07\/pigs_feeding-507x480.jpg\">\n\t\t\t\t\t\t\t\t\t\t\t\t\t\t\t\t\t\t\t\t\t\t\t\t\t\t\t\t\t<\/div>\n\t\t\t\t\t\t\t\t\t\t\t\t\t\n\t\t\t\t\t\t\t\t\t\t\t\t<\/div>\n\n\t\t\t\t\t\t\t\t\t\t\t\t<div class=\"text-side\">\n\n\t\t\t\t\t\t\t\t\t\t\t\t\t\n\t\t\t\t\t\t\t\t\t\t\t\t\t<h3>Solu\u00e7\u00f5es para Parasitas<\/h3>\n\t\t\t\t\t\t\t\t\t\t\t\t\t<p>Os parasitas internos e externos podem causar uma variedade de problemas de sa\u00fade em todos os animais.<\/p>\n<p>A ECO Animal Health oferece uma gama de produtos para o tratamento de parasitas em bovinos, ovinos e su\u00ednos sob a marca Ecomectin<sup>\u00ae<\/sup>.<\/p>\n\n\t\t\t\t\t\t\t\t\t\t\t\t\t<div class=\"btn-con\">\n\t\t\t\t\t\t\t\t\t\t\t\t\t\t<div class=\"btn\">\n\t\t\t\t\t\t\t\t\t\t\t\t\t\t\t<i>\n\t\t\t\t\t\t\t\t\t\t\t\t\t\t\t\t<svg class=\"arrow-head\" enable-background=\"new 0 0 7 11\" height=\"11\" viewBox=\"0 0 7 11\" width=\"7\" xmlns=\"http:\/\/www.w3.org\/2000\/svg\">\n\t\t\t\t\t\t\t\t\t\t\t\t\t\t\t\t\t<path d=\"m10.59 17.59c-.27 0-.55-.11-.74-.33-.37-.41-.34-1.04.07-1.41l4.17-3.76-4.17-3.76c-.41-.37-.44-1-.07-1.41s1-.44 1.41-.07l5 4.5c.21.19.33.46.33.74s-.12.55-.33.74l-5 4.5c-.19.17-.43.26-.67.26z\" fill=\"#fff\" transform=\"translate(-9.587 -6.587)\" \/>\n\t\t\t\t\t\t\t\t\t\t\t\t\t\t\t\t<\/svg>\n\t\t\t\t\t\t\t\t\t\t\t\t\t\t\t\t<svg class=\"arrow-line\" enable-background=\"new 0 0 16 2\" height=\"2\" viewBox=\"0 0 16 2\" width=\"16\" xmlns=\"http:\/\/www.w3.org\/2000\/svg\">\n\t\t\t\t\t\t\t\t\t\t\t\t\t\t\t\t\t<path d=\"m15 2h-14c-.55 0-1-.45-1-1s.45-1 1-1h14c.55 0 1 .45 1 1s-.45 1-1 1z\" fill=\"#fff\" \/>\n\t\t\t\t\t\t\t\t\t\t\t\t\t\t\t\t<\/svg>\n\t\t\t\t\t\t\t\t\t\t\t\t\t\t\t<\/i>\n\t\t\t\t\t\t\t\t\t\t\t\t\t\t\t<span>Ver mais<\/span>\n\t\t\t\t\t\t\t\t\t\t\t\t\t\t<\/div>\n\t\t\t\t\t\t\t\t\t\t\t\t\t<\/div>\n\n\n\t\t\t\t\t\t\t\t\t\t\t\t<\/div>\n\t\t\t\t\t\t\t\t\t\t\t<\/div>\n\t\t\t\t\t\t\t\t\t\t<\/div>\n\n\t\t\t\t\t\t\t\t\t\t\t\t\t\t\t\t\t\t\t\t\t\t\t\t\t\t\t\t\t\t\t\t\t\t\t\t\t\t\t\t\t\t<\/div>\n\t\t\t\t\t\t<\/div>\n\t\t\t\t\t<\/div>\n\t\t\t\t<\/div>\n\n\t\t\t\t\t<\/div>\n\n\t<\/div>\n<\/section>\n\n\n<section class=\"spacer-section medium light-grey\">\n<\/section>\n\n\n<section class=\"cta-button-section above\">\n\t<div class=\"container\">\n\t\t<div class=\"row\">\n\t\t\t<div class=\"col-12 waypoint\">\n\t\t\t\t<div class=\"inner\">\n\t\t\t\t\t\t\t\t\t\t\t\t\t\t\t<a href=\"https:\/\/ecoanimalhealth.com\/pt\/contact-us\/\" target=\"_self\"><\/a>\n\t\t\t\t\t\n\t\t\t\t\t\t\t\t\t\t<div class=\"text-con\">\n\t\t\t\t\t\t<h2>Entre em contato conosco para qualquer d\u00favida<\/h2>\n\t\t\t\t\t<\/div>\n\t\t\t\t\t\n\t\t\t\t\t\t\t\t\t\t\t\t\t\t\t<div class=\"btn-con\">\n\t\t\t\t\t\t<div class=\"btn\">\n\t\t\t\t\t\t\t<i>\n\t\t\t\t\t\t\t\t<svg class=\"arrow-head\" enable-background=\"new 0 0 7 11\" height=\"11\" viewBox=\"0 0 7 11\" width=\"7\" xmlns=\"http:\/\/www.w3.org\/2000\/svg\"><path d=\"m10.59 17.59c-.27 0-.55-.11-.74-.33-.37-.41-.34-1.04.07-1.41l4.17-3.76-4.17-3.76c-.41-.37-.44-1-.07-1.41s1-.44 1.41-.07l5 4.5c.21.19.33.46.33.74s-.12.55-.33.74l-5 4.5c-.19.17-.43.26-.67.26z\" fill=\"#fff\" transform=\"translate(-9.587 -6.587)\"\/><\/svg>\n\t\t\t\t\t\t\t\t<svg class=\"arrow-line\" enable-background=\"new 0 0 16 2\" height=\"2\" viewBox=\"0 0 16 2\" width=\"16\" xmlns=\"http:\/\/www.w3.org\/2000\/svg\"><path d=\"m15 2h-14c-.55 0-1-.45-1-1s.45-1 1-1h14c.55 0 1 .45 1 1s-.45 1-1 1z\" fill=\"#fff\"\/><\/svg>\n\t\t\t\t\t\t\t<\/i>\n\t\t\t\t\t\t\t<span>Entre em contato conosco<\/span>\n\t\t\t\t\t\t<\/div>\n\t\t\t\t\t<\/div>\n\t\t\t\t\t\t\t\t\t<\/div>\n\t\t\t<\/div>\n\t\t<\/div>\n\t<\/div>\n<\/section>\n\n\n<section class=\"spacer-section medium light-grey\">\n<\/section>\n\n\n<section class=\"spacer-section small light-grey\">\n<\/section>\n\n\n\t<section class=\"pages-section\">\n\t\t<div class=\"container\">\n\t\t\t<div class=\"row\">\n\t\t\t\t\t\t\t\t\t<div class=\"col-12 col-md-6 col-lg-4 cta-text waypoint\">\n\t\t\t\t\t\t<div class=\"inner\">\n\t\t\t\t\t\t\t<a class=\"link-over\" href=\"https:\/\/ecoanimalhealth.com\/pt\/about-us\/\"><\/a>\n\n\t\t\t\t\t\t\t<h4>Sobre n\u00f3s<\/h4>\n\n\t\t\t\t\t\t\t<p>O que motiva a ECO e nos torna \u00fanicos.<\/p>\n\n\t\t\t\t\t\t\t<div class=\"btn-con\">\n\t\t\t\t\t\t\t\t<div class=\"btn\">\n\t\t\t\t\t\t\t\t\t<i>\n\t\t\t\t\t\t\t\t\t\t<svg class=\"arrow-head\" enable-background=\"new 0 0 7 11\" height=\"11\" viewBox=\"0 0 7 11\" width=\"7\" xmlns=\"http:\/\/www.w3.org\/2000\/svg\">\n\t\t\t\t\t\t\t\t\t\t\t<path d=\"m10.59 17.59c-.27 0-.55-.11-.74-.33-.37-.41-.34-1.04.07-1.41l4.17-3.76-4.17-3.76c-.41-.37-.44-1-.07-1.41s1-.44 1.41-.07l5 4.5c.21.19.33.46.33.74s-.12.55-.33.74l-5 4.5c-.19.17-.43.26-.67.26z\" fill=\"#fff\" transform=\"translate(-9.587 -6.587)\" \/>\n\t\t\t\t\t\t\t\t\t\t<\/svg>\n\t\t\t\t\t\t\t\t\t\t<svg class=\"arrow-line\" enable-background=\"new 0 0 16 2\" height=\"2\" viewBox=\"0 0 16 2\" width=\"16\" xmlns=\"http:\/\/www.w3.org\/2000\/svg\">\n\t\t\t\t\t\t\t\t\t\t\t<path d=\"m15 2h-14c-.55 0-1-.45-1-1s.45-1 1-1h14c.55 0 1 .45 1 1s-.45 1-1 1z\" fill=\"#fff\" \/>\n\t\t\t\t\t\t\t\t\t\t<\/svg>\n\t\t\t\t\t\t\t\t\t<\/i>\n\t\t\t\t\t\t\t\t\t<span>Saber mais<\/span>\n\t\t\t\t\t\t\t\t<\/div>\n\t\t\t\t\t\t\t<\/div>\n\t\t\t\t\t\t<\/div>\n\t\t\t\t\t<\/div>\n\t\t\t\t\t\t\t\t\t<div class=\"col-12 col-md-6 col-lg-4 cta-text waypoint\">\n\t\t\t\t\t\t<div class=\"inner\">\n\t\t\t\t\t\t\t<a class=\"link-over\" href=\"https:\/\/ecoanimalhealth.com\/pt\/investors\/\"><\/a>\n\n\t\t\t\t\t\t\t<h4>Investidores<\/h4>\n\n\t\t\t\t\t\t\t<p>A ECO est\u00e1 listada no mercado AIM da LSE.<\/p>\n\n\t\t\t\t\t\t\t<div class=\"btn-con\">\n\t\t\t\t\t\t\t\t<div class=\"btn\">\n\t\t\t\t\t\t\t\t\t<i>\n\t\t\t\t\t\t\t\t\t\t<svg class=\"arrow-head\" enable-background=\"new 0 0 7 11\" height=\"11\" viewBox=\"0 0 7 11\" width=\"7\" xmlns=\"http:\/\/www.w3.org\/2000\/svg\">\n\t\t\t\t\t\t\t\t\t\t\t<path d=\"m10.59 17.59c-.27 0-.55-.11-.74-.33-.37-.41-.34-1.04.07-1.41l4.17-3.76-4.17-3.76c-.41-.37-.44-1-.07-1.41s1-.44 1.41-.07l5 4.5c.21.19.33.46.33.74s-.12.55-.33.74l-5 4.5c-.19.17-.43.26-.67.26z\" fill=\"#fff\" transform=\"translate(-9.587 -6.587)\" \/>\n\t\t\t\t\t\t\t\t\t\t<\/svg>\n\t\t\t\t\t\t\t\t\t\t<svg class=\"arrow-line\" enable-background=\"new 0 0 16 2\" height=\"2\" viewBox=\"0 0 16 2\" width=\"16\" xmlns=\"http:\/\/www.w3.org\/2000\/svg\">\n\t\t\t\t\t\t\t\t\t\t\t<path d=\"m15 2h-14c-.55 0-1-.45-1-1s.45-1 1-1h14c.55 0 1 .45 1 1s-.45 1-1 1z\" fill=\"#fff\" \/>\n\t\t\t\t\t\t\t\t\t\t<\/svg>\n\t\t\t\t\t\t\t\t\t<\/i>\n\t\t\t\t\t\t\t\t\t<span>Saber mais<\/span>\n\t\t\t\t\t\t\t\t<\/div>\n\t\t\t\t\t\t\t<\/div>\n\t\t\t\t\t\t<\/div>\n\t\t\t\t\t<\/div>\n\t\t\t\t\t\t\t\t\t<div class=\"col-12 col-md-6 col-lg-4 cta-text waypoint\">\n\t\t\t\t\t\t<div class=\"inner\">\n\t\t\t\t\t\t\t<a class=\"link-over\" href=\"https:\/\/ecoanimalhealth.com\/pt\/news\/\"><\/a>\n\n\t\t\t\t\t\t\t<h4>Not\u00edcias<\/h4>\n\n\t\t\t\t\t\t\t<p>Informa\u00e7\u00f5es adicionais e as \u00faltimas not\u00edcias.<\/p>\n\n\t\t\t\t\t\t\t<div class=\"btn-con\">\n\t\t\t\t\t\t\t\t<div class=\"btn\">\n\t\t\t\t\t\t\t\t\t<i>\n\t\t\t\t\t\t\t\t\t\t<svg class=\"arrow-head\" enable-background=\"new 0 0 7 11\" height=\"11\" viewBox=\"0 0 7 11\" width=\"7\" xmlns=\"http:\/\/www.w3.org\/2000\/svg\">\n\t\t\t\t\t\t\t\t\t\t\t<path d=\"m10.59 17.59c-.27 0-.55-.11-.74-.33-.37-.41-.34-1.04.07-1.41l4.17-3.76-4.17-3.76c-.41-.37-.44-1-.07-1.41s1-.44 1.41-.07l5 4.5c.21.19.33.46.33.74s-.12.55-.33.74l-5 4.5c-.19.17-.43.26-.67.26z\" fill=\"#fff\" transform=\"translate(-9.587 -6.587)\" \/>\n\t\t\t\t\t\t\t\t\t\t<\/svg>\n\t\t\t\t\t\t\t\t\t\t<svg class=\"arrow-line\" enable-background=\"new 0 0 16 2\" height=\"2\" viewBox=\"0 0 16 2\" width=\"16\" xmlns=\"http:\/\/www.w3.org\/2000\/svg\">\n\t\t\t\t\t\t\t\t\t\t\t<path d=\"m15 2h-14c-.55 0-1-.45-1-1s.45-1 1-1h14c.55 0 1 .45 1 1s-.45 1-1 1z\" fill=\"#fff\" \/>\n\t\t\t\t\t\t\t\t\t\t<\/svg>\n\t\t\t\t\t\t\t\t\t<\/i>\n\t\t\t\t\t\t\t\t\t<span>Saber mais<\/span>\n\t\t\t\t\t\t\t\t<\/div>\n\t\t\t\t\t\t\t<\/div>\n\t\t\t\t\t\t<\/div>\n\t\t\t\t\t<\/div>\n\t\t\t\t\t\t\t\t\t\t\t<\/div>\n\t\t<\/div>\n\t<\/section>\n\n\n\n<section class=\"spacer-section small light-grey\">\n<\/section>","protected":false},"excerpt":{"rendered":"<p>Nossos produtos e solu\u00e7\u00f5es inovadores em Sa\u00fade Animal garantir\u00e3o um futuro sustent\u00e1vel para nossa empresa, seu neg\u00f3cio e a sa\u00fade e o bem-estar de su\u00ednos e aves.<\/p>\n","protected":false},"author":2,"featured_media":0,"parent":0,"menu_order":2,"comment_status":"closed","ping_status":"closed","template":"","meta":{"_searchwp_excluded":"","inline_featured_image":false,"footnotes":""},"class_list":["post-8557","page","type-page","status-publish","hentry"],"acf":[],"yoast_head":"<!-- This site is optimized with the Yoast SEO plugin v21.3 - https:\/\/yoast.com\/wordpress\/plugins\/seo\/ -->\n<title>Solu\u00e7\u00f5es e Inova\u00e7\u00e3o - ECO Animal Health<\/title>\n<meta name=\"robots\" content=\"index, follow, max-snippet:-1, max-image-preview:large, max-video-preview:-1\" \/>\n<link rel=\"canonical\" href=\"https:\/\/ecoanimalhealth.com\/pt\/solutions_innovation\/\" \/>\n<meta property=\"og:locale\" content=\"pt_PT\" \/>\n<meta property=\"og:type\" content=\"article\" \/>\n<meta property=\"og:title\" content=\"Solu\u00e7\u00f5es e Inova\u00e7\u00e3o - ECO Animal Health\" \/>\n<meta property=\"og:description\" content=\"Nossos produtos e solu\u00e7\u00f5es inovadores em Sa\u00fade Animal garantir\u00e3o um futuro sustent\u00e1vel para nossa empresa, seu neg\u00f3cio e a sa\u00fade e o bem-estar de su\u00ednos e aves.\" \/>\n<meta property=\"og:url\" content=\"https:\/\/ecoanimalhealth.com\/pt\/solutions_innovation\/\" \/>\n<meta property=\"og:site_name\" content=\"ECO Animal Health\" \/>\n<meta property=\"article:modified_time\" content=\"2025-03-24T12:10:32+00:00\" \/>\n<meta name=\"twitter:card\" content=\"summary_large_image\" \/>\n<script type=\"application\/ld+json\" class=\"yoast-schema-graph\">{\"@context\":\"https:\/\/schema.org\",\"@graph\":[{\"@type\":\"WebPage\",\"@id\":\"https:\/\/ecoanimalhealth.com\/pt\/solutions_innovation\/\",\"url\":\"https:\/\/ecoanimalhealth.com\/pt\/solutions_innovation\/\",\"name\":\"Solu\u00e7\u00f5es e Inova\u00e7\u00e3o - ECO Animal Health\",\"isPartOf\":{\"@id\":\"https:\/\/ecoanimalhealth.com\/#website\"},\"datePublished\":\"2023-05-17T13:16:38+00:00\",\"dateModified\":\"2025-03-24T12:10:32+00:00\",\"inLanguage\":\"pt\",\"potentialAction\":[{\"@type\":\"ReadAction\",\"target\":[\"https:\/\/ecoanimalhealth.com\/pt\/solutions_innovation\/\"]}]},{\"@type\":\"WebSite\",\"@id\":\"https:\/\/ecoanimalhealth.com\/#website\",\"url\":\"https:\/\/ecoanimalhealth.com\/\",\"name\":\"ECO Animal Health\",\"description\":\"\",\"potentialAction\":[{\"@type\":\"SearchAction\",\"target\":{\"@type\":\"EntryPoint\",\"urlTemplate\":\"https:\/\/ecoanimalhealth.com\/?s={search_term_string}\"},\"query-input\":\"required name=search_term_string\"}],\"inLanguage\":\"pt\"}]}<\/script>\n<!-- \/ Yoast SEO plugin. -->","yoast_head_json":{"title":"Solu\u00e7\u00f5es e Inova\u00e7\u00e3o - ECO Animal Health","robots":{"index":"index","follow":"follow","max-snippet":"max-snippet:-1","max-image-preview":"max-image-preview:large","max-video-preview":"max-video-preview:-1"},"canonical":"https:\/\/ecoanimalhealth.com\/pt\/solutions_innovation\/","og_locale":"pt_PT","og_type":"article","og_title":"Solu\u00e7\u00f5es e Inova\u00e7\u00e3o - ECO Animal Health","og_description":"Nossos produtos e solu\u00e7\u00f5es inovadores em Sa\u00fade Animal garantir\u00e3o um futuro sustent\u00e1vel para nossa empresa, seu neg\u00f3cio e a sa\u00fade e o bem-estar de su\u00ednos e aves.","og_url":"https:\/\/ecoanimalhealth.com\/pt\/solutions_innovation\/","og_site_name":"ECO Animal Health","article_modified_time":"2025-03-24T12:10:32+00:00","twitter_card":"summary_large_image","schema":{"@context":"https:\/\/schema.org","@graph":[{"@type":"WebPage","@id":"https:\/\/ecoanimalhealth.com\/pt\/solutions_innovation\/","url":"https:\/\/ecoanimalhealth.com\/pt\/solutions_innovation\/","name":"Solu\u00e7\u00f5es e Inova\u00e7\u00e3o - ECO Animal Health","isPartOf":{"@id":"https:\/\/ecoanimalhealth.com\/#website"},"datePublished":"2023-05-17T13:16:38+00:00","dateModified":"2025-03-24T12:10:32+00:00","inLanguage":"pt","potentialAction":[{"@type":"ReadAction","target":["https:\/\/ecoanimalhealth.com\/pt\/solutions_innovation\/"]}]},{"@type":"WebSite","@id":"https:\/\/ecoanimalhealth.com\/#website","url":"https:\/\/ecoanimalhealth.com\/","name":"ECO Animal Health","description":"","potentialAction":[{"@type":"SearchAction","target":{"@type":"EntryPoint","urlTemplate":"https:\/\/ecoanimalhealth.com\/?s={search_term_string}"},"query-input":"required name=search_term_string"}],"inLanguage":"pt"}]}},"_links":{"self":[{"href":"https:\/\/ecoanimalhealth.com\/pt\/wp-json\/wp\/v2\/pages\/8557","targetHints":{"allow":["GET"]}}],"collection":[{"href":"https:\/\/ecoanimalhealth.com\/pt\/wp-json\/wp\/v2\/pages"}],"about":[{"href":"https:\/\/ecoanimalhealth.com\/pt\/wp-json\/wp\/v2\/types\/page"}],"author":[{"embeddable":true,"href":"https:\/\/ecoanimalhealth.com\/pt\/wp-json\/wp\/v2\/users\/2"}],"replies":[{"embeddable":true,"href":"https:\/\/ecoanimalhealth.com\/pt\/wp-json\/wp\/v2\/comments?post=8557"}],"version-history":[{"count":0,"href":"https:\/\/ecoanimalhealth.com\/pt\/wp-json\/wp\/v2\/pages\/8557\/revisions"}],"wp:attachment":[{"href":"https:\/\/ecoanimalhealth.com\/pt\/wp-json\/wp\/v2\/media?parent=8557"}],"curies":[{"name":"wp","href":"https:\/\/api.w.org\/{rel}","templated":true}]}}