{"id":8623,"date":"2023-07-28T14:10:27","date_gmt":"2023-07-28T13:10:27","guid":{"rendered":"https:\/\/ecoanimalhealth.com\/investors\/faqs\/"},"modified":"2025-08-18T16:42:31","modified_gmt":"2025-08-18T15:42:31","slug":"faqs","status":"publish","type":"page","link":"https:\/\/ecoanimalhealth.com\/pt\/investors\/faqs\/","title":{"rendered":"Perguntas frequentes"},"content":{"rendered":"\n<section class=\"hero-small-section\">\n\t<div class=\"container\">\n\t\t<div class=\"row\">\n\n\t\t\t<div class=\"col-12 col-md-6 title-side waypoint\">\n\t\t\t\t\n\t\t\t\t\t\t\t\t<h2>Perguntas frequentes<\/h2>\n\t\t\t\t\t\t\t<\/div>\n\n\t\t\t<div class=\"col-12 col-md-6 image-side waypoint\">\n\t\t\t\t<div class=\"img-con full-bg\" style=\"background-image:url(https:\/\/ecoanimalhealth.com\/wp-content\/uploads\/2023\/08\/small-hero-6-e1692808097756-1440x270.jpeg);\"><\/div>\n\t\t\t<\/div>\n\t\t<\/div>\n\t<\/div>\n<\/section>\n\n\n<section class=\"spacer-section large light-grey\">\n<\/section>\n\n\n<section class=\"spacer-section large light-grey\">\n<\/section>\n\n\n<section class=\"text-accordion-section\">\n\t<div class=\"container\">\n\t\t<div class=\"row\">\n\n\t\t\t\t\t\t<div class=\"col-12 col-md-6 waypoint\">\n\t\t\t\t<h4>Veja abaixo as nossas respostas \u00e0s perguntas frequentes.<\/h4>\n\t\t\t<\/div>\n\t\t\t\t\t\t\t\n\t\t\t\t\t\t<div class=\"col-12 accordion-con waypoint\">\n\t\t\t\t<dl class=\"accordion\">\n\t\t\t\t\t\t\t\t\t\t\t\t\t\t\t\t\t\t\t<dt>Quando \u00e9 que a ECO foi criada e porqu\u00ea?<\/dt>\n\t\t\t\t\t<dd>\n\t\t\t\t\t\t<div class=\"inner\">\n\t\t\t\t\t\t\t<p>A ECO come\u00e7ou como uma empresa \u201cvirtual\u201d por volta de 1995 inserida na Lawrence plc. A ECO identificou uma s\u00e9rie de medicamentos de sa\u00fade animal mais vendidos, adquiriu-os e come\u00e7ou a licenci\u00e1-los. A estrat\u00e9gia era acrescentar uma gama de medicamentos terap\u00eauticos, prescritos por veterin\u00e1rios, para o tratamento de animais destinados \u00e0 produ\u00e7\u00e3o de alimentos, para complementar a gama de aditivos naturais para alimenta\u00e7\u00e3o animal da Lawrence plc, que vendia internacionalmente. Em 2007, a Lawrence alterou o seu nome para ECO Animal Health, uma vez que a empresa se tinha concentrado inteiramente na sa\u00fade animal.<\/p>\n\t\t\t\t\t\t<\/div>\n\t\t\t\t\t<\/dd>\n\t\t\t\t\t\t\t\t\t\t\t\t\t\t\t\t\t\t\t<dt>O que \u00e9 o Aivlosin<sup>\u00ae<\/sup> \/ Valosin<sup>\u00ae<\/sup>?<\/dt>\n\t\t\t\t\t<dd>\n\t\t\t\t\t\t<div class=\"inner\">\n\t\t\t\t\t\t\t<div id=\"Category1_QA_2\" class=\"QA\">\n<div id=\"Category1_A2\" class=\"Answer faqhide\">\n<p>O Aivlosin<sup>\u00ae<\/sup>\/Valosin<sup>\u00ae<\/sup> \u00e9 um antibi\u00f3tico altamente eficaz que trata uma s\u00e9rie de doen\u00e7as ent\u00e9ricas (intestinais) e respirat\u00f3rias espec\u00edficas em su\u00ednos e aves, assegurando assim um r\u00e1pido restabelecimento da sa\u00fade e uma produ\u00e7\u00e3o otimizada. Deve ser prescrito por um veterin\u00e1rio e \u00e9 sempre utilizado em doses baixas e durante curtos per\u00edodos de tratamento.<\/p>\n<\/div>\n<\/div>\n\t\t\t\t\t\t<\/div>\n\t\t\t\t\t<\/dd>\n\t\t\t\t\t\t\t\t\t\t\t\t\t\t\t\t\t\t\t<dt>Porque \u00e9 que a US Food and Drug Administration (FDA) e a European Medicines Agency (EMA) licenciaram um medicamento novo como o Aivlosin\u00ae?<\/dt>\n\t\t\t\t\t<dd>\n\t\t\t\t\t\t<div class=\"inner\">\n\t\t\t\t\t\t\t<p>O Aivlosin<sup>\u00ae<\/sup>\/Valosin<sup>\u00ae<\/sup> foi aprovado em todos os testes rigorosos exigidos por estas autoridades reguladoras. Estes testes incluem a comprova\u00e7\u00e3o da seguran\u00e7a (para os animais, os seres humanos e o ambiente), a qualidade do produto e a efic\u00e1cia cl\u00ednica contra doen\u00e7as espec\u00edficas nas esp\u00e9cies-alvo, assegurando simultaneamente a aus\u00eancia de res\u00edduos de antibi\u00f3ticos na carne ou nos ovos que s\u00e3o consumidos.<\/p>\n<p>O Aivlosin<sup>\u00ae<\/sup>\/Valosin<sup>\u00ae<\/sup> tem o perfil de um antibi\u00f3tico moderno, na medida em que \u00e9 utilizado para tratar doen\u00e7as espec\u00edficas designadas, a sua taxa de dose efetiva \u00e9 baixa e a dura\u00e7\u00e3o do tratamento \u00e9 curta, devendo ser administrado sob supervis\u00e3o veterin\u00e1ria. O Aivlosin<sup>\u00ae<\/sup>\/Valosin<sup>\u00ae<\/sup> n\u00e3o \u00e9 utilizado em medicina humana. O perfil do Aivlosin<sup>\u00ae<\/sup> est\u00e1 em conson\u00e2ncia com o pensamento atual sobre a utiliza\u00e7\u00e3o judiciosa de antimicrobianos em animais de cria\u00e7\u00e3o e o desejo de reduzir as quantidades de antibi\u00f3ticos utilizados na agricultura.<\/p>\n\t\t\t\t\t\t<\/div>\n\t\t\t\t\t<\/dd>\n\t\t\t\t\t\t\t\t\t\t\t\t\t\t\t\t\t\t\t<dt>Porque \u00e9 que o Aivlosin<sup>\u00ae<\/sup>\/Valosin<sup>\u00ae<\/sup> deve ser o medicamento de elei\u00e7\u00e3o para os produtores?<\/dt>\n\t\t\t\t\t<dd>\n\t\t\t\t\t\t<div class=\"inner\">\n\t\t\t\t\t\t\t<p>\u00c9 simples! O Aivlosin<sup>\u00ae<\/sup>\/Valosin<sup>\u00ae<\/sup> \u00e9 altamente eficaz e atua rapidamente, permitindo que os animais tratados recuperem a sa\u00fade mais depressa. Para al\u00e9m dos benef\u00edcios \u00f3bvios em termos de bem-estar, os animais ganham peso mais rapidamente, digerem os alimentos de forma mais eficiente e chegam ao mercado mais cedo, o que se traduz em mais dinheiro para o produtor.<\/p>\n\t\t\t\t\t\t<\/div>\n\t\t\t\t\t<\/dd>\n\t\t\t\t\t\t\t\t\t\t\t\t\t\t\t\t\t\t\t<dt>O que mais a ECO vende?<\/dt>\n\t\t\t\t\t<dd>\n\t\t\t\t\t\t<div class=\"inner\">\n\t\t\t\t\t\t\t<p>Temos uma gama de medicamentos gen\u00e9ricos modernos, que tamb\u00e9m exigem suporte de licenciamento ativo e cont\u00ednuo. A gama \u00e9 liderada pelo ECOMECTIN\u00ae, um endectocida que controla vermes, carrapatos, piolhos e sarna em animais de pasto e su\u00ednos.<\/p>\n\t\t\t\t\t\t<\/div>\n\t\t\t\t\t<\/dd>\n\t\t\t\t\t\t\t\t\t\t\t\t\t\t\t\t\t\t\t<dt>Onde pode ser consultada a cota\u00e7\u00e3o das a\u00e7\u00f5es da ECO?<\/dt>\n\t\t\t\t\t<dd>\n\t\t\t\t\t\t<div class=\"inner\">\n\t\t\t\t\t\t\t<p>As a\u00e7\u00f5es da ECO est\u00e3o cotadas no mercado AIM da Bolsa de Valores de Londres sob o s\u00edmbolo LSE: EAH.<\/p>\n<p>O AIM \u00e9 o mercado internacional da Bolsa de Valores de Londres para as pequenas empresas em crescimento. Existem v\u00e1rios benef\u00edcios fiscais dispon\u00edveis para os investidores do AIM, incluindo contas individuais de poupan\u00e7a e regime de isen\u00e7\u00e3o do imposto sucess\u00f3rio, dependendo do estatuto da empresa cotada. Para mais informa\u00e7\u00f5es sobre os tipos de empresas do AIM que podem beneficiar destas vantagens, consulte: <a href=\"https:\/\/www.londonstockexchange.com\/resources\" target=\"_blank\" rel=\"noopener\">https:\/\/www.londonstockexchange.com\/resources<\/a><\/p>\n<p>O valor de quaisquer benef\u00edcios fiscais depender\u00e1 das circunst\u00e2ncias individuais, por isso se recomenda aos investidores que obtenham aconselhamento adequado.<\/p>\n\t\t\t\t\t\t<\/div>\n\t\t\t\t\t<\/dd>\n\t\t\t\t\t\t\t\t<\/dl>\n\t\t\t<\/div>\n\t\t\t\n\t\t<\/div>\n\t<\/div>\n<\/section>\n\n\n<section class=\"spacer-section large light-grey\">\n<\/section>\n\n\n<section class=\"spacer-section large light-grey\">\n<\/section>\n\n\n","protected":false},"excerpt":{"rendered":"","protected":false},"author":2,"featured_media":0,"parent":8615,"menu_order":10,"comment_status":"closed","ping_status":"closed","template":"","meta":{"_searchwp_excluded":"","inline_featured_image":false,"footnotes":""},"class_list":["post-8623","page","type-page","status-publish","hentry"],"acf":[],"yoast_head":"<!-- This site is optimized with the Yoast SEO plugin v21.3 - https:\/\/yoast.com\/wordpress\/plugins\/seo\/ -->\n<title>Perguntas frequentes - ECO Animal Health<\/title>\n<meta name=\"robots\" content=\"index, follow, max-snippet:-1, max-image-preview:large, max-video-preview:-1\" \/>\n<link rel=\"canonical\" href=\"https:\/\/ecoanimalhealth.com\/pt\/investors\/faqs\/\" \/>\n<meta property=\"og:locale\" content=\"pt_PT\" \/>\n<meta property=\"og:type\" content=\"article\" \/>\n<meta property=\"og:title\" content=\"Perguntas frequentes - ECO Animal Health\" \/>\n<meta property=\"og:url\" content=\"https:\/\/ecoanimalhealth.com\/pt\/investors\/faqs\/\" \/>\n<meta property=\"og:site_name\" content=\"ECO Animal Health\" \/>\n<meta property=\"article:modified_time\" content=\"2025-08-18T15:42:31+00:00\" \/>\n<meta name=\"twitter:card\" content=\"summary_large_image\" \/>\n<script type=\"application\/ld+json\" class=\"yoast-schema-graph\">{\"@context\":\"https:\/\/schema.org\",\"@graph\":[{\"@type\":\"WebPage\",\"@id\":\"https:\/\/ecoanimalhealth.com\/pt\/investors\/faqs\/\",\"url\":\"https:\/\/ecoanimalhealth.com\/pt\/investors\/faqs\/\",\"name\":\"Perguntas frequentes - ECO Animal Health\",\"isPartOf\":{\"@id\":\"https:\/\/ecoanimalhealth.com\/#website\"},\"datePublished\":\"2023-07-28T13:10:27+00:00\",\"dateModified\":\"2025-08-18T15:42:31+00:00\",\"breadcrumb\":{\"@id\":\"https:\/\/ecoanimalhealth.com\/pt\/investors\/faqs\/#breadcrumb\"},\"inLanguage\":\"pt\",\"potentialAction\":[{\"@type\":\"ReadAction\",\"target\":[\"https:\/\/ecoanimalhealth.com\/pt\/investors\/faqs\/\"]}]},{\"@type\":\"BreadcrumbList\",\"@id\":\"https:\/\/ecoanimalhealth.com\/pt\/investors\/faqs\/#breadcrumb\",\"itemListElement\":[{\"@type\":\"ListItem\",\"position\":1,\"name\":\"Investidores\",\"item\":\"https:\/\/ecoanimalhealth.com\/pt\/investors\/\"},{\"@type\":\"ListItem\",\"position\":2,\"name\":\"Perguntas frequentes\"}]},{\"@type\":\"WebSite\",\"@id\":\"https:\/\/ecoanimalhealth.com\/#website\",\"url\":\"https:\/\/ecoanimalhealth.com\/\",\"name\":\"ECO Animal Health\",\"description\":\"\",\"potentialAction\":[{\"@type\":\"SearchAction\",\"target\":{\"@type\":\"EntryPoint\",\"urlTemplate\":\"https:\/\/ecoanimalhealth.com\/?s={search_term_string}\"},\"query-input\":\"required name=search_term_string\"}],\"inLanguage\":\"pt\"}]}<\/script>\n<!-- \/ Yoast SEO plugin. -->","yoast_head_json":{"title":"Perguntas frequentes - ECO Animal Health","robots":{"index":"index","follow":"follow","max-snippet":"max-snippet:-1","max-image-preview":"max-image-preview:large","max-video-preview":"max-video-preview:-1"},"canonical":"https:\/\/ecoanimalhealth.com\/pt\/investors\/faqs\/","og_locale":"pt_PT","og_type":"article","og_title":"Perguntas frequentes - ECO Animal Health","og_url":"https:\/\/ecoanimalhealth.com\/pt\/investors\/faqs\/","og_site_name":"ECO Animal Health","article_modified_time":"2025-08-18T15:42:31+00:00","twitter_card":"summary_large_image","schema":{"@context":"https:\/\/schema.org","@graph":[{"@type":"WebPage","@id":"https:\/\/ecoanimalhealth.com\/pt\/investors\/faqs\/","url":"https:\/\/ecoanimalhealth.com\/pt\/investors\/faqs\/","name":"Perguntas frequentes - ECO Animal Health","isPartOf":{"@id":"https:\/\/ecoanimalhealth.com\/#website"},"datePublished":"2023-07-28T13:10:27+00:00","dateModified":"2025-08-18T15:42:31+00:00","breadcrumb":{"@id":"https:\/\/ecoanimalhealth.com\/pt\/investors\/faqs\/#breadcrumb"},"inLanguage":"pt","potentialAction":[{"@type":"ReadAction","target":["https:\/\/ecoanimalhealth.com\/pt\/investors\/faqs\/"]}]},{"@type":"BreadcrumbList","@id":"https:\/\/ecoanimalhealth.com\/pt\/investors\/faqs\/#breadcrumb","itemListElement":[{"@type":"ListItem","position":1,"name":"Investidores","item":"https:\/\/ecoanimalhealth.com\/pt\/investors\/"},{"@type":"ListItem","position":2,"name":"Perguntas frequentes"}]},{"@type":"WebSite","@id":"https:\/\/ecoanimalhealth.com\/#website","url":"https:\/\/ecoanimalhealth.com\/","name":"ECO Animal Health","description":"","potentialAction":[{"@type":"SearchAction","target":{"@type":"EntryPoint","urlTemplate":"https:\/\/ecoanimalhealth.com\/?s={search_term_string}"},"query-input":"required name=search_term_string"}],"inLanguage":"pt"}]}},"_links":{"self":[{"href":"https:\/\/ecoanimalhealth.com\/pt\/wp-json\/wp\/v2\/pages\/8623","targetHints":{"allow":["GET"]}}],"collection":[{"href":"https:\/\/ecoanimalhealth.com\/pt\/wp-json\/wp\/v2\/pages"}],"about":[{"href":"https:\/\/ecoanimalhealth.com\/pt\/wp-json\/wp\/v2\/types\/page"}],"author":[{"embeddable":true,"href":"https:\/\/ecoanimalhealth.com\/pt\/wp-json\/wp\/v2\/users\/2"}],"replies":[{"embeddable":true,"href":"https:\/\/ecoanimalhealth.com\/pt\/wp-json\/wp\/v2\/comments?post=8623"}],"version-history":[{"count":0,"href":"https:\/\/ecoanimalhealth.com\/pt\/wp-json\/wp\/v2\/pages\/8623\/revisions"}],"up":[{"embeddable":true,"href":"https:\/\/ecoanimalhealth.com\/pt\/wp-json\/wp\/v2\/pages\/8615"}],"wp:attachment":[{"href":"https:\/\/ecoanimalhealth.com\/pt\/wp-json\/wp\/v2\/media?parent=8623"}],"curies":[{"name":"wp","href":"https:\/\/api.w.org\/{rel}","templated":true}]}}