{"id":8635,"date":"2023-05-09T09:18:11","date_gmt":"2023-05-09T08:18:11","guid":{"rendered":"https:\/\/ecoanimalhealth.com\/privacy-policy\/"},"modified":"2025-02-22T14:26:14","modified_gmt":"2025-02-22T14:26:14","slug":"privacy-policy","status":"publish","type":"page","link":"https:\/\/ecoanimalhealth.com\/pt\/privacy-policy\/","title":{"rendered":"Pol\u00edtica de privacidade"},"content":{"rendered":"\n<section class=\"spacer-section large light-grey\">\n<\/section>\n\n\n<section class=\"text-accordion-section\">\n\t<div class=\"container\">\n\t\t<div class=\"row\">\n\n\t\t\t\t\t\t<div class=\"col-12 col-md-6 waypoint\">\n\t\t\t\t<h2>Pol\u00edtica de privacidade<\/h2>\n\t\t\t<\/div>\n\t\t\t\t\t\t\t\n\t\t\t\t\t\t<div class=\"col-12 accordion-con waypoint\">\n\t\t\t\t<dl class=\"accordion\">\n\t\t\t\t\t\t\t\t\t\t\t\t\t\t\t\t\t\t\t<dt>Declara\u00e7\u00e3o de privacidade<\/dt>\n\t\t\t\t\t<dd>\n\t\t\t\t\t\t<div class=\"inner\">\n\t\t\t\t\t\t\t<p>As p\u00e1ginas do website (\u201co website\u201d) s\u00e3o publicadas pela Carr Kamasa Design Limited (\u201cn\u00f3s\u201d) em nome do ECO Animal Health Group plc (\u201cECO Animal Health\u201d).<\/p>\n<p>N\u00e3o recolhemos quaisquer informa\u00e7\u00f5es sobre indiv\u00edduos, exceto quando estas s\u00e3o especificamente e conscientemente fornecidas pelos mesmos. Quando visita o nosso website, o nosso servidor Web recolhe algumas informa\u00e7\u00f5es b\u00e1sicas, como o nome de dom\u00ednio do seu fornecedor de servi\u00e7os Internet, as p\u00e1ginas a que acedeu no nosso site e quando. Utilizamos estas informa\u00e7\u00f5es apenas para analisar a utiliza\u00e7\u00e3o do nosso website e para ajudar a introduzir melhorias. N\u00e3o recolhemos quaisquer informa\u00e7\u00f5es de identifica\u00e7\u00e3o pessoal.<\/p>\n\t\t\t\t\t\t<\/div>\n\t\t\t\t\t<\/dd>\n\t\t\t\t\t\t\t\t\t\t\t\t\t\t\t\t\t\t\t<dt>Cookies<\/dt>\n\t\t\t\t\t<dd>\n\t\t\t\t\t\t<div class=\"inner\">\n\t\t\t\t\t\t\t<p class=\"small\">Quando visita o nosso website, utilizamos cookies, que s\u00e3o pequenos fragmentos de informa\u00e7\u00e3o que nos permitem manter a sua liga\u00e7\u00e3o ao nosso website. Estes cookies n\u00e3o recolhem nem armazenam quaisquer informa\u00e7\u00f5es de identifica\u00e7\u00e3o pessoal. Pode recusar a utiliza\u00e7\u00e3o de cookies.<\/p>\n<table style=\"width: 100%; height: 789px;\">\n<thead>\n<tr style=\"height: 75px;\">\n<th style=\"height: 75px;\">Nome<\/th>\n<th style=\"height: 75px;\">Descri\u00e7\u00e3o<\/th>\n<th style=\"height: 75px;\">Categoria<\/th>\n<th style=\"height: 75px;\">Prazo de validade<\/th>\n<\/tr>\n<\/thead>\n<tbody>\n<tr style=\"height: 66px;\">\n<td style=\"height: 66px;\">ASP.NET_SessionId<\/td>\n<td style=\"height: 66px;\">ASP.Net_SessionId \u00e9 um cookie utilizado para identificar a sess\u00e3o do utilizador no servidor. A sess\u00e3o \u00e9 utilizada para armazenar dados entre pedidos HTTP no servidor.<\/td>\n<td style=\"height: 66px;\">Estritamente necess\u00e1rio<\/td>\n<td style=\"height: 66px;\">Fim da sess\u00e3o do navegador<\/td>\n<\/tr>\n<tr style=\"height: 66px;\">\n<td style=\"height: 66px;\">.ASPXAUTH<\/td>\n<td style=\"height: 66px;\">.ASPXAUTH \u00e9 um cookie que identifica se o utilizador est\u00e1 autenticado (uma vez que a identidade do utilizador foi verificada)<\/td>\n<td style=\"height: 66px;\">Estritamente necess\u00e1rio<\/td>\n<td style=\"height: 66px;\">Fim da sess\u00e3o do navegador<\/td>\n<\/tr>\n<tr style=\"height: 66px;\">\n<td style=\"height: 66px;\">NREUM<\/td>\n<td style=\"height: 66px;\">Este cookie \u00e9 gerado pela New Relic e s\u00f3 \u00e9 criado em navegadores que n\u00e3o suportam a API de tempo de navega\u00e7\u00e3o<\/td>\n<td style=\"height: 66px;\">Estritamente necess\u00e1rio<\/td>\n<td style=\"height: 66px;\">Fim da sess\u00e3o do navegador<\/td>\n<\/tr>\n<tr style=\"height: 92px;\">\n<td style=\"height: 92px;\">NRAGENT<\/td>\n<td style=\"height: 92px;\">O cookie NRAGENT \u00e9 criado como um token entregue a um utilizador final pelo coletor \u201cwebsite-NAME\u201d e \u00e9 definido se o utilizador utilizar a vers\u00e3o v443 ou inferior do agente do navegador. Este cookie \u00e9 utilizado para comunicar entre o coletor do \u201cWebsite\u201d que agrega as m\u00e9tricas do utilizador final e o(s) agente(s) que corre(m) na aplica\u00e7\u00e3o Web associada.<\/td>\n<td style=\"height: 92px;\">Estritamente necess\u00e1rio<\/td>\n<td style=\"height: 92px;\">Fim da sess\u00e3o do navegador<\/td>\n<\/tr>\n<tr style=\"height: 40px;\">\n<td style=\"height: 40px;\">_ga<\/td>\n<td style=\"height: 40px;\">Utilizado para distinguir os utilizadores.<\/td>\n<td style=\"height: 40px;\">Opcional<\/td>\n<td style=\"height: 40px;\">2 anos<\/td>\n<\/tr>\n<tr style=\"height: 40px;\">\n<td style=\"height: 40px;\">_gid<\/td>\n<td style=\"height: 40px;\">Utilizado para distinguir os utilizadores.<\/td>\n<td style=\"height: 40px;\">Opcional<\/td>\n<td style=\"height: 40px;\">24 horas<\/td>\n<\/tr>\n<tr style=\"height: 40px;\">\n<td style=\"height: 40px;\">_gat<\/td>\n<td style=\"height: 40px;\">Utilizado para limitar a taxa de pedidos. Se o Google Analytics for implementado atrav\u00e9s do Google Tag Manager, este cookie ter\u00e1 o nome _dc_gtm_ .<\/td>\n<td style=\"height: 40px;\">Opcional<\/td>\n<td style=\"height: 40px;\">1 minuto<\/td>\n<\/tr>\n<tr style=\"height: 66px;\">\n<td style=\"height: 66px;\">AMP_TOKEN<\/td>\n<td style=\"height: 66px;\">Cont\u00e9m um token que pode ser utilizado para obter um ID de cliente do servi\u00e7o de ID de cliente AMP. Outros valores poss\u00edveis indicam op\u00e7\u00e3o de exclus\u00e3o, pedido a bordo ou um erro na recupera\u00e7\u00e3o de um ID de cliente do servi\u00e7o de ID de cliente AMP.<\/td>\n<td style=\"height: 66px;\">Opcional<\/td>\n<td style=\"height: 66px;\">30 segundos a 1 ano<\/td>\n<\/tr>\n<tr style=\"height: 66px;\">\n<td style=\"height: 66px;\">_gac_<\/td>\n<td style=\"height: 66px;\">Cont\u00e9m informa\u00e7\u00f5es relacionadas com a campanha para o utilizador. Se tiver associado as suas contas do Google Analytics e do Google Ads, as etiquetas de convers\u00e3o do website do Google Ads ler\u00e3o este cookie, a menos que o utilizador opte por n\u00e3o o aceitar.<\/td>\n<td style=\"height: 66px;\">Opcional<\/td>\n<td style=\"height: 66px;\">90 dias<\/td>\n<\/tr>\n<tr style=\"height: 66px;\">\n<td style=\"height: 66px;\">AWSELB<\/td>\n<td style=\"height: 66px;\">O AWS Classic Load Balancer cria um cookie de balanceamento de carga: utilizado para mapear a sess\u00e3o para a inst\u00e2ncia.<\/td>\n<td style=\"height: 66px;\">Estritamente necess\u00e1rio<\/td>\n<td style=\"height: 66px;\">1 dia<\/td>\n<\/tr>\n<tr style=\"height: 66px;\">\n<td style=\"height: 66px;\">AWSALB<\/td>\n<td style=\"height: 66px;\">O balanceador de carga Classic AWS recebe primeiro um pedido de um cliente, encaminha o pedido para um destino, gera um cookie denominado AWSALB que codifica informa\u00e7\u00f5es sobre o destino selecionado, encripta o cookie e inclui o cookie na resposta ao cliente.<\/td>\n<td style=\"height: 66px;\">Estritamente necess\u00e1rio<\/td>\n<td style=\"height: 66px;\">1 dia<\/td>\n<\/tr>\n<tr style=\"height: 40px;\">\n<td style=\"height: 40px;\">_CookieConsent<\/td>\n<td style=\"height: 40px;\">O cookie _Cookieconsent \u00e9 um plugin utilizado para cumprir a diretriz da UE<\/td>\n<td style=\"height: 40px;\">Estritamente necess\u00e1rio<\/td>\n<td style=\"height: 40px;\">90 dias<\/td>\n<\/tr>\n<\/tbody>\n<\/table>\n<p>&nbsp;<\/p>\n\t\t\t\t\t\t<\/div>\n\t\t\t\t\t<\/dd>\n\t\t\t\t\t\t\t\t\t\t\t\t\t\t\t\t\t\t\t<dt>Google Analytics<\/dt>\n\t\t\t\t\t<dd>\n\t\t\t\t\t\t<div class=\"inner\">\n\t\t\t\t\t\t\t<p class=\"small\">Este website utiliza o Google Analytics, um servi\u00e7o de an\u00e1lise da Web fornecido pela Google, Inc. (\u201cGoogle\u201d). O Google Analytics utiliza cookies (ficheiros de texto colocados no seu computador) para ajudar os operadores do website a analisar a forma como os utilizadores utilizam o website. As informa\u00e7\u00f5es geradas pelo cookie sobre a sua utiliza\u00e7\u00e3o do website (incluindo o seu endere\u00e7o IP) ser\u00e3o transmitidas e armazenadas pela Google em servidores nos Estados Unidos. A Google utilizar\u00e1 estas informa\u00e7\u00f5es para avaliar a sua utiliza\u00e7\u00e3o do website, compilar relat\u00f3rios sobre a atividade do website para os operadores do website e fornecer outros servi\u00e7os relacionados com a atividade do website e a utiliza\u00e7\u00e3o da Internet. A Google pode igualmente transferir estas informa\u00e7\u00f5es para terceiros quando tal for exigido por lei ou quando esses terceiros tratarem as informa\u00e7\u00f5es em nome da Google. A Google n\u00e3o associar\u00e1 o endere\u00e7o IP do utilizador a quaisquer outros dados detidos pela Google. Ao utilizar este website, o utilizador consente que a Google trate os dados que lhe dizem respeito da forma e para os fins acima referidos.<\/p>\n\t\t\t\t\t\t<\/div>\n\t\t\t\t\t<\/dd>\n\t\t\t\t\t\t\t\t\t\t\t\t\t\t\t\t\t\t\t<dt>Como recusar a utiliza\u00e7\u00e3o de cookies<\/dt>\n\t\t\t\t\t<dd>\n\t\t\t\t\t\t<div class=\"inner\">\n\t\t\t\t\t\t\t<p><strong>O utilizador pode recusar a utiliza\u00e7\u00e3o de cookies selecionando as defini\u00e7\u00f5es apropriadas no seu navegador. No entanto, se o fizer, poder\u00e1 perder algumas funcionalidades \u00fateis, como a personaliza\u00e7\u00e3o e as funcionalidades \u201cmanter-me ligado\u201d e \u201cmemorizar-me\u201d.<\/strong><\/p>\n<h4>Como desativar os cookies no seu navegador:<\/h4>\n<p>Esta \u00e9 a forma de impedir a instala\u00e7\u00e3o de novos cookies e de eliminar os cookies existentes. O procedimento exato depende do navegador que est\u00e1 a utilizar.<\/p>\n<h5>Internet Explorer<\/h5>\n<p><strong>Para impedir a instala\u00e7\u00e3o de novos cookies e eliminar os cookies existentes:<\/strong><\/p>\n<p><a href=\"http:\/\/windows.microsoft.com\/en-GB\/internet-explorer\/delete-manage-cookies\" target=\"_blank\" rel=\"noopener\">http:\/\/windows.microsoft.com\/en-GB\/internet-explorer\/delete-manage-cookies<\/a><\/p>\n<h5>Firefox<\/h5>\n<p><strong>Para impedir a instala\u00e7\u00e3o de novos cookies:<\/strong><\/p>\n<p><a href=\"https:\/\/support.mozilla.org\/en-US\/kb\/enable-and-disable-cookies-website-preferences\" target=\"_blank\" rel=\"noopener\">https:\/\/support.mozilla.org\/en-US\/kb\/enable-and-disable-cookies-website-preferences<\/a><\/p>\n<p><strong>Para eliminar os cookies existentes:<\/strong><\/p>\n<p><a href=\"https:\/\/support.mozilla.org\/en-US\/kb\/delete-cookies-remove-info-websites-stored\" target=\"_blank\" rel=\"noopener\">https:\/\/support.mozilla.org\/en-US\/kb\/delete-cookies-remove-info-websites-stored<\/a><\/p>\n<h5>Google Chrome<\/h5>\n<p><strong>Para impedir a instala\u00e7\u00e3o de novos cookies e eliminar os cookies existentes:<\/strong><\/p>\n<p><a href=\"https:\/\/support.google.com\/chrome\/answer\/95647?hl=en\" target=\"_blank\" rel=\"noopener\">https:\/\/support.google.com\/chrome\/answer\/95647?hl=en<\/a><\/p>\n<h5>Safari<\/h5>\n<p><strong>Para impedir a instala\u00e7\u00e3o de novos cookies e eliminar os cookies existentes:<\/strong><\/p>\n<p><a href=\"http:\/\/help.apple.com\/safari\/mac\/8.0\/#\/sfri11471\" target=\"_blank\" rel=\"noopener\">http:\/\/help.apple.com\/safari\/mac\/8.0\/#\/sfri11471<\/a><\/p>\n\t\t\t\t\t\t<\/div>\n\t\t\t\t\t<\/dd>\n\t\t\t\t\t\t\t\t<\/dl>\n\t\t\t<\/div>\n\t\t\t\n\t\t<\/div>\n\t<\/div>\n<\/section>\n\n\n<section class=\"spacer-section large light-grey\">\n<\/section>","protected":false},"excerpt":{"rendered":"","protected":false},"author":2,"featured_media":0,"parent":0,"menu_order":7,"comment_status":"closed","ping_status":"open","template":"","meta":{"_searchwp_excluded":"","inline_featured_image":false,"footnotes":""},"class_list":["post-8635","page","type-page","status-publish","hentry"],"acf":[],"yoast_head":"<!-- This site is optimized with the Yoast SEO plugin v21.3 - https:\/\/yoast.com\/wordpress\/plugins\/seo\/ -->\n<title>Pol\u00edtica de privacidade - ECO Animal Health<\/title>\n<meta name=\"robots\" content=\"index, follow, max-snippet:-1, max-image-preview:large, max-video-preview:-1\" \/>\n<link rel=\"canonical\" href=\"https:\/\/ecoanimalhealth.com\/pt\/privacy-policy\/\" \/>\n<meta property=\"og:locale\" content=\"pt_PT\" \/>\n<meta property=\"og:type\" content=\"article\" \/>\n<meta property=\"og:title\" content=\"Pol\u00edtica de privacidade - ECO Animal Health\" \/>\n<meta property=\"og:url\" content=\"https:\/\/ecoanimalhealth.com\/pt\/privacy-policy\/\" \/>\n<meta property=\"og:site_name\" content=\"ECO Animal Health\" \/>\n<meta property=\"article:modified_time\" content=\"2025-02-22T14:26:14+00:00\" \/>\n<meta name=\"twitter:card\" content=\"summary_large_image\" \/>\n<script type=\"application\/ld+json\" class=\"yoast-schema-graph\">{\"@context\":\"https:\/\/schema.org\",\"@graph\":[{\"@type\":\"WebPage\",\"@id\":\"https:\/\/ecoanimalhealth.com\/pt\/privacy-policy\/\",\"url\":\"https:\/\/ecoanimalhealth.com\/pt\/privacy-policy\/\",\"name\":\"Pol\u00edtica de privacidade - ECO Animal Health\",\"isPartOf\":{\"@id\":\"https:\/\/ecoanimalhealth.com\/#website\"},\"datePublished\":\"2023-05-09T08:18:11+00:00\",\"dateModified\":\"2025-02-22T14:26:14+00:00\",\"inLanguage\":\"pt\",\"potentialAction\":[{\"@type\":\"ReadAction\",\"target\":[\"https:\/\/ecoanimalhealth.com\/pt\/privacy-policy\/\"]}]},{\"@type\":\"WebSite\",\"@id\":\"https:\/\/ecoanimalhealth.com\/#website\",\"url\":\"https:\/\/ecoanimalhealth.com\/\",\"name\":\"ECO Animal Health\",\"description\":\"\",\"potentialAction\":[{\"@type\":\"SearchAction\",\"target\":{\"@type\":\"EntryPoint\",\"urlTemplate\":\"https:\/\/ecoanimalhealth.com\/?s={search_term_string}\"},\"query-input\":\"required name=search_term_string\"}],\"inLanguage\":\"pt\"}]}<\/script>\n<!-- \/ Yoast SEO plugin. -->","yoast_head_json":{"title":"Pol\u00edtica de privacidade - ECO Animal Health","robots":{"index":"index","follow":"follow","max-snippet":"max-snippet:-1","max-image-preview":"max-image-preview:large","max-video-preview":"max-video-preview:-1"},"canonical":"https:\/\/ecoanimalhealth.com\/pt\/privacy-policy\/","og_locale":"pt_PT","og_type":"article","og_title":"Pol\u00edtica de privacidade - ECO Animal Health","og_url":"https:\/\/ecoanimalhealth.com\/pt\/privacy-policy\/","og_site_name":"ECO Animal Health","article_modified_time":"2025-02-22T14:26:14+00:00","twitter_card":"summary_large_image","schema":{"@context":"https:\/\/schema.org","@graph":[{"@type":"WebPage","@id":"https:\/\/ecoanimalhealth.com\/pt\/privacy-policy\/","url":"https:\/\/ecoanimalhealth.com\/pt\/privacy-policy\/","name":"Pol\u00edtica de privacidade - ECO Animal Health","isPartOf":{"@id":"https:\/\/ecoanimalhealth.com\/#website"},"datePublished":"2023-05-09T08:18:11+00:00","dateModified":"2025-02-22T14:26:14+00:00","inLanguage":"pt","potentialAction":[{"@type":"ReadAction","target":["https:\/\/ecoanimalhealth.com\/pt\/privacy-policy\/"]}]},{"@type":"WebSite","@id":"https:\/\/ecoanimalhealth.com\/#website","url":"https:\/\/ecoanimalhealth.com\/","name":"ECO Animal Health","description":"","potentialAction":[{"@type":"SearchAction","target":{"@type":"EntryPoint","urlTemplate":"https:\/\/ecoanimalhealth.com\/?s={search_term_string}"},"query-input":"required name=search_term_string"}],"inLanguage":"pt"}]}},"_links":{"self":[{"href":"https:\/\/ecoanimalhealth.com\/pt\/wp-json\/wp\/v2\/pages\/8635","targetHints":{"allow":["GET"]}}],"collection":[{"href":"https:\/\/ecoanimalhealth.com\/pt\/wp-json\/wp\/v2\/pages"}],"about":[{"href":"https:\/\/ecoanimalhealth.com\/pt\/wp-json\/wp\/v2\/types\/page"}],"author":[{"embeddable":true,"href":"https:\/\/ecoanimalhealth.com\/pt\/wp-json\/wp\/v2\/users\/2"}],"replies":[{"embeddable":true,"href":"https:\/\/ecoanimalhealth.com\/pt\/wp-json\/wp\/v2\/comments?post=8635"}],"version-history":[{"count":0,"href":"https:\/\/ecoanimalhealth.com\/pt\/wp-json\/wp\/v2\/pages\/8635\/revisions"}],"wp:attachment":[{"href":"https:\/\/ecoanimalhealth.com\/pt\/wp-json\/wp\/v2\/media?parent=8635"}],"curies":[{"name":"wp","href":"https:\/\/api.w.org\/{rel}","templated":true}]}}