{"id":8639,"date":"2023-07-28T16:57:45","date_gmt":"2023-07-28T15:57:45","guid":{"rendered":"https:\/\/ecoanimalhealth.com\/accessibility\/"},"modified":"2025-03-26T11:33:25","modified_gmt":"2025-03-26T11:33:25","slug":"accessibility","status":"publish","type":"page","link":"https:\/\/ecoanimalhealth.com\/pt\/accessibility\/","title":{"rendered":"Acessibilidade"},"content":{"rendered":"\n<section class=\"hero-small-section\">\n\t<div class=\"container\">\n\t\t<div class=\"row\">\n\n\t\t\t<div class=\"col-12 col-md-6 title-side waypoint\">\n\t\t\t\t\n\t\t\t\t\t\t\t\t<h2>Acessibilidade<\/h2>\n\t\t\t\t\t\t\t<\/div>\n\n\t\t\t<div class=\"col-12 col-md-6 image-side waypoint\">\n\t\t\t\t<div class=\"img-con full-bg\" style=\"background-image:url(https:\/\/ecoanimalhealth.com\/wp-content\/uploads\/2023\/07\/green_shape-1-1366x270.png);\"><\/div>\n\t\t\t<\/div>\n\t\t<\/div>\n\t<\/div>\n<\/section>\n\n\n<section class=\"spacer-section large light-grey\">\n<\/section>\n\n\n<section class=\"simple-text-section\">\n\t<div class=\"container\">\n\t\t<div class=\"row\">\n\t\t\t<div class=\"col-12 waypoint\">\n\t\t\t\t<h3>Reconhecemos a import\u00e2ncia de fornecer um website que seja inclusivo e dispon\u00edvel para todos os grupos de utilizadores.<\/h3>\n<p><em><strong>Esta p\u00e1gina explica:<\/strong><\/em><\/p>\n<ul>\n<li>a nossa abordagem para tornar este website acess\u00edvel;<\/li>\n<li>as funcionalidades disponibilizadas para melhorar a acessibilidade do website;<\/li>\n<li>o que fazer se tiver quaisquer perguntas ou coment\u00e1rios.<\/li>\n<\/ul>\n<h3>Abordagem<\/h3>\n<p>Consideramos que este website cumpre ou excede os requisitos dos pontos de verifica\u00e7\u00e3o da Prioridade 1 das diretrizes da Iniciativa para a Acessibilidade da Web do Cons\u00f3rcio World Wide Web (WCAG WAI) 1.0.<\/p>\n<h3>Carater\u00edsticas de acessibilidade<\/h3>\n<h4>Tamanho do texto<\/h4>\n<p>Pode variar o tamanho do texto utilizando a op\u00e7\u00e3o de redimensionamento de texto do seu navegador: Ver &#8211; Tamanho do texto.<\/p>\n<h4>Texto alternativo para imagens<\/h4>\n<p>Todas as imagens t\u00eam um texto alternativo adequado.<\/p>\n<h4>Elementos de t\u00edtulo<\/h4>\n<p>Foram utilizados elementos de t\u00edtulo HTML para representar a estrutura da p\u00e1gina, apoiando as tecnologias de assist\u00eancia que permitem a navega\u00e7\u00e3o de p\u00e1gina de t\u00edtulo para t\u00edtulo.<\/p>\n<h4>Texto das hiperliga\u00e7\u00f5es<\/h4>\n<p>Todas as hiperliga\u00e7\u00f5es devem fazer sentido quando lidas fora do contexto, e as hiperliga\u00e7\u00f5es s\u00e3o claramente apresentadas num estilo de texto diferente do texto normal do corpo da p\u00e1gina.<\/p>\n<h4>Independ\u00eancia do JavaScript<\/h4>\n<p>Quando o JavaScript ou outros scripts s\u00e3o utilizados para navega\u00e7\u00e3o ou funcionalidade, foi implementado um mecanismo alternativo para o caso de o seu navegador n\u00e3o suportar esses scripts.<\/p>\n<h4>Contraste de cores<\/h4>\n<p>Verific\u00e1mos as combina\u00e7\u00f5es de cores do texto e do fundo para garantir que o contraste \u00e9 suficiente e tamb\u00e9m garantimos que a informa\u00e7\u00e3o n\u00e3o \u00e9 referenciada apenas pela cor.<\/p>\n<h4>Folhas de estilo<\/h4>\n<p>Utiliz\u00e1mos folhas de estilo em cascata (CSS) para controlar a apresenta\u00e7\u00e3o das p\u00e1ginas e utiliz\u00e1mos uma marca\u00e7\u00e3o devidamente estruturada para os conte\u00fados. Se as folhas de estilo n\u00e3o forem suportadas ou estiverem desativadas, as informa\u00e7\u00f5es no website ainda podem ser acessadas e lidas.<\/p>\n<h4>Perguntas e coment\u00e1rios<\/h4>\n<p>Se tiver alguma dificuldade em aceder a qualquer informa\u00e7\u00e3o neste website ou se tiver algum coment\u00e1rio a fazer, gostar\u00edamos de saber a sua opini\u00e3o. Entre em contato conosco.<\/p>\n\t\t\t<\/div>\n\t\t<\/div>\n\t<\/div>\n<\/section>\n\n\n\n<section class=\"spacer-section large light-grey\">\n<\/section>","protected":false},"excerpt":{"rendered":"","protected":false},"author":2,"featured_media":0,"parent":0,"menu_order":8,"comment_status":"closed","ping_status":"closed","template":"","meta":{"_searchwp_excluded":"","inline_featured_image":false,"footnotes":""},"class_list":["post-8639","page","type-page","status-publish","hentry"],"acf":[],"yoast_head":"<!-- This site is optimized with the Yoast SEO plugin v21.3 - https:\/\/yoast.com\/wordpress\/plugins\/seo\/ -->\n<title>Acessibilidade - ECO Animal Health<\/title>\n<meta name=\"robots\" content=\"index, follow, max-snippet:-1, max-image-preview:large, max-video-preview:-1\" \/>\n<link rel=\"canonical\" href=\"https:\/\/ecoanimalhealth.com\/pt\/accessibility\/\" \/>\n<meta property=\"og:locale\" content=\"pt_PT\" \/>\n<meta property=\"og:type\" content=\"article\" \/>\n<meta property=\"og:title\" content=\"Acessibilidade - ECO Animal Health\" \/>\n<meta property=\"og:url\" content=\"https:\/\/ecoanimalhealth.com\/pt\/accessibility\/\" \/>\n<meta property=\"og:site_name\" content=\"ECO Animal Health\" \/>\n<meta property=\"article:modified_time\" content=\"2025-03-26T11:33:25+00:00\" \/>\n<meta name=\"twitter:card\" content=\"summary_large_image\" \/>\n<script type=\"application\/ld+json\" class=\"yoast-schema-graph\">{\"@context\":\"https:\/\/schema.org\",\"@graph\":[{\"@type\":\"WebPage\",\"@id\":\"https:\/\/ecoanimalhealth.com\/pt\/accessibility\/\",\"url\":\"https:\/\/ecoanimalhealth.com\/pt\/accessibility\/\",\"name\":\"Acessibilidade - ECO Animal Health\",\"isPartOf\":{\"@id\":\"https:\/\/ecoanimalhealth.com\/#website\"},\"datePublished\":\"2023-07-28T15:57:45+00:00\",\"dateModified\":\"2025-03-26T11:33:25+00:00\",\"inLanguage\":\"pt\",\"potentialAction\":[{\"@type\":\"ReadAction\",\"target\":[\"https:\/\/ecoanimalhealth.com\/pt\/accessibility\/\"]}]},{\"@type\":\"WebSite\",\"@id\":\"https:\/\/ecoanimalhealth.com\/#website\",\"url\":\"https:\/\/ecoanimalhealth.com\/\",\"name\":\"ECO Animal Health\",\"description\":\"\",\"potentialAction\":[{\"@type\":\"SearchAction\",\"target\":{\"@type\":\"EntryPoint\",\"urlTemplate\":\"https:\/\/ecoanimalhealth.com\/?s={search_term_string}\"},\"query-input\":\"required name=search_term_string\"}],\"inLanguage\":\"pt\"}]}<\/script>\n<!-- \/ Yoast SEO plugin. -->","yoast_head_json":{"title":"Acessibilidade - ECO Animal Health","robots":{"index":"index","follow":"follow","max-snippet":"max-snippet:-1","max-image-preview":"max-image-preview:large","max-video-preview":"max-video-preview:-1"},"canonical":"https:\/\/ecoanimalhealth.com\/pt\/accessibility\/","og_locale":"pt_PT","og_type":"article","og_title":"Acessibilidade - ECO Animal Health","og_url":"https:\/\/ecoanimalhealth.com\/pt\/accessibility\/","og_site_name":"ECO Animal Health","article_modified_time":"2025-03-26T11:33:25+00:00","twitter_card":"summary_large_image","schema":{"@context":"https:\/\/schema.org","@graph":[{"@type":"WebPage","@id":"https:\/\/ecoanimalhealth.com\/pt\/accessibility\/","url":"https:\/\/ecoanimalhealth.com\/pt\/accessibility\/","name":"Acessibilidade - ECO Animal Health","isPartOf":{"@id":"https:\/\/ecoanimalhealth.com\/#website"},"datePublished":"2023-07-28T15:57:45+00:00","dateModified":"2025-03-26T11:33:25+00:00","inLanguage":"pt","potentialAction":[{"@type":"ReadAction","target":["https:\/\/ecoanimalhealth.com\/pt\/accessibility\/"]}]},{"@type":"WebSite","@id":"https:\/\/ecoanimalhealth.com\/#website","url":"https:\/\/ecoanimalhealth.com\/","name":"ECO Animal Health","description":"","potentialAction":[{"@type":"SearchAction","target":{"@type":"EntryPoint","urlTemplate":"https:\/\/ecoanimalhealth.com\/?s={search_term_string}"},"query-input":"required name=search_term_string"}],"inLanguage":"pt"}]}},"_links":{"self":[{"href":"https:\/\/ecoanimalhealth.com\/pt\/wp-json\/wp\/v2\/pages\/8639","targetHints":{"allow":["GET"]}}],"collection":[{"href":"https:\/\/ecoanimalhealth.com\/pt\/wp-json\/wp\/v2\/pages"}],"about":[{"href":"https:\/\/ecoanimalhealth.com\/pt\/wp-json\/wp\/v2\/types\/page"}],"author":[{"embeddable":true,"href":"https:\/\/ecoanimalhealth.com\/pt\/wp-json\/wp\/v2\/users\/2"}],"replies":[{"embeddable":true,"href":"https:\/\/ecoanimalhealth.com\/pt\/wp-json\/wp\/v2\/comments?post=8639"}],"version-history":[{"count":0,"href":"https:\/\/ecoanimalhealth.com\/pt\/wp-json\/wp\/v2\/pages\/8639\/revisions"}],"wp:attachment":[{"href":"https:\/\/ecoanimalhealth.com\/pt\/wp-json\/wp\/v2\/media?parent=8639"}],"curies":[{"name":"wp","href":"https:\/\/api.w.org\/{rel}","templated":true}]}}