{"id":8642,"date":"2023-07-28T17:04:37","date_gmt":"2023-07-28T16:04:37","guid":{"rendered":"https:\/\/ecoanimalhealth.com\/disclaimer\/"},"modified":"2025-03-24T12:20:45","modified_gmt":"2025-03-24T12:20:45","slug":"disclaimer","status":"publish","type":"page","link":"https:\/\/ecoanimalhealth.com\/pt\/disclaimer\/","title":{"rendered":"Isen\u00e7\u00e3o de responsabilidade"},"content":{"rendered":"\n<section class=\"hero-small-section\">\n\t<div class=\"container\">\n\t\t<div class=\"row\">\n\n\t\t\t<div class=\"col-12 col-md-6 title-side waypoint\">\n\t\t\t\t\n\t\t\t\t\t\t\t\t<h2>Isen\u00e7\u00e3o de responsabilidade<\/h2>\n\t\t\t\t\t\t\t<\/div>\n\n\t\t\t<div class=\"col-12 col-md-6 image-side waypoint\">\n\t\t\t\t<div class=\"img-con full-bg\" style=\"background-image:url(https:\/\/ecoanimalhealth.com\/wp-content\/uploads\/2023\/07\/green_shape-1-1366x270.png);\"><\/div>\n\t\t\t<\/div>\n\t\t<\/div>\n\t<\/div>\n<\/section>\n\n\n<section class=\"spacer-section large light-grey\">\n<\/section>\n\n\n<section class=\"simple-text-section\">\n\t<div class=\"container\">\n\t\t<div class=\"row\">\n\t\t\t<div class=\"col-12 waypoint\">\n\t\t\t\t<h3>Isen\u00e7\u00e3o de responsabilidade<\/h3>\n<p>As p\u00e1ginas do website (\u201co website\u201d) s\u00e3o publicadas pela Carr Kamasa Design Limited (\u201cn\u00f3s\u201d) em nome do ECO Animal Health Group plc (\u201cECO Animal Health Group plc\u201d).<\/p>\n<p>Leia atentamente as nossas condi\u00e7\u00f5es de utiliza\u00e7\u00e3o, uma vez que ao utilizar o website estar\u00e1 concordando em ficar vinculado pelas mesmas. Reservamo-nos o direito de alterar as condi\u00e7\u00f5es de utiliza\u00e7\u00e3o em qualquer altura e publicaremos quaisquer altera\u00e7\u00f5es aqui. Aconselhamos o utilizador a rever regularmente as condi\u00e7\u00f5es de utiliza\u00e7\u00e3o, pois considera-se que aceitou as altera\u00e7\u00f5es se continuar a utilizar o website depois de estas terem sido publicadas.<\/p>\n<p>As informa\u00e7\u00f5es publicadas por n\u00f3s no website s\u00e3o fornecidas pelo ECO Animal Health Group plc e, quando indicado, por terceiros. Tomamos todos os cuidados e precau\u00e7\u00f5es para assegurar que a informa\u00e7\u00e3o publicada no website \u00e9 exata quando publicada e regularmente atualizada, mas nem n\u00f3s nem o ECO Animal Health Group plc garantimos a sua exatid\u00e3o e podemos alterar a informa\u00e7\u00e3o a qualquer momento sem aviso pr\u00e9vio.<\/p>\n<p>PUBLICAMOS O WEBSITE \u201cTAL COMO EST\u00c1\u201d SEM QUALQUER GARANTIA DE QUALQUER TIPO, EXPRESSA OU IMPL\u00cdCITA, QUANTO AO FUNCIONAMENTO DO NOSSO SITE, \u00c0 EXATID\u00c3O DAS INFORMA\u00c7\u00d5ES OU DOS PRODUTOS OU SERVI\u00c7OS REFERIDOS NO WEBSITE (NA MEDIDA EM QUE TAIS GARANTIAS POSSAM SER EXCLU\u00cdDAS AO ABRIGO DE QUALQUER LEI APLIC\u00c1VEL) E NEM N\u00d3S NEM O ECO Animal Health Group plc SEREMOS RESPONS\u00c1VEIS POR QUAISQUER PERDAS OU DANOS QUE POSSAM RESULTAR DA UTILIZA\u00c7\u00c3O DO WEBSITE EM CONSEQU\u00caNCIA DE QUAISQUER IMPRECIS\u00d5ES, OU OMISS\u00d5ES, NAS INFORMA\u00c7\u00d5ES QUE POSSAM CONTER.<\/p>\n<p>As informa\u00e7\u00f5es constantes do website n\u00e3o representam um convite para investir nas a\u00e7\u00f5es, ou em quaisquer outros produtos ou servi\u00e7os, nem para negociar ou celebrar um contrato com o ECO Animal Health Group plc ou qualquer outra empresa. As informa\u00e7\u00f5es fornecidas n\u00e3o devem ser consideradas para efeitos de qualquer decis\u00e3o de investimento.<\/p>\n<p>O desempenho passado do ECO Animal Health Group plc ou de qualquer outra empresa referida no website n\u00e3o deve ser considerado como um indicador do seu desempenho futuro. O pre\u00e7o das a\u00e7\u00f5es e o rendimento delas derivado tanto podem descer como subir e os investidores podem n\u00e3o recuperar o montante inicialmente investido.<\/p>\n<p>Qualquer refer\u00eancia a qualquer produto ou servi\u00e7o que tenha sido ou possa ser fornecido pelo ECO Animal Health Group plc ou por qualquer outra empresa n\u00e3o corresponde a uma promessa de que esse produto ou servi\u00e7o estar\u00e1 dispon\u00edvel em qualquer altura. Poder\u00e3o ser efetuadas altera\u00e7\u00f5es ou melhorias a esses produtos ou servi\u00e7os em qualquer altura, sem aviso pr\u00e9vio.<\/p>\n<p>Os direitos de autor destas p\u00e1ginas s\u00e3o propriedade da Carr Kamasa Design. O ECO Animal Health Group plc det\u00e9m os direitos de autor do conte\u00fado publicado no website, exceto quando indicado de outra forma por um aviso de propriedade de terceiros. As imagens, marcas registadas e marcas tamb\u00e9m est\u00e3o protegidas por outras leis de propriedade intelectual e n\u00e3o podem ser reproduzidas ou apropriadas de qualquer forma sem autoriza\u00e7\u00e3o escrita dos respetivos propriet\u00e1rios. A menos que seja especificamente proibido por um aviso publicado em qualquer p\u00e1gina, o utilizador pode fazer uma c\u00f3pia impressa das partes do website de que razoavelmente necessite para sua utiliza\u00e7\u00e3o pessoal, desde que qualquer c\u00f3pia tenha anexados os avisos de propriedade e\/ou isen\u00e7\u00f5es de responsabilidade relevantes. \u00c9 proibida qualquer outra utiliza\u00e7\u00e3o.<\/p>\n<p>O conte\u00fado e as informa\u00e7\u00f5es fornecidas por terceiros que n\u00e3o o ECO Animal Health Group plc s\u00e3o claramente identificados onde figuram. Publicamos estes conte\u00fados tal como nos s\u00e3o fornecidos e n\u00e3o somos respons\u00e1veis pela sua exatid\u00e3o ou car\u00e1cter atual. O utilizador deve tomar as medidas adequadas para verificar estas informa\u00e7\u00f5es antes de agir com base nas mesmas. N\u00e3o somos respons\u00e1veis pelo conte\u00fado de qualquer outro website a partir do qual tenha acedido ao website ou para o qual possa estabelecer uma hiperliga\u00e7\u00e3o a partir do website e n\u00e3o podemos ser responsabilizados por quaisquer perdas ou danos em que incorra como resultado dessa a\u00e7\u00e3o.<\/p>\n<p>Estas condi\u00e7\u00f5es de utiliza\u00e7\u00e3o regem-se pelas leis de Inglaterra e do Pa\u00eds de Gales e o utilizador aceita que os tribunais ingleses tenham jurisdi\u00e7\u00e3o exclusiva em qualquer lit\u00edgio.<\/p>\n<p>Na medida em que qualquer parte das presentes condi\u00e7\u00f5es de utiliza\u00e7\u00e3o seja considerada inv\u00e1lida, ilegal ou inaplic\u00e1vel por qualquer tribunal de jurisdi\u00e7\u00e3o competente, essa parte ser\u00e1, nessa medida, dissociada dos restantes termos, os quais permanecer\u00e3o em pleno vigor e efeito, conforme permitido por lei.<\/p>\n\t\t\t<\/div>\n\t\t<\/div>\n\t<\/div>\n<\/section>\n\n\n\n<section class=\"spacer-section large light-grey\">\n<\/section>","protected":false},"excerpt":{"rendered":"","protected":false},"author":2,"featured_media":0,"parent":0,"menu_order":9,"comment_status":"closed","ping_status":"closed","template":"","meta":{"_searchwp_excluded":"","inline_featured_image":false,"footnotes":""},"class_list":["post-8642","page","type-page","status-publish","hentry"],"acf":[],"yoast_head":"<!-- This site is optimized with the Yoast SEO plugin v21.3 - https:\/\/yoast.com\/wordpress\/plugins\/seo\/ -->\n<title>Isen\u00e7\u00e3o de responsabilidade - ECO Animal Health<\/title>\n<meta name=\"robots\" content=\"index, follow, max-snippet:-1, max-image-preview:large, max-video-preview:-1\" \/>\n<link rel=\"canonical\" href=\"https:\/\/ecoanimalhealth.com\/pt\/disclaimer\/\" \/>\n<meta property=\"og:locale\" content=\"pt_PT\" \/>\n<meta property=\"og:type\" content=\"article\" \/>\n<meta property=\"og:title\" content=\"Isen\u00e7\u00e3o de responsabilidade - ECO Animal Health\" \/>\n<meta property=\"og:url\" content=\"https:\/\/ecoanimalhealth.com\/pt\/disclaimer\/\" \/>\n<meta property=\"og:site_name\" content=\"ECO Animal Health\" \/>\n<meta property=\"article:modified_time\" content=\"2025-03-24T12:20:45+00:00\" \/>\n<meta name=\"twitter:card\" content=\"summary_large_image\" \/>\n<script type=\"application\/ld+json\" class=\"yoast-schema-graph\">{\"@context\":\"https:\/\/schema.org\",\"@graph\":[{\"@type\":\"WebPage\",\"@id\":\"https:\/\/ecoanimalhealth.com\/pt\/disclaimer\/\",\"url\":\"https:\/\/ecoanimalhealth.com\/pt\/disclaimer\/\",\"name\":\"Isen\u00e7\u00e3o de responsabilidade - ECO Animal Health\",\"isPartOf\":{\"@id\":\"https:\/\/ecoanimalhealth.com\/#website\"},\"datePublished\":\"2023-07-28T16:04:37+00:00\",\"dateModified\":\"2025-03-24T12:20:45+00:00\",\"inLanguage\":\"pt\",\"potentialAction\":[{\"@type\":\"ReadAction\",\"target\":[\"https:\/\/ecoanimalhealth.com\/pt\/disclaimer\/\"]}]},{\"@type\":\"WebSite\",\"@id\":\"https:\/\/ecoanimalhealth.com\/#website\",\"url\":\"https:\/\/ecoanimalhealth.com\/\",\"name\":\"ECO Animal Health\",\"description\":\"\",\"potentialAction\":[{\"@type\":\"SearchAction\",\"target\":{\"@type\":\"EntryPoint\",\"urlTemplate\":\"https:\/\/ecoanimalhealth.com\/?s={search_term_string}\"},\"query-input\":\"required name=search_term_string\"}],\"inLanguage\":\"pt\"}]}<\/script>\n<!-- \/ Yoast SEO plugin. -->","yoast_head_json":{"title":"Isen\u00e7\u00e3o de responsabilidade - ECO Animal Health","robots":{"index":"index","follow":"follow","max-snippet":"max-snippet:-1","max-image-preview":"max-image-preview:large","max-video-preview":"max-video-preview:-1"},"canonical":"https:\/\/ecoanimalhealth.com\/pt\/disclaimer\/","og_locale":"pt_PT","og_type":"article","og_title":"Isen\u00e7\u00e3o de responsabilidade - ECO Animal Health","og_url":"https:\/\/ecoanimalhealth.com\/pt\/disclaimer\/","og_site_name":"ECO Animal Health","article_modified_time":"2025-03-24T12:20:45+00:00","twitter_card":"summary_large_image","schema":{"@context":"https:\/\/schema.org","@graph":[{"@type":"WebPage","@id":"https:\/\/ecoanimalhealth.com\/pt\/disclaimer\/","url":"https:\/\/ecoanimalhealth.com\/pt\/disclaimer\/","name":"Isen\u00e7\u00e3o de responsabilidade - ECO Animal Health","isPartOf":{"@id":"https:\/\/ecoanimalhealth.com\/#website"},"datePublished":"2023-07-28T16:04:37+00:00","dateModified":"2025-03-24T12:20:45+00:00","inLanguage":"pt","potentialAction":[{"@type":"ReadAction","target":["https:\/\/ecoanimalhealth.com\/pt\/disclaimer\/"]}]},{"@type":"WebSite","@id":"https:\/\/ecoanimalhealth.com\/#website","url":"https:\/\/ecoanimalhealth.com\/","name":"ECO Animal Health","description":"","potentialAction":[{"@type":"SearchAction","target":{"@type":"EntryPoint","urlTemplate":"https:\/\/ecoanimalhealth.com\/?s={search_term_string}"},"query-input":"required name=search_term_string"}],"inLanguage":"pt"}]}},"_links":{"self":[{"href":"https:\/\/ecoanimalhealth.com\/pt\/wp-json\/wp\/v2\/pages\/8642","targetHints":{"allow":["GET"]}}],"collection":[{"href":"https:\/\/ecoanimalhealth.com\/pt\/wp-json\/wp\/v2\/pages"}],"about":[{"href":"https:\/\/ecoanimalhealth.com\/pt\/wp-json\/wp\/v2\/types\/page"}],"author":[{"embeddable":true,"href":"https:\/\/ecoanimalhealth.com\/pt\/wp-json\/wp\/v2\/users\/2"}],"replies":[{"embeddable":true,"href":"https:\/\/ecoanimalhealth.com\/pt\/wp-json\/wp\/v2\/comments?post=8642"}],"version-history":[{"count":0,"href":"https:\/\/ecoanimalhealth.com\/pt\/wp-json\/wp\/v2\/pages\/8642\/revisions"}],"wp:attachment":[{"href":"https:\/\/ecoanimalhealth.com\/pt\/wp-json\/wp\/v2\/media?parent=8642"}],"curies":[{"name":"wp","href":"https:\/\/api.w.org\/{rel}","templated":true}]}}