{"id":8646,"date":"2023-09-14T11:20:29","date_gmt":"2023-09-14T10:20:29","guid":{"rendered":"https:\/\/ecoanimalhealth.com\/sitemap\/"},"modified":"2025-02-22T14:33:36","modified_gmt":"2025-02-22T14:33:36","slug":"sitemap","status":"publish","type":"page","link":"https:\/\/ecoanimalhealth.com\/pt\/sitemap\/","title":{"rendered":"Mapa do site"},"content":{"rendered":"\n<section class=\"hero-small-section\">\n\t<div class=\"container\">\n\t\t<div class=\"row\">\n\n\t\t\t<div class=\"col-12 col-md-6 title-side waypoint\">\n\t\t\t\t\n\t\t\t\t\t\t\t\t<h2>Mapa do site<\/h2>\n\t\t\t\t\t\t\t<\/div>\n\n\t\t\t<div class=\"col-12 col-md-6 image-side waypoint\">\n\t\t\t\t<div class=\"img-con full-bg\" style=\"background-image:url(https:\/\/ecoanimalhealth.com\/wp-content\/uploads\/2023\/07\/green_shape-1-1366x270.png);\"><\/div>\n\t\t\t<\/div>\n\t\t<\/div>\n\t<\/div>\n<\/section>\n\n\n<section class=\"spacer-section large light-grey\">\n<\/section>\n\n\n<section class=\"sitemap\">\n    <div class=\"container\">\n        <div class=\"row\">\n            <div class=\"col-12 col-md-9 map-side waypoint\">\n                <ul>\n                                            <li>\n                            <a href=\"https:\/\/ecoanimalhealth.com\/pt\/\">P\u00e1gina inicial<\/a>\n                                                    <\/li>\n                                            <li>\n                            <a href=\"https:\/\/ecoanimalhealth.com\/pt\/about-us\/\">Sobre n\u00f3s<\/a>\n                                                            <ul>\n                                                                            <li>\n                                            <a href=\"https:\/\/ecoanimalhealth.com\/pt\/about-us\/history\/\">Hist\u00f3ria<\/a>\n                                        <\/li>\n                                                                            <li>\n                                            <a href=\"https:\/\/ecoanimalhealth.com\/pt\/about-us\/leadership\/\">Lideran\u00e7a<\/a>\n                                        <\/li>\n                                                                            <li>\n                                            <a href=\"https:\/\/ecoanimalhealth.com\/pt\/about-us\/global-presence\/\">Presen\u00e7a global<\/a>\n                                        <\/li>\n                                                                    <\/ul>\n                                                    <\/li>\n                                            <li>\n                            <a href=\"https:\/\/ecoanimalhealth.com\/pt\/solutions_innovation\/\">Solu\u00e7\u00f5es e Inova\u00e7\u00e3o<\/a>\n                                                            <ul>\n                                                                            <li>\n                                            <a href=\"https:\/\/ecoanimalhealth.com\/pt\/solutions\/new-products\/\">Novos Produtos Inovadores<\/a>\n                                        <\/li>\n                                                                            <li>\n                                            <a href=\"https:\/\/ecoanimalhealth.com\/pt\/solutions\/the-aivlosin-solution\/\">Solu\u00e7\u00f5es Aivlosin<sup>\u00ae<\/sup>\/Valosin<sup>\u00ae<\/sup><\/a>\n                                        <\/li>\n                                                                            <li>\n                                            <a href=\"https:\/\/ecoanimalhealth.com\/pt\/solutions\/parasite-solutions\/\">Solu\u00e7\u00f5es para Parasitas<\/a>\n                                        <\/li>\n                                                                    <\/ul>\n                                                    <\/li>\n                                            <li>\n                            <a href=\"https:\/\/ecoanimalhealth.com\/pt\/sustainability\/\">Sustentabilidade<\/a>\n                                                    <\/li>\n                                            <li>\n                            <a href=\"https:\/\/ecoanimalhealth.com\/pt\/investors\/\">Investidores<\/a>\n                                                            <ul>\n                                                                            <li>\n                                            <a href=\"https:\/\/ecoanimalhealth.com\/pt\/investors\/faqs\/\">Perguntas frequentes<\/a>\n                                        <\/li>\n                                                                    <\/ul>\n                                                    <\/li>\n                                            <li>\n                            <a href=\"https:\/\/ecoanimalhealth.com\/pt\/news\/\">Not\u00edcias<\/a>\n                                                    <\/li>\n                                            <li>\n                            <a href=\"https:\/\/ecoanimalhealth.com\/pt\/contact-us\/\">Contate-nos<\/a>\n                                                    <\/li>\n                                            <li>\n                            <a href=\"https:\/\/ecoanimalhealth.com\/pt\/privacy-policy\/\">Pol\u00edtica de privacidade<\/a>\n                                                    <\/li>\n                                            <li>\n                            <a href=\"https:\/\/ecoanimalhealth.com\/pt\/accessibility\/\">Acessibilidade<\/a>\n                                                    <\/li>\n                                            <li>\n                            <a href=\"https:\/\/ecoanimalhealth.com\/pt\/disclaimer\/\">Isen\u00e7\u00e3o de responsabilidade<\/a>\n                                                    <\/li>\n                                            <li>\n                            <a href=\"https:\/\/ecoanimalhealth.com\/pt\/modern-slavery-act-2015-statement\/\">Declara\u00e7\u00e3o da Lei de Escravid\u00e3o Moderna de 2015<\/a>\n                                                    <\/li>\n                                    <\/ul>\n            <\/div>\n        <\/div>\n    <\/div>\n<\/section>\n\n\n<section class=\"spacer-section large light-grey\">\n<\/section>","protected":false},"excerpt":{"rendered":"","protected":false},"author":2,"featured_media":0,"parent":0,"menu_order":12,"comment_status":"closed","ping_status":"closed","template":"","meta":{"_searchwp_excluded":"1","inline_featured_image":false,"footnotes":""},"class_list":["post-8646","page","type-page","status-publish","hentry"],"acf":[],"yoast_head":"<!-- This site is optimized with the Yoast SEO plugin v21.3 - https:\/\/yoast.com\/wordpress\/plugins\/seo\/ -->\n<title>Mapa do site - ECO Animal Health<\/title>\n<meta name=\"robots\" content=\"index, follow, max-snippet:-1, max-image-preview:large, max-video-preview:-1\" \/>\n<link rel=\"canonical\" href=\"https:\/\/ecoanimalhealth.com\/pt\/sitemap\/\" \/>\n<meta property=\"og:locale\" content=\"pt_PT\" \/>\n<meta property=\"og:type\" content=\"article\" \/>\n<meta property=\"og:title\" content=\"Mapa do site - ECO Animal Health\" \/>\n<meta property=\"og:url\" content=\"https:\/\/ecoanimalhealth.com\/pt\/sitemap\/\" \/>\n<meta property=\"og:site_name\" content=\"ECO Animal Health\" \/>\n<meta property=\"article:modified_time\" content=\"2025-02-22T14:33:36+00:00\" \/>\n<meta name=\"twitter:card\" content=\"summary_large_image\" \/>\n<script type=\"application\/ld+json\" class=\"yoast-schema-graph\">{\"@context\":\"https:\/\/schema.org\",\"@graph\":[{\"@type\":\"WebPage\",\"@id\":\"https:\/\/ecoanimalhealth.com\/pt\/sitemap\/\",\"url\":\"https:\/\/ecoanimalhealth.com\/pt\/sitemap\/\",\"name\":\"Mapa do site - ECO Animal Health\",\"isPartOf\":{\"@id\":\"https:\/\/ecoanimalhealth.com\/#website\"},\"datePublished\":\"2023-09-14T10:20:29+00:00\",\"dateModified\":\"2025-02-22T14:33:36+00:00\",\"inLanguage\":\"pt\",\"potentialAction\":[{\"@type\":\"ReadAction\",\"target\":[\"https:\/\/ecoanimalhealth.com\/pt\/sitemap\/\"]}]},{\"@type\":\"WebSite\",\"@id\":\"https:\/\/ecoanimalhealth.com\/#website\",\"url\":\"https:\/\/ecoanimalhealth.com\/\",\"name\":\"ECO Animal Health\",\"description\":\"\",\"potentialAction\":[{\"@type\":\"SearchAction\",\"target\":{\"@type\":\"EntryPoint\",\"urlTemplate\":\"https:\/\/ecoanimalhealth.com\/?s={search_term_string}\"},\"query-input\":\"required name=search_term_string\"}],\"inLanguage\":\"pt\"}]}<\/script>\n<!-- \/ Yoast SEO plugin. -->","yoast_head_json":{"title":"Mapa do site - ECO Animal Health","robots":{"index":"index","follow":"follow","max-snippet":"max-snippet:-1","max-image-preview":"max-image-preview:large","max-video-preview":"max-video-preview:-1"},"canonical":"https:\/\/ecoanimalhealth.com\/pt\/sitemap\/","og_locale":"pt_PT","og_type":"article","og_title":"Mapa do site - ECO Animal Health","og_url":"https:\/\/ecoanimalhealth.com\/pt\/sitemap\/","og_site_name":"ECO Animal Health","article_modified_time":"2025-02-22T14:33:36+00:00","twitter_card":"summary_large_image","schema":{"@context":"https:\/\/schema.org","@graph":[{"@type":"WebPage","@id":"https:\/\/ecoanimalhealth.com\/pt\/sitemap\/","url":"https:\/\/ecoanimalhealth.com\/pt\/sitemap\/","name":"Mapa do site - ECO Animal Health","isPartOf":{"@id":"https:\/\/ecoanimalhealth.com\/#website"},"datePublished":"2023-09-14T10:20:29+00:00","dateModified":"2025-02-22T14:33:36+00:00","inLanguage":"pt","potentialAction":[{"@type":"ReadAction","target":["https:\/\/ecoanimalhealth.com\/pt\/sitemap\/"]}]},{"@type":"WebSite","@id":"https:\/\/ecoanimalhealth.com\/#website","url":"https:\/\/ecoanimalhealth.com\/","name":"ECO Animal Health","description":"","potentialAction":[{"@type":"SearchAction","target":{"@type":"EntryPoint","urlTemplate":"https:\/\/ecoanimalhealth.com\/?s={search_term_string}"},"query-input":"required name=search_term_string"}],"inLanguage":"pt"}]}},"_links":{"self":[{"href":"https:\/\/ecoanimalhealth.com\/pt\/wp-json\/wp\/v2\/pages\/8646","targetHints":{"allow":["GET"]}}],"collection":[{"href":"https:\/\/ecoanimalhealth.com\/pt\/wp-json\/wp\/v2\/pages"}],"about":[{"href":"https:\/\/ecoanimalhealth.com\/pt\/wp-json\/wp\/v2\/types\/page"}],"author":[{"embeddable":true,"href":"https:\/\/ecoanimalhealth.com\/pt\/wp-json\/wp\/v2\/users\/2"}],"replies":[{"embeddable":true,"href":"https:\/\/ecoanimalhealth.com\/pt\/wp-json\/wp\/v2\/comments?post=8646"}],"version-history":[{"count":0,"href":"https:\/\/ecoanimalhealth.com\/pt\/wp-json\/wp\/v2\/pages\/8646\/revisions"}],"wp:attachment":[{"href":"https:\/\/ecoanimalhealth.com\/pt\/wp-json\/wp\/v2\/media?parent=8646"}],"curies":[{"name":"wp","href":"https:\/\/api.w.org\/{rel}","templated":true}]}}